{"id":9230,"date":"2018-01-31T12:45:33","date_gmt":"2018-01-31T15:45:33","guid":{"rendered":"http:\/\/ppgcc.ifce.edu.br\/?page_id=9230"},"modified":"2018-01-31T12:48:57","modified_gmt":"2018-01-31T15:48:57","slug":"processo-seletivo-bolsa-pos-doutorado-2018-1","status":"publish","type":"page","link":"https:\/\/ppgcc.ifce.edu.br\/?page_id=9230","title":{"rendered":"Processo Seletivo &#8211; Bolsa P\u00f3s-Doutorado &#8211; 2018.1"},"content":{"rendered":"<p style=\"color: #454c43;\"><span style=\"color: #000000;\"><strong>INFORMA\u00c7\u00d5ES GERAIS<\/strong><\/span><\/p>\n<p>Estamos com <b>uma<\/b> vaga para p\u00f3s-doutorado no <b>Programa de P\u00f3s-Gradua\u00e7\u00e3o em Ci\u00eancia da Computa\u00e7\u00e3o<\/b> do Instituto Federal do Cear\u00e1 (IFCE).<\/p>\n<p>Favor manifestar interesse at\u00e9\u00a0<b>Sexta-feira, 19<\/b><b>\/02\/2018<\/b>.<\/p>\n<ul>\n<li><b>Requisito:<\/b>\u00a0Doutorado em Ci\u00eancia da Computa\u00e7\u00e3o, Engenharia da Computa\u00e7\u00e3o, Inform\u00e1tica ou em \u00e1reas relacionadas \u00e0 \u00e1rea de Ci\u00eancia da Computa\u00e7\u00e3o.<\/li>\n<li><b>Remunera\u00e7\u00e3o:<\/b> R$ 4.100,00 (Mensalidade).<\/li>\n<li><b>Dura\u00e7\u00e3o:<\/b> 12 meses com possibilidade de extens\u00e3o.<\/li>\n<li><b>Extras:<\/b>\u00a0Aux\u00edlio para participa\u00e7\u00e3o em eventos cient\u00edficos e possibilidade de intera\u00e7\u00e3o\/colabora\u00e7\u00e3o com diversos grupos de pesquisa na academia e na ind\u00fastria.<\/li>\n<li><b>In\u00edcio Previsto:\u00a0<\/b>01\/03\/2018<\/li>\n<li><b>\u00c1reas poss\u00edveis de atua\u00e7\u00e3o:<\/b>\n<ul>\n<li>Intelig\u00eancia Artificial<\/li>\n<li>Processamento de Imagens e Sinais<\/li>\n<li>Internet of Things<\/li>\n<li>Redes de Computadores e Sistemas Distribu\u00eddos<\/li>\n<li>Sistemas Embarcados<\/li>\n<\/ul>\n<\/li>\n<\/ul>\n<p>Para os interessados, pe\u00e7o que acessem o formul\u00e1rio de inscri\u00e7\u00e3o no link: <strong><a href=\"http:\/\/ppgcc.ifce.edu.br\/?page_id=9231\">clique aqui para acessar<\/a><\/strong>.<\/p>\n<div style=\"color: #454c43;\"><\/div>\n<div style=\"color: #454c43;\">Esteja atento aos seguintes pontos:<\/div>\n<ul>\n<li><strong>N\u00e3o h\u00e1 taxa de inscri\u00e7\u00e3o<\/strong><\/li>\n<li><span style=\"text-decoration: underline;\"><strong>O bolsista de p\u00f3s-doutorado ficar\u00e1 alocado em um dos laborat\u00f3rios do PPGCC\/IFCE que fica no IFCE Fortaleza.<\/strong><\/span><\/li>\n<li><strong>Quest\u00f5es podem ser enviadas ao email\u00a0do programa pelo formul\u00e1rio de contato (<a href=\"http:\/\/ppgcc.ifce.edu.br\/?page_id=16\">clique aqui para acessar<\/a>) ou para o email coord@ppgcc.ifce.edu.br.<\/strong><\/li>\n<\/ul>\n","protected":false},"excerpt":{"rendered":"<p>INFORMA\u00c7\u00d5ES GERAIS Estamos com uma vaga para p\u00f3s-doutorado no Programa de P\u00f3s-Gradua\u00e7\u00e3o em Ci\u00eancia da Computa\u00e7\u00e3o do Instituto Federal do Cear\u00e1 (IFCE). Favor manifestar interesse at\u00e9\u00a0Sexta-feira, 19\/02\/2018. Requisito:\u00a0Doutorado em Ci\u00eancia da Computa\u00e7\u00e3o, Engenharia da Computa\u00e7\u00e3o, Inform\u00e1tica ou em \u00e1reas relacionadas \u00e0 \u00e1rea de Ci\u00eancia da Computa\u00e7\u00e3o. Remunera\u00e7\u00e3o: R$ 4.100,00 (Mensalidade). Dura\u00e7\u00e3o: 12 meses com possibilidade [&hellip;]<\/p>\n","protected":false},"author":13,"featured_media":0,"parent":14,"menu_order":0,"comment_status":"closed","ping_status":"closed","template":"","meta":{"footnotes":""},"class_list":["post-9230","page","type-page","status-publish","hentry"],"_links":{"self":[{"href":"https:\/\/ppgcc.ifce.edu.br\/index.php?rest_route=\/wp\/v2\/pages\/9230","targetHints":{"allow":["GET"]}}],"collection":[{"href":"https:\/\/ppgcc.ifce.edu.br\/index.php?rest_route=\/wp\/v2\/pages"}],"about":[{"href":"https:\/\/ppgcc.ifce.edu.br\/index.php?rest_route=\/wp\/v2\/types\/page"}],"author":[{"embeddable":true,"href":"https:\/\/ppgcc.ifce.edu.br\/index.php?rest_route=\/wp\/v2\/users\/13"}],"replies":[{"embeddable":true,"href":"https:\/\/ppgcc.ifce.edu.br\/index.php?rest_route=%2Fwp%2Fv2%2Fcomments&post=9230"}],"version-history":[{"count":3,"href":"https:\/\/ppgcc.ifce.edu.br\/index.php?rest_route=\/wp\/v2\/pages\/9230\/revisions"}],"predecessor-version":[{"id":9236,"href":"https:\/\/ppgcc.ifce.edu.br\/index.php?rest_route=\/wp\/v2\/pages\/9230\/revisions\/9236"}],"up":[{"embeddable":true,"href":"https:\/\/ppgcc.ifce.edu.br\/index.php?rest_route=\/wp\/v2\/pages\/14"}],"wp:attachment":[{"href":"https:\/\/ppgcc.ifce.edu.br\/index.php?rest_route=%2Fwp%2Fv2%2Fmedia&parent=9230"}],"curies":[{"name":"wp","href":"https:\/\/api.w.org\/{rel}","templated":true}]}}