{"id":8969,"date":"2018-01-27T13:26:58","date_gmt":"2018-01-27T16:26:58","guid":{"rendered":"http:\/\/ppgcc.ifce.edu.br\/?page_id=8969"},"modified":"2019-02-04T22:32:22","modified_gmt":"2019-02-05T01:32:22","slug":"calendario-2018-1","status":"publish","type":"page","link":"https:\/\/ppgcc.ifce.edu.br\/?page_id=8969","title":{"rendered":"Calend\u00e1rio 2019.1"},"content":{"rendered":"<h2>Calend\u00e1rio Letivo do PPGCC &#8211; IFCE &#8211; Semestre Letivo 2019.1<\/h2>\n<hr \/>\n<ul>\n<li>4 de Fevereiro\/2019 &#8211; Divulga\u00e7\u00e3o da oferta de Disciplinas 2019.1<\/li>\n<li>4 a 18 de Fevereiro\/2019 &#8211; Per\u00edodo para se reunir com orientador, escolher as disciplinas e tra\u00e7ar objetivos de 2019.1<\/li>\n<li>19 a 22 de Fevereiro\/2019 &#8211;\u00a0Matr\u00edculas de alunos novatos\/veteranos<\/li>\n<li>28 de Fevereiro\/2019 &#8211; Fim do per\u00edodo para defesa de disserta\u00e7\u00e3o 24 meses para turma 2017.1<\/li>\n<li>28 de Fevereiro\/2019 &#8211; Fim do per\u00edodo para Qualifica\u00e7\u00e3o &#8211;\u00a018\u00a0meses para turma 2017.2<\/li>\n<li>11 de Mar\u00e7o\/2019 &#8211; Inicio das aulas<\/li>\n<li>11 a 13 de Abril\/2019 &#8211; Per\u00edodo de ajuste de matr\u00edculas de alunos novatos\/veteranos<\/li>\n<li>28 de Junho\/2019 &#8211; Fim do Semestre 2019.1<\/li>\n<\/ul>\n","protected":false},"excerpt":{"rendered":"<p>Calend\u00e1rio Letivo do PPGCC &#8211; IFCE &#8211; Semestre Letivo 2019.1 4 de Fevereiro\/2019 &#8211; Divulga\u00e7\u00e3o da oferta de Disciplinas 2019.1 4 a 18 de Fevereiro\/2019 &#8211; Per\u00edodo para se reunir com orientador, escolher as disciplinas e tra\u00e7ar objetivos de 2019.1 19 a 22 de Fevereiro\/2019 &#8211;\u00a0Matr\u00edculas de alunos novatos\/veteranos 28 de Fevereiro\/2019 &#8211; Fim do [&hellip;]<\/p>\n","protected":false},"author":13,"featured_media":0,"parent":791,"menu_order":0,"comment_status":"closed","ping_status":"closed","template":"","meta":{"footnotes":""},"class_list":["post-8969","page","type-page","status-publish","hentry"],"_links":{"self":[{"href":"https:\/\/ppgcc.ifce.edu.br\/index.php?rest_route=\/wp\/v2\/pages\/8969","targetHints":{"allow":["GET"]}}],"collection":[{"href":"https:\/\/ppgcc.ifce.edu.br\/index.php?rest_route=\/wp\/v2\/pages"}],"about":[{"href":"https:\/\/ppgcc.ifce.edu.br\/index.php?rest_route=\/wp\/v2\/types\/page"}],"author":[{"embeddable":true,"href":"https:\/\/ppgcc.ifce.edu.br\/index.php?rest_route=\/wp\/v2\/users\/13"}],"replies":[{"embeddable":true,"href":"https:\/\/ppgcc.ifce.edu.br\/index.php?rest_route=%2Fwp%2Fv2%2Fcomments&post=8969"}],"version-history":[{"count":6,"href":"https:\/\/ppgcc.ifce.edu.br\/index.php?rest_route=\/wp\/v2\/pages\/8969\/revisions"}],"predecessor-version":[{"id":16009,"href":"https:\/\/ppgcc.ifce.edu.br\/index.php?rest_route=\/wp\/v2\/pages\/8969\/revisions\/16009"}],"up":[{"embeddable":true,"href":"https:\/\/ppgcc.ifce.edu.br\/index.php?rest_route=\/wp\/v2\/pages\/791"}],"wp:attachment":[{"href":"https:\/\/ppgcc.ifce.edu.br\/index.php?rest_route=%2Fwp%2Fv2%2Fmedia&parent=8969"}],"curies":[{"name":"wp","href":"https:\/\/api.w.org\/{rel}","templated":true}]}}