{"id":791,"date":"2017-01-15T11:14:04","date_gmt":"2017-01-15T14:14:04","guid":{"rendered":"http:\/\/ppgcc.ifce.edu.br\/?page_id=791"},"modified":"2026-02-18T22:35:26","modified_gmt":"2026-02-19T01:35:26","slug":"calendarios","status":"publish","type":"page","link":"https:\/\/ppgcc.ifce.edu.br\/?page_id=791","title":{"rendered":"Oferta e Calend\u00e1rio Letivo"},"content":{"rendered":"<p>A tabela abaixo apresenta a oferta para o semestre corrente. Verifique se a disciplina que consta no seu planejamento ser\u00e1 ofertada.<\/p>\n<ul>\n<li>Entre em contato com seu <strong>orientador(a)<\/strong> se houver necessidade de modifica\u00e7\u00e3o da oferta, seja para incluir disciplinas ou problemas como choque de hor\u00e1rios. O <strong>orientador(a)<\/strong> dever\u00e1 entrar em contato com a coordena\u00e7\u00e3o para sugerir as modifica\u00e7\u00f5es.<\/li>\n<li>Os hor\u00e1rios e locais s\u00e3o definidos pelos docentes das disciplinas ofertadas. Fique atento(a) a disciplinas ofertadas no campus Maracana\u00fa.<\/li>\n<\/ul>\n<blockquote>\n<p>Enquanto estiver em\u00a0<strong>previs\u00e3o<\/strong>, as datas, os hor\u00e1rios, os locais e as disciplinas ofertadas poder\u00e3o mudar sem aviso pr\u00e9vio.<\/p>\n<p>TODAS as disciplinas s\u00e3o de <strong>4h por semana<\/strong>.\u00a0<\/p>\n<p>Fique atentento(a) aos <strong>choques de hor\u00e1rio.<\/strong>\u00a0<\/p>\n<\/blockquote>\n<hr \/>\n<p>**<\/p>\n\n\n<iframe loading=\"lazy\" width=\"640\" height=\"800\" src=\"https:\/\/docs.google.com\/spreadsheets\/d\/e\/2PACX-1vQQOFzfQ50pcibYCK9fbOY4LtFuZvJeffYfYFRex-YD_YnY0oufX7oyM4GbbsNPgvh9AJGKFpkRtsDH\/pubhtml?gid=1586345581&amp;single=true&amp;widget=true&amp;headers=false\"><\/iframe>\n","protected":false},"excerpt":{"rendered":"<p>A tabela abaixo apresenta a oferta para o semestre corrente. Verifique se a disciplina que consta no seu planejamento ser\u00e1 ofertada. Entre em contato com seu orientador(a) se houver necessidade de modifica\u00e7\u00e3o da oferta, seja para incluir disciplinas ou problemas como choque de hor\u00e1rios. O orientador(a) dever\u00e1 entrar em contato com a coordena\u00e7\u00e3o para sugerir [&hellip;]<\/p>\n","protected":false},"author":13,"featured_media":0,"parent":0,"menu_order":0,"comment_status":"closed","ping_status":"closed","template":"","meta":{"footnotes":""},"class_list":["post-791","page","type-page","status-publish","hentry"],"_links":{"self":[{"href":"https:\/\/ppgcc.ifce.edu.br\/index.php?rest_route=\/wp\/v2\/pages\/791","targetHints":{"allow":["GET"]}}],"collection":[{"href":"https:\/\/ppgcc.ifce.edu.br\/index.php?rest_route=\/wp\/v2\/pages"}],"about":[{"href":"https:\/\/ppgcc.ifce.edu.br\/index.php?rest_route=\/wp\/v2\/types\/page"}],"author":[{"embeddable":true,"href":"https:\/\/ppgcc.ifce.edu.br\/index.php?rest_route=\/wp\/v2\/users\/13"}],"replies":[{"embeddable":true,"href":"https:\/\/ppgcc.ifce.edu.br\/index.php?rest_route=%2Fwp%2Fv2%2Fcomments&post=791"}],"version-history":[{"count":32,"href":"https:\/\/ppgcc.ifce.edu.br\/index.php?rest_route=\/wp\/v2\/pages\/791\/revisions"}],"predecessor-version":[{"id":19038,"href":"https:\/\/ppgcc.ifce.edu.br\/index.php?rest_route=\/wp\/v2\/pages\/791\/revisions\/19038"}],"wp:attachment":[{"href":"https:\/\/ppgcc.ifce.edu.br\/index.php?rest_route=%2Fwp%2Fv2%2Fmedia&parent=791"}],"curies":[{"name":"wp","href":"https:\/\/api.w.org\/{rel}","templated":true}]}}