{"id":750,"date":"2016-11-25T09:49:02","date_gmt":"2016-11-25T12:49:02","guid":{"rendered":"http:\/\/ppgcc.ifce.edu.br\/?page_id=750"},"modified":"2022-02-23T08:42:17","modified_gmt":"2022-02-23T11:42:17","slug":"qualis-capes","status":"publish","type":"page","link":"https:\/\/ppgcc.ifce.edu.br\/?page_id=750","title":{"rendered":"Qualis &#8211; CAPES"},"content":{"rendered":"<blockquote>\n<p>A \u00e1rea de Ci\u00eancia da Computa\u00e7\u00e3o considera alguns congressos com conceito equivalente a peri\u00f3dicos.<\/p>\n<\/blockquote>\n\n\n<ul class=\"wp-block-list\"><li><a href=\"https:\/\/sucupira.capes.gov.br\/sucupira\/public\/consultas\/coleta\/veiculoPublicacaoQualis\/listaConsultaGeralPeriodicos.jsf\">Qualis Peri\u00f3dicos<\/a> (oficial CAPES)<\/li><li><a href=\"https:\/\/www.gov.br\/capesimages\/documentos\/Qualis_periodicos_2016\/Qualis_conferencia_ccomp.pdf\">Qualis CC &#8211; Confer\u00eancias 2016<\/a><\/li><li><a href=\"https:\/\/qualis.ic.ufmt.br\">Qualis Confer\u00eancias\/Peri\u00f3dicos 2015 UFMT (extra-oficial)<\/a><\/li><li><a href=\"https:\/\/ppgcc.github.io\/discentesPPGCC\/pt-BR\/qualis\/\">Qualis PPGCC<\/a><\/li><\/ul>\n\n\n\n<p><\/p>\n","protected":false},"excerpt":{"rendered":"<p>A \u00e1rea de Ci\u00eancia da Computa\u00e7\u00e3o considera alguns congressos com conceito equivalente a peri\u00f3dicos. Qualis Peri\u00f3dicos (oficial CAPES) Qualis CC &#8211; Confer\u00eancias 2016 Qualis Confer\u00eancias\/Peri\u00f3dicos 2015 UFMT (extra-oficial) Qualis PPGCC<\/p>\n","protected":false},"author":13,"featured_media":0,"parent":14,"menu_order":0,"comment_status":"closed","ping_status":"closed","template":"","meta":{"footnotes":""},"class_list":["post-750","page","type-page","status-publish","hentry"],"_links":{"self":[{"href":"https:\/\/ppgcc.ifce.edu.br\/index.php?rest_route=\/wp\/v2\/pages\/750","targetHints":{"allow":["GET"]}}],"collection":[{"href":"https:\/\/ppgcc.ifce.edu.br\/index.php?rest_route=\/wp\/v2\/pages"}],"about":[{"href":"https:\/\/ppgcc.ifce.edu.br\/index.php?rest_route=\/wp\/v2\/types\/page"}],"author":[{"embeddable":true,"href":"https:\/\/ppgcc.ifce.edu.br\/index.php?rest_route=\/wp\/v2\/users\/13"}],"replies":[{"embeddable":true,"href":"https:\/\/ppgcc.ifce.edu.br\/index.php?rest_route=%2Fwp%2Fv2%2Fcomments&post=750"}],"version-history":[{"count":4,"href":"https:\/\/ppgcc.ifce.edu.br\/index.php?rest_route=\/wp\/v2\/pages\/750\/revisions"}],"predecessor-version":[{"id":17288,"href":"https:\/\/ppgcc.ifce.edu.br\/index.php?rest_route=\/wp\/v2\/pages\/750\/revisions\/17288"}],"up":[{"embeddable":true,"href":"https:\/\/ppgcc.ifce.edu.br\/index.php?rest_route=\/wp\/v2\/pages\/14"}],"wp:attachment":[{"href":"https:\/\/ppgcc.ifce.edu.br\/index.php?rest_route=%2Fwp%2Fv2%2Fmedia&parent=750"}],"curies":[{"name":"wp","href":"https:\/\/api.w.org\/{rel}","templated":true}]}}