{"id":735,"date":"2016-11-24T23:30:23","date_gmt":"2016-11-25T02:30:23","guid":{"rendered":"http:\/\/ppgcc.ifce.edu.br\/?page_id=735"},"modified":"2017-03-31T11:05:04","modified_gmt":"2017-03-31T14:05:04","slug":"dissertacoes-defendidas","status":"publish","type":"page","link":"https:\/\/ppgcc.ifce.edu.br\/?page_id=735","title":{"rendered":"Disserta\u00e7\u00f5es defendidas"},"content":{"rendered":"<p style=\"text-align: center;\"><strong>2017<\/strong><\/p>\n<hr \/>\n<p><strong>Defesa N\u00famero 13:\u00a0<\/strong><\/p>\n<p><strong>T\u00edtulo:<\/strong> M\u00e1quinas de Vetores-Suporte de M\u00ednimos Quadrados Podadas Via M\u00e9todos de Regress\u00e3o Esparsos<\/p>\n<p><strong>Aluno:<\/strong> David Clifte da Silva Vieira<\/p>\n<p><strong>Orientador:<\/strong> Antonio Wendell de Oliveira Rodrigues<\/p>\n<p><strong>Linha de pesquisa:<\/strong>\u00a0Engenharia de Software<\/p>\n<p><strong>Ano:<\/strong>\u00a02017<\/p>\n<p><strong>Sitio on line para acesso:<\/strong>\u00a0(em\u00a0processamento pela biblioteca)<\/p>\n<hr \/>\n<p><strong>Defesa N\u00famero 12:\u00a0<\/strong><\/p>\n<p><strong>T\u00edtulo:<\/strong> PIPA: Um Sistema Gamificado De Avalia\u00e7\u00e3o Corporativa Utilizando o Modelo Learning Vectors<\/p>\n<p><strong>Aluno:<\/strong> Michelle Guerreiro Cacais Silva<\/p>\n<p><strong>Orientador:<\/strong>\u00a0Prof. Dr. Gilvandenys Leite Sales<\/p>\n<p><strong>Linha de pesquisa:<\/strong>\u00a0Computa\u00e7\u00e3o Aplicada<\/p>\n<p><strong>Ano:<\/strong>\u00a02017<\/p>\n<p><strong>Sitio on line para acesso:<\/strong>\u00a0(em\u00a0processamento pela biblioteca)<\/p>\n<hr \/>\n<p><strong>Defesa N\u00famero 11:\u00a0<\/strong><\/p>\n<p><strong>T\u00edtulo:<\/strong> Inspe\u00e7\u00e3o de usabilidade em ambiente virtual de aprendizagem<\/p>\n<p><strong>Aluno:<\/strong> Ana Bruna de Queiroz Pereira<\/p>\n<p><strong>Orientador:<\/strong> Profa. Dra.\u00a0Cassandra Ribeiro Joye<\/p>\n<p><strong>Linha de pesquisa:<\/strong>\u00a0Computa\u00e7\u00e3o Aplicada<\/p>\n<p><strong>Ano:<\/strong>\u00a02017<\/p>\n<p><strong>Sitio on line para acesso:<\/strong>\u00a0(em\u00a0processamento pela biblioteca)<\/p>\n<hr \/>\n<p><strong>Defesa N\u00famero 10:\u00a0<\/strong><\/p>\n<p><strong>T\u00edtulo:<\/strong> Uma proposta de Workflow para planejamento de curso on-line<\/p>\n<p><strong>Aluno:<\/strong> Silvana Carla Soares Correa<\/p>\n<p><strong>Orientador:<\/strong>\u00a0Profa. Dra.\u00a0Cassandra Ribeiro Joye<\/p>\n<p><strong>Linha de pesquisa:<\/strong>\u00a0Computa\u00e7\u00e3o Aplicada<\/p>\n<p><strong>Ano:<\/strong>\u00a02017<\/p>\n<p><strong>Sitio on line para acesso:<\/strong>\u00a0(em\u00a0processamento pela biblioteca)<\/p>\n<hr \/>\n<p><strong>Defesa N\u00famero 9:\u00a0<\/strong><\/p>\n<p><strong>T\u00edtulo:<\/strong> Plataforma NextSA\u00daDE &#8211; Uma solu\u00e7\u00e3o de interoperabilidade para a gest\u00e3o p\u00fablica de sa\u00fade baseada no padr\u00e3o OpenEHR<\/p>\n<p><strong>Aluno:<\/strong> Henrique Nogueira da Gama Mota<\/p>\n<p><strong>Orientador:<\/strong>\u00a0Prof. Dr. Antonio Mauro Barbosa de Oliveira<\/p>\n<p><strong>Linha de pesquisa:<\/strong>\u00a0Computa\u00e7\u00e3o Aplicada<\/p>\n<p><strong>Ano:<\/strong>\u00a02017<\/p>\n<p><strong>Sitio on line para acesso:<\/strong>\u00a0(em\u00a0processamento pela biblioteca)<\/p>\n<hr \/>\n<p><strong>Defesa N\u00famero 8:\u00a0<\/strong><\/p>\n<p><strong>T\u00edtulo:<\/strong> Novas t\u00e9cnicas baseadas em metaheur\u00edsticas para o treinamento de m\u00e1quinas de vetores suporte<\/p>\n<p><strong>Aluno:<\/strong> Madson Luiz Dantas Dias<\/p>\n<p><strong>Orientador:<\/strong>\u00a0Prof. Dr. Ajalmar R\u00eago da Rocha Neto<\/p>\n<p><strong>Linha de pesquisa:<\/strong>\u00a0Intelig\u00eancia Artificial<\/p>\n<p><strong>Ano:<\/strong>\u00a02017<\/p>\n<p><strong>Sitio on line para acesso:<\/strong>\u00a0(em\u00a0processamento pela biblioteca)<\/p>\n<hr \/>\n<p><strong>Defesa N\u00famero 7:\u00a0<\/strong><\/p>\n<p><strong>T\u00edtulo:<\/strong> MAURA: Um framework baseado em Mediador Sem\u00e2ntico para Constru\u00e7\u00e3o Eficiente de Linked Data Mashups<\/p>\n<p><strong>Aluno:<\/strong> Gabriel Martins Lopes Cavalcante<\/p>\n<p><strong>Orientador:<\/strong>\u00a0Prof. Dr. Antonio Mauro Barbosa de Oliveira<\/p>\n<p><strong>Linha de\u00a0pesquisa:<\/strong>\u00a0Computa\u00e7\u00e3o Aplicada<\/p>\n<p><strong>Ano:<\/strong>\u00a02017<\/p>\n<p><strong>Sitio\u00a0on line\u00a0para\u00a0acesso:<\/strong>\u00a0(em\u00a0processamento\u00a0pela\u00a0biblioteca)<\/p>\n<hr \/>\n<p><strong>Defesa N\u00famero 6:\u00a0<\/strong><\/p>\n<p><strong>T\u00edtulo:<\/strong> Alert-LV: Um sistema de monitoramento e apoio \u00e0 tutoria para suporte \u00e0 avalia\u00e7\u00e3o em ambientes virtuais de aprendizagem<\/p>\n<p><strong>Aluno:<\/strong> Francisco Adaias Gomes da Silva<\/p>\n<p><strong>Orientador:<\/strong>\u00a0Prof. Dr. Gilvandenys Leite Sales<\/p>\n<p><strong>Linha de pesquisa:<\/strong>\u00a0Computa\u00e7\u00e3o Aplicada<\/p>\n<p><strong>Ano:<\/strong>\u00a02017<\/p>\n<p><strong>Sitio on line para acesso:<\/strong>\u00a0(em\u00a0processamento pela biblioteca)<\/p>\n<hr \/>\n<p><strong>Defesa N\u00famero 5:\u00a0<\/strong><\/p>\n<p><strong>T\u00edtulo:<\/strong> Uma nova abordagem de classifica\u00e7\u00e3o com op\u00e7\u00e3o de rejei\u00e7\u00e3o para localiza\u00e7\u00e3o e navega\u00e7\u00e3o de rob\u00f4s m\u00f3veis em mapas topol\u00f3gicos utilizando imagens convencionais e omnidirecionais<\/p>\n<p><strong>Aluno:<\/strong> Leandro Bezerra Marinho<\/p>\n<p><strong>Orientador:<\/strong>\u00a0Prof. Dr. Pedro Pedrosa Rebou\u00e7as Filho<\/p>\n<p><strong>Linha de pesquisa:<\/strong>\u00a0Intelig\u00eancia Artificial<\/p>\n<p><strong>Ano:<\/strong>\u00a02017<\/p>\n<p><strong>Sitio on line para acesso:<\/strong>\u00a0(em\u00a0processamento pela biblioteca)<\/p>\n<hr \/>\n<p><strong>Defesa N\u00famero 4:\u00a0<\/strong><\/p>\n<p><strong>T\u00edtulo:<\/strong> Segmenta\u00e7\u00e3o de Vasos Sangu\u00edneos em Imagens de Fundo de Retina Baseado na Utiliza\u00e7\u00e3o de Extratores<\/p>\n<p><strong>Aluno:<\/strong> Jardel das Chagas Rodrigues<\/p>\n<p><strong>Orientador:<\/strong>\u00a0Prof. Dr. Francisco Nivando Bezerra<\/p>\n<p><strong>Linha de pesquisa:<\/strong>\u00a0Intelig\u00eancia Artificial<\/p>\n<p><strong>Ano:<\/strong>\u00a02017<\/p>\n<p><strong>Sitio on line para acesso:<\/strong>\u00a0(em\u00a0processamento pela biblioteca)<\/p>\n<hr \/>\n<p style=\"text-align: center;\"><strong>2016<\/strong><\/p>\n<hr \/>\n<p><strong>Defesa N\u00famero 3:\u00a0<\/strong><\/p>\n<p><strong>T\u00edtulo:<\/strong> Processo de prototipa\u00e7\u00e3o de um classificador neural embarcado para detec\u00e7\u00e3o de falhas em motores de indu\u00e7\u00e3o trif\u00e1sicos<\/p>\n<p><strong>Aluno:<\/strong> Renan Gomes Vieira<\/p>\n<p><strong>Orientador:<\/strong> Prof. Dr. Elias Teodoro da Silva J\u00fanior<\/p>\n<p><strong>Co-orientador:<\/strong>\u00a0Prof. Dr. Cl\u00e1udio Marques de S\u00e1 Medeiros<\/p>\n<p><strong>Linha de pesquisa:<\/strong>\u00a0Engenharia de Software<\/p>\n<p><strong>Ano:<\/strong>\u00a02016<\/p>\n<p><strong>Sitio on line para acesso:<\/strong>\u00a0(em\u00a0processamento pela biblioteca)\u00a0&#8211;\u00a0<a href=\"https:\/\/www.dropbox.com\/s\/10qjq1udo0esvjq\/003_Renan.pdf?dl=0\">Download PDF<\/a><\/p>\n<hr \/>\n<p><strong>Defesa N\u00famero 2:\u00a0<\/strong><\/p>\n<p><strong>T\u00edtulo:<\/strong>\u00a0Pesquisar para conhecer: modelagem de uma ferramenta de recursos informacionais.<\/p>\n<p><strong>Aluno:<\/strong>\u00a0Denyse Maria Borges Paes<\/p>\n<p><strong>Orientadora:<\/strong>\u00a0Profa. Dra.\u00a0Cassandra Ribeiro Joye<\/p>\n<p><strong>Linha de pesquisa:<\/strong>\u00a0Computa\u00e7\u00e3o Aplicada<\/p>\n<p><strong>Ano:<\/strong>\u00a02016<\/p>\n<p><strong>Sitio on line para acesso:<\/strong>\u00a0(em\u00a0processamento pela biblioteca)\u00a0&#8211;\u00a0<a href=\"https:\/\/www.dropbox.com\/s\/nhzfrr8azd7t7ft\/002_DENYSE%20MARIA%20BORGES%20PAES.pdf?dl=0\">Download PDF<\/a><\/p>\n<hr \/>\n<p><strong>Defesa N\u00famero 1:<\/strong><\/p>\n<p><strong>T\u00edtulo:<\/strong> An\u00e1lise de Densidade do Tecido Cerebral: Nova Abordagem para Extra\u00e7\u00e3o de Caracter\u00edsticas em Imagens de Tomografia Computadorizada do Cr\u00e2nio<\/p>\n<p><strong>Aluno:<\/strong>\u00a0R\u00f3ger Moura Sarmento<\/p>\n<p><strong>Orientador:<\/strong> Prof. Dr.\u00a0Pedro Pedrosa Rebou\u00e7as Filho<\/p>\n<p><strong>Linha de pesquisa:<\/strong> Intelig\u00eancia Artificial<\/p>\n<p><strong>Ano:<\/strong> 2016<\/p>\n<p><strong>Sitio on line para acesso:<\/strong>\u00a0(em processamento pela biblioteca) &#8211; <a href=\"https:\/\/www.dropbox.com\/s\/6f3gz35v1x27xm5\/001_Roger.pdf?dl=0\">Download PDF<\/a><\/p>\n","protected":false},"excerpt":{"rendered":"<p>2017 Defesa N\u00famero 13:\u00a0 T\u00edtulo: M\u00e1quinas de Vetores-Suporte de M\u00ednimos Quadrados Podadas Via M\u00e9todos de Regress\u00e3o Esparsos Aluno: David Clifte da Silva Vieira Orientador: Antonio Wendell de Oliveira Rodrigues Linha de pesquisa:\u00a0Engenharia de Software Ano:\u00a02017 Sitio on line para acesso:\u00a0(em\u00a0processamento pela biblioteca) Defesa N\u00famero 12:\u00a0 T\u00edtulo: PIPA: Um Sistema Gamificado De Avalia\u00e7\u00e3o Corporativa Utilizando o [&hellip;]<\/p>\n","protected":false},"author":13,"featured_media":0,"parent":8,"menu_order":0,"comment_status":"closed","ping_status":"closed","template":"","meta":{"footnotes":""},"class_list":["post-735","page","type-page","status-publish","hentry"],"_links":{"self":[{"href":"https:\/\/ppgcc.ifce.edu.br\/index.php?rest_route=\/wp\/v2\/pages\/735","targetHints":{"allow":["GET"]}}],"collection":[{"href":"https:\/\/ppgcc.ifce.edu.br\/index.php?rest_route=\/wp\/v2\/pages"}],"about":[{"href":"https:\/\/ppgcc.ifce.edu.br\/index.php?rest_route=\/wp\/v2\/types\/page"}],"author":[{"embeddable":true,"href":"https:\/\/ppgcc.ifce.edu.br\/index.php?rest_route=\/wp\/v2\/users\/13"}],"replies":[{"embeddable":true,"href":"https:\/\/ppgcc.ifce.edu.br\/index.php?rest_route=%2Fwp%2Fv2%2Fcomments&post=735"}],"version-history":[{"count":8,"href":"https:\/\/ppgcc.ifce.edu.br\/index.php?rest_route=\/wp\/v2\/pages\/735\/revisions"}],"predecessor-version":[{"id":976,"href":"https:\/\/ppgcc.ifce.edu.br\/index.php?rest_route=\/wp\/v2\/pages\/735\/revisions\/976"}],"up":[{"embeddable":true,"href":"https:\/\/ppgcc.ifce.edu.br\/index.php?rest_route=\/wp\/v2\/pages\/8"}],"wp:attachment":[{"href":"https:\/\/ppgcc.ifce.edu.br\/index.php?rest_route=%2Fwp%2Fv2%2Fmedia&parent=735"}],"curies":[{"name":"wp","href":"https:\/\/api.w.org\/{rel}","templated":true}]}}