{"id":731,"date":"2016-11-24T23:10:06","date_gmt":"2016-11-25T02:10:06","guid":{"rendered":"http:\/\/ppgcc.ifce.edu.br\/?page_id=731"},"modified":"2023-01-11T12:37:52","modified_gmt":"2023-01-11T15:37:52","slug":"avaliacao-do-curso","status":"publish","type":"page","link":"https:\/\/ppgcc.ifce.edu.br\/?page_id=731","title":{"rendered":"Avalia\u00e7\u00e3o do curso"},"content":{"rendered":"<p>O PPGCC \u00e9 um programa criado em 2014. Na avalia\u00e7\u00e3o mais recente, divulgada no final de 2022, recebeu da CAPES a nota <strong>4<\/strong>, que tem a\u00a0seguinte sistem\u00e1tica de avalia\u00e7\u00e3o:<\/p>\n<ul>\n<li>Notas s\u00e3o distribu\u00eddas entre 1 e 7 aos programas em avalia\u00e7\u00f5es trienais;<\/li>\n<li>Notas superiores a 5 somente s\u00e3o atribu\u00eddos a programas com elevado padr\u00e3o de excel\u00eancia e que tenham cursos de doutorado;<\/li>\n<li>Programas de nota 7 s\u00e3o aqueles com desempenho claramente destacado dos demais, inclusive dos de nota 6;<\/li>\n<li>Os programas que oferecem apenas cursos de mestrado podem obter, no m\u00e1ximo, nota 5;<\/li>\n<li>Os programas que receberem notas 1 e 2 deixam de ser recomendados pela CAPES;<\/li>\n<li>Os resultados das avalia\u00e7\u00f5es de todos os programas s\u00e3o encaminhados ao Conselho T\u00e9cnico Cient\u00edfico da Educa\u00e7\u00e3o Superior \u2013 CTC-ES, da Capes e ao Conselho Nacional de Educa\u00e7\u00e3o \u2013 CNE, para homologa\u00e7\u00e3o e, em seguida, ao Ministro de Estado da Educa\u00e7\u00e3o para o ato de reconhecimento que \u00e9 necessariamente publicado no Di\u00e1rio Oficial.<\/li>\n<\/ul>\n<p><strong>Mais informa\u00e7\u00f5es:<\/strong><\/p>\n<p><a title=\"CAPES: Avalia\u00e7\u00e3o da P\u00f3s-Gradua\u00e7\u00e3o\" href=\"http:\/\/www.capes.gov.br\/acessoainformacao\/perguntas-frequentes\/avaliacao-da-pos-graduacao\/7421-sobre-avaliacao-de-cursos\">http:\/\/www.capes.gov.br\/acessoainformacao\/perguntas-frequentes\/avaliacao-da-pos-graduacao\/7421-sobre-avaliacao-de-cursos<\/a><\/p>\n","protected":false},"excerpt":{"rendered":"<p>O PPGCC \u00e9 um programa criado em 2014. Na avalia\u00e7\u00e3o mais recente, divulgada no final de 2022, recebeu da CAPES a nota 4, que tem a\u00a0seguinte sistem\u00e1tica de avalia\u00e7\u00e3o: Notas s\u00e3o distribu\u00eddas entre 1 e 7 aos programas em avalia\u00e7\u00f5es trienais; Notas superiores a 5 somente s\u00e3o atribu\u00eddos a programas com elevado padr\u00e3o de excel\u00eancia [&hellip;]<\/p>\n","protected":false},"author":13,"featured_media":0,"parent":14,"menu_order":0,"comment_status":"closed","ping_status":"closed","template":"","meta":{"footnotes":""},"class_list":["post-731","page","type-page","status-publish","hentry"],"_links":{"self":[{"href":"https:\/\/ppgcc.ifce.edu.br\/index.php?rest_route=\/wp\/v2\/pages\/731","targetHints":{"allow":["GET"]}}],"collection":[{"href":"https:\/\/ppgcc.ifce.edu.br\/index.php?rest_route=\/wp\/v2\/pages"}],"about":[{"href":"https:\/\/ppgcc.ifce.edu.br\/index.php?rest_route=\/wp\/v2\/types\/page"}],"author":[{"embeddable":true,"href":"https:\/\/ppgcc.ifce.edu.br\/index.php?rest_route=\/wp\/v2\/users\/13"}],"replies":[{"embeddable":true,"href":"https:\/\/ppgcc.ifce.edu.br\/index.php?rest_route=%2Fwp%2Fv2%2Fcomments&post=731"}],"version-history":[{"count":3,"href":"https:\/\/ppgcc.ifce.edu.br\/index.php?rest_route=\/wp\/v2\/pages\/731\/revisions"}],"predecessor-version":[{"id":18400,"href":"https:\/\/ppgcc.ifce.edu.br\/index.php?rest_route=\/wp\/v2\/pages\/731\/revisions\/18400"}],"up":[{"embeddable":true,"href":"https:\/\/ppgcc.ifce.edu.br\/index.php?rest_route=\/wp\/v2\/pages\/14"}],"wp:attachment":[{"href":"https:\/\/ppgcc.ifce.edu.br\/index.php?rest_route=%2Fwp%2Fv2%2Fmedia&parent=731"}],"curies":[{"name":"wp","href":"https:\/\/api.w.org\/{rel}","templated":true}]}}