{"id":702,"date":"2016-11-24T21:18:04","date_gmt":"2016-11-25T00:18:04","guid":{"rendered":"http:\/\/ppgcc.ifce.edu.br\/?page_id=702"},"modified":"2025-06-10T15:57:16","modified_gmt":"2025-06-10T18:57:16","slug":"solicitacao-de-diploma","status":"publish","type":"page","link":"https:\/\/ppgcc.ifce.edu.br\/?page_id=702","title":{"rendered":"Diploma"},"content":{"rendered":"\n<hr class=\"wp-block-separator has-alpha-channel-opacity is-style-wide\"\/>\n\n\n\n<hr class=\"wp-block-separator has-alpha-channel-opacity\"\/>\n\n\n\n<p>O Programa de P\u00f3s-Gradua\u00e7\u00e3o em Ci\u00eancia da Computa\u00e7\u00e3o do IFCE segue as normas da biblioteca do campus Fortaleza (Biblioteca Engenheiro Waldyr Diogo de Siqueira), juntamente com os procedimentos da pr\u00f3-reitoria de ensino (PROEN) e da pr\u00f3-reitoria de pesquisa e inova\u00e7\u00e3o (PRPI). Sendo assim, segue abaixo os procedimentos e documentos necess\u00e1rios para solicita\u00e7\u00e3o do diploma.<\/p>\n\n\n\n<p>1 &#8211;&nbsp;O texto da disserta\u00e7\u00e3o deve seguir&nbsp;as orienta\u00e7\u00f5es estabelecidas nas normas brasileiras (NBRs) vigentes da Associa\u00e7\u00e3o Brasileira de Normas T\u00e9cnicas (ABNT). A coordena\u00e7\u00e3o indica usar modelo no LATEX para facilitar o cumprimento de tais normas (<a href=\"http:\/\/ppgcc.ifce.edu.br\/?attachment_id=704\">clique aqui para acessar o&nbsp;modelo<\/a>).<\/p>\n\n\n\n<p>2&nbsp;&#8211; No dia da defesa, a coordena\u00e7\u00e3o do PPGCC forneceu dois documentos (<strong>ata de defesa<\/strong> e <strong>folha de registro<\/strong> de aprova\u00e7\u00e3o da disserta\u00e7\u00e3o). Estes documentos devem ser preenchidos e assinados pelos membros da banca avaliadora da disserta\u00e7\u00e3o.<\/p>\n\n\n\n<p>3&nbsp;&#8211; Ap\u00f3s corrigir o texto com as sugest\u00f5es da banca avaliadora, o orientador deve emitir uma declara\u00e7\u00e3o que est\u00e1 de acordo com a vers\u00e3o final do texto. A <strong>declara\u00e7\u00e3o do orientador<\/strong> com parecer favor\u00e1vel ao texto final ser\u00e1 entregue juntamente com os demais documentos, no formul\u00e1rio. <div class='w3eden'><!-- WPDM Link Template: Default Template -->\n\n<div class=\"link-template-default card mb-2\">\n    <div class=\"card-body\">\n        <div class=\"media\">\n            <div class=\"mr-3 img-48\"><img decoding=\"async\" class=\"wpdm_icon\" alt=\"\u00edcone\" src=\"https:\/\/ppgcc.ifce.edu.br\/wp-content\/plugins\/download-manager\/assets\/file-type-icons\/doc.svg\" \/><\/div>\n            <div class=\"media-body\">\n                <h3 class=\"package-title\"><a href='https:\/\/ppgcc.ifce.edu.br\/?wpdmpro=modelo-aprovacao-dissertacao-final'>Modelo de aprova\u00e7\u00e3o do texto final da disserta\u00e7\u00e3o<\/a><\/h3>\n                <div class=\"text-muted text-small\"><i class=\"fas fa-copy\"><\/i> 1  arquivo(s) <i class=\"fas fa-hdd ml-3\"><\/i> 5.36 MB<\/div>\n            <\/div>\n            <div class=\"ml-3\">\n                <a class='wpdm-download-link download-on-click btn btn-primary ' rel='nofollow' href='#' data-downloadurl=\"https:\/\/ppgcc.ifce.edu.br\/?wpdmpro=modelo-aprovacao-dissertacao-final&wpdmdl=805&refresh=69d0a039ee0011775280185\">Download<\/a>\n            <\/div>\n        <\/div>\n    <\/div>\n<\/div>\n\n<\/div>\n\n\n\n<p>4&nbsp;&#8211; O&nbsp;aluno dever\u00e1 solicitar a ficha catalogr\u00e1fica, por meio de&nbsp;<strong>formul\u00e1rio eletr\u00f4nico da&nbsp;Biblioteca Engenheiro Waldyr Diogo de Siqueira do campus Fortaleza (<a href=\"https:\/\/ifce.edu.br\/proen\/bibliotecas\/entrega-de-trabalhos-academicos\">clique aqui<\/a>)<\/strong>, informando os seguintes dados: t\u00edtulo, introdu\u00e7\u00e3o, folha de rosto, resumo, sum\u00e1rio, autor, n\u00famero de p\u00e1ginas e orientador(a). <strong>A folha contendo a ficha catalogr\u00e1fica dever\u00e1 ser inserida ap\u00f3s a folha de rosto do trabalho acad\u00eamico.<\/strong>&nbsp;(quaisquer problemas, devem se dirigir diretamente \u00e0 biblioteca do campus Fortaleza &#8211; <a href=\"http:\/\/ifce.edu.br\/fortaleza\/menu\/biblioteca-waldyr-diogo-de-siqueira\">contatos<\/a>).<\/p>\n\n\n\n<p>5 &#8211; O aluno deve gerar e assinar, juntamente com seu orientador, o <span style=\"color: #0000ff;\"><a style=\"color: #0000ff;\" href=\"http:\/\/ifce.edu.br\/fortaleza\/menu\/biblioteca-waldyr-diogo-de-siqueira\/pdfs\/termo_de_autorizacao_para_publicacao_eletronica.pdf\"><strong>termo de autoriza\u00e7\u00e3o para publica\u00e7\u00e3o eletr\u00f4nica (clique aqui)<\/strong><\/a><\/span>.<\/p>\n\n\n\n<p>\u00a0<\/p>\n\n\n\n<p>O aluno pode solicitar o diploma OU pelo SEI (ver instru\u00e7\u00f5es abaixo) OU preencher formul\u00e1rio eletr\u00f4nico do PPGCC anexando os documentos l\u00e1 solicitados <strong><a href=\"http:\/\/ppgcc.ifce.edu.br\/?page_id=12425\">(<span style=\"color: #0000ff;\">Clique aqui para preencher formul\u00e1rio eletr\u00f4nico e entregar documenta\u00e7\u00e3o on-line<\/span>)<\/a>. <\/strong><\/p>\n\n\n\n<blockquote class=\"wp-block-quote is-layout-flow wp-block-quote-is-layout-flow\">\n<p>Antes de preencher o formul\u00e1rio, leia&nbsp;<a href=\"http:\/\/ppgcc.ifce.edu.br\/?page_id=697\">aqui<\/a> as instru\u00e7\u00f5es para o&nbsp;procedimento de solicita\u00e7\u00f5es do PPGCC.<\/p>\n<\/blockquote>\n\n\n\n<p><strong>Para preenchimento do formul\u00e1rio, o concludente deve estar de posse dos seguintes dados e arquivos:&nbsp;<\/strong><\/p>\n\n\n\n<ul class=\"wp-block-list\">\n<li>C\u00f3pia do RG<\/li>\n\n\n\n<li>C\u00f3pia do CPF<\/li>\n\n\n\n<li>C\u00f3pia da Certid\u00e3o de Quita\u00e7\u00e3o Eleitoral ou comprovante<\/li>\n\n\n\n<li>C\u00f3pia da Carteira de Reservista (para homens)<\/li>\n\n\n\n<li>Hist\u00f3rico Escolar (Q-acad\u00eamico)<\/li>\n\n\n\n<li>Ata de defesa assinada pela banca<\/li>\n\n\n\n<li>Declara\u00e7\u00e3o de aprova\u00e7\u00e3o do texto final pelo orientador<\/li>\n\n\n\n<li>Disserta\u00e7\u00e3o final no formato PDF, livre para c\u00f3pia e impress\u00e3o, sem prote\u00e7\u00e3o<\/li>\n\n\n\n<li>Termo de autoriza\u00e7\u00e3o de publica\u00e7\u00e3o eletr\u00f4nica<\/li>\n\n\n\n<li>Comprovante de aceite e artigo final, seguindo as normas do PPGCC. Este requerimento segue \u00e0 Resolu\u00e7\u00e3o Normativa 03 &#8211; PPGCC (<a href=\"http:\/\/ppgcc.ifce.edu.br\/?page_id=131\">clique aqui para acessar<\/a>);<\/li>\n\n\n\n<li>Comprovante de profici\u00eancia em l\u00edngua estrangeira (<a href=\"http:\/\/ppgcc.ifce.edu.br\/?page_id=777\">clique para visualizar exig\u00eancias<\/a>)<\/li>\n<\/ul>\n\n\n\n<p>&nbsp;<\/p>\n\n\n\n<hr class=\"wp-block-separator has-alpha-channel-opacity\"\/>\n\n\n\n<p>Voc\u00ea tamb\u00e9m pode <strong>iniciar o processo de entrega de Disserta\u00e7\u00e3o pelo SEI<\/strong> que deve incluir:<\/p>\n\n\n\n<p>a) Disserta\u00e7\u00e3o (.pdf) com <a href=\"https:\/\/ifce.edu.br\/proen\/bibliotecas\/entrega-de-trabalhos-academicos\">FICHA CATALOGR\u00c1FICA<\/a>\u00a0<br>b) Declara\u00e7\u00e3o de anu\u00eancia do orientador (.pdf) &#8211; item 3 acima<br>c) Recibo de Nada Consta da Biblioteca (.pdf)<br>d) Termo de Autoriza\u00e7\u00e3o para publica\u00e7\u00e3o eletr\u00f4nica preenchido e assinado (.pdf) &#8211; <a href=\"http:\/\/ifce.edu.br\/fortaleza\/menu\/biblioteca-waldyr-diogo-de-siqueira\/pdfs\/termo_de_autorizacao_para_publicacao_eletronica.pdf\">modelo<\/a><\/p>\n\n\n\n<p><strong>OBSERVA\u00c7\u00c3O: Esse processo deve ser encaminhado para SECPPG-FOR que despacha para coordena\u00e7\u00e3o do curso e depois \u00e9 que vai para a Biblioteca.<br>Quando a biblioteca enviar a DECLARA\u00c7\u00c3O DE VALIDA\u00c7\u00c3O DA SUBMISS\u00c3O DE DISSERTA\u00c7\u00c3O, a secretaria dar\u00e1 andamento aos demais procedimentos para emiss\u00e3o do&nbsp;diploma.<\/strong><\/p>\n","protected":false},"excerpt":{"rendered":"<p>O Programa de P\u00f3s-Gradua\u00e7\u00e3o em Ci\u00eancia da Computa\u00e7\u00e3o do IFCE segue as normas da biblioteca do campus Fortaleza (Biblioteca Engenheiro Waldyr Diogo de Siqueira), juntamente com os procedimentos da pr\u00f3-reitoria de ensino (PROEN) e da pr\u00f3-reitoria de pesquisa e inova\u00e7\u00e3o (PRPI). Sendo assim, segue abaixo os procedimentos e documentos necess\u00e1rios para solicita\u00e7\u00e3o do diploma. 1 [&hellip;]<\/p>\n","protected":false},"author":13,"featured_media":0,"parent":697,"menu_order":0,"comment_status":"closed","ping_status":"closed","template":"","meta":{"footnotes":""},"class_list":["post-702","page","type-page","status-publish","hentry"],"_links":{"self":[{"href":"https:\/\/ppgcc.ifce.edu.br\/index.php?rest_route=\/wp\/v2\/pages\/702","targetHints":{"allow":["GET"]}}],"collection":[{"href":"https:\/\/ppgcc.ifce.edu.br\/index.php?rest_route=\/wp\/v2\/pages"}],"about":[{"href":"https:\/\/ppgcc.ifce.edu.br\/index.php?rest_route=\/wp\/v2\/types\/page"}],"author":[{"embeddable":true,"href":"https:\/\/ppgcc.ifce.edu.br\/index.php?rest_route=\/wp\/v2\/users\/13"}],"replies":[{"embeddable":true,"href":"https:\/\/ppgcc.ifce.edu.br\/index.php?rest_route=%2Fwp%2Fv2%2Fcomments&post=702"}],"version-history":[{"count":21,"href":"https:\/\/ppgcc.ifce.edu.br\/index.php?rest_route=\/wp\/v2\/pages\/702\/revisions"}],"predecessor-version":[{"id":18984,"href":"https:\/\/ppgcc.ifce.edu.br\/index.php?rest_route=\/wp\/v2\/pages\/702\/revisions\/18984"}],"up":[{"embeddable":true,"href":"https:\/\/ppgcc.ifce.edu.br\/index.php?rest_route=\/wp\/v2\/pages\/697"}],"wp:attachment":[{"href":"https:\/\/ppgcc.ifce.edu.br\/index.php?rest_route=%2Fwp%2Fv2%2Fmedia&parent=702"}],"curies":[{"name":"wp","href":"https:\/\/api.w.org\/{rel}","templated":true}]}}