{"id":697,"date":"2016-11-16T19:10:18","date_gmt":"2016-11-16T22:10:18","guid":{"rendered":"http:\/\/ppgcc.ifce.edu.br\/?page_id=697"},"modified":"2022-03-04T21:06:04","modified_gmt":"2022-03-05T00:06:04","slug":"solicitacoes","status":"publish","type":"page","link":"https:\/\/ppgcc.ifce.edu.br\/?page_id=697","title":{"rendered":"Solicita\u00e7\u00f5es"},"content":{"rendered":"<p>Visando melhorar os processos internos, atender melhor e garantir mais qualidade na seguran\u00e7a das informa\u00e7\u00f5es de acordo com os procedimentos institucionais, o PPGCC adotou o uso do\u00a0<a href=\"https:\/\/ifce.edu.br\/sei\">SEI (Sistema Eletr\u00f4nico de Informa\u00e7\u00f5es)<\/a>.<\/p>\n<p>Desde <strong>dezembro de 2019<\/strong>, todos os requerimentos s\u00e3o gerenciados via <strong>SEI.<\/strong> Os processos s\u00e3o abertos na secretaria do programa ou atrav\u00e9s do registro de processo eletr\u00f4nico na portaria principal do campus.<\/p>\n<blockquote><p><strong>Nota<\/strong>: Somente os requerimentos recebidos via <strong>SEI<\/strong> ser\u00e3o analisados. Confira atentamente os dados e documentos para agilizar o processo.<\/p><\/blockquote>\n<h2><strong>PROCEDIMENTO PARA AS SOLICITA\u00c7\u00d5ES DO PPGCC<\/strong><\/h2>\n<p><strong>Requerimento eletr\u00f4nico dispon\u00edvel no menu SOLICITA\u00c7\u00d5ES:<\/strong><\/p>\n<ol>\n<li>Entrar no site do PPGCC, Menu <strong>Solicita\u00e7\u00f5es<\/strong>.<\/li>\n<li>Selecionar o tipo de solicita\u00e7\u00e3o desejada.<\/li>\n<li>Preencher o <strong>formul\u00e1rio eletr\u00f4nico<\/strong>\u00a0da solicita\u00e7\u00e3o e <strong>anexar<\/strong> todos os documentos solicitados no formul\u00e1rio.<\/li>\n<li>Aguardar o recebimento do <strong>email de confirma\u00e7\u00e3o. <\/strong>Uma c\u00f3pia ser\u00e1 entregue tamb\u00e9m por email na secretaria do programa.<\/li>\n<li>A secretaria criar\u00e1 o processo no SEI e far\u00e1 o encaminhamento necess\u00e1rio. Voc\u00ea poder\u00e1 consultar o andamento do processo na secretaria do programa.<\/li>\n<\/ol>\n<p><strong>Requerimento N\u00c3O dispon\u00edvel no menu Solicita\u00e7\u00f5es:<\/strong><\/p>\n<ol>\n<li>Na <strong>portaria principal do campus<\/strong>, solicitar ao atendente a <strong>cria\u00e7\u00e3o de um processo<\/strong> com o assunto da solicita\u00e7\u00e3o e pedir para encaminhar para a secretaria dos programas de p\u00f3s-gradua\u00e7\u00e3o\u00a0<strong>SECPPG-FOR<\/strong>.<\/li>\n<li>Seguir as instru\u00e7\u00f5es recebidas pelo atendente. Voc\u00ea receber\u00e1 um n\u00famero para acompanhar o processo pela <a href=\"https:\/\/sei.ifce.edu.br\/sei\/controlador_externo.php?acao=usuario_externo_logar&amp;acao_origem=usuario_externo_enviar_cadastro&amp;id_orgao_acesso_externo=0\">Internet<\/a>.<\/li>\n<\/ol>\n","protected":false},"excerpt":{"rendered":"<p>Visando melhorar os processos internos, atender melhor e garantir mais qualidade na seguran\u00e7a das informa\u00e7\u00f5es de acordo com os procedimentos institucionais, o PPGCC adotou o uso do\u00a0SEI (Sistema Eletr\u00f4nico de Informa\u00e7\u00f5es). Desde dezembro de 2019, todos os requerimentos s\u00e3o gerenciados via SEI. Os processos s\u00e3o abertos na secretaria do programa ou atrav\u00e9s do registro de [&hellip;]<\/p>\n","protected":false},"author":13,"featured_media":0,"parent":0,"menu_order":0,"comment_status":"closed","ping_status":"closed","template":"","meta":{"footnotes":""},"class_list":["post-697","page","type-page","status-publish","hentry"],"_links":{"self":[{"href":"https:\/\/ppgcc.ifce.edu.br\/index.php?rest_route=\/wp\/v2\/pages\/697","targetHints":{"allow":["GET"]}}],"collection":[{"href":"https:\/\/ppgcc.ifce.edu.br\/index.php?rest_route=\/wp\/v2\/pages"}],"about":[{"href":"https:\/\/ppgcc.ifce.edu.br\/index.php?rest_route=\/wp\/v2\/types\/page"}],"author":[{"embeddable":true,"href":"https:\/\/ppgcc.ifce.edu.br\/index.php?rest_route=\/wp\/v2\/users\/13"}],"replies":[{"embeddable":true,"href":"https:\/\/ppgcc.ifce.edu.br\/index.php?rest_route=%2Fwp%2Fv2%2Fcomments&post=697"}],"version-history":[{"count":42,"href":"https:\/\/ppgcc.ifce.edu.br\/index.php?rest_route=\/wp\/v2\/pages\/697\/revisions"}],"predecessor-version":[{"id":17478,"href":"https:\/\/ppgcc.ifce.edu.br\/index.php?rest_route=\/wp\/v2\/pages\/697\/revisions\/17478"}],"wp:attachment":[{"href":"https:\/\/ppgcc.ifce.edu.br\/index.php?rest_route=%2Fwp%2Fv2%2Fmedia&parent=697"}],"curies":[{"name":"wp","href":"https:\/\/api.w.org\/{rel}","templated":true}]}}