{"id":606,"date":"2016-07-12T21:20:56","date_gmt":"2016-07-13T00:20:56","guid":{"rendered":"http:\/\/ppgcc.ifce.edu.br\/?page_id=606"},"modified":"2017-03-06T15:31:25","modified_gmt":"2017-03-06T18:31:25","slug":"processo-seletivo-2016-2","status":"publish","type":"page","link":"https:\/\/ppgcc.ifce.edu.br\/?page_id=606","title":{"rendered":"Processo Seletivo 2016.2"},"content":{"rendered":"<p style=\"color: #454c43;\">Est\u00e3o abertas as inscri\u00e7\u00f5es para o Processo Seletivo do Mestrado em Ci\u00eancia da Computa\u00e7\u00e3o do Instituto Federal do Cear\u00e1\u00a0(PPGCC\/IFCE) para a turma de 2016.2.<\/p>\n<p class=\"p1\" style=\"color: #454c43;\">O Mestrado tem como p\u00fablico alvo\u00a0os portadores de diploma oficial ou reconhecido (ou ainda certificado de conclus\u00e3o, em car\u00e1ter provis\u00f3rio) de curso superior de licenciatura plena, de bacharelado ou de tecnologia, todos nas \u00e1reas de Ci\u00eancia da Computa\u00e7\u00e3o e Engenharias.<\/p>\n<ul style=\"color: #343932;\">\n<li>Confira aqui o Edital.\u00a0<div class='w3eden'><!-- WPDM Link Template: Default Template -->\n\n<div class=\"link-template-default card mb-2\">\n    <div class=\"card-body\">\n        <div class=\"media\">\n            <div class=\"mr-3 img-48\"><img decoding=\"async\" class=\"wpdm_icon\" alt=\"\u00edcone\"   src=\"http:\/\/ppgcc.ifce.edu.br\/wp-content\/plugins\/download-manager\/assets\/file-type-icons\/pdf.png\" \/><\/div>\n            <div class=\"media-body\">\n                <h3 class=\"package-title\"><a href='https:\/\/ppgcc.ifce.edu.br\/?wpdmpro=edital-2016-2-ppgcc'>Edital 2016.2 - PPGCC<\/a><\/h3>\n                <div class=\"text-muted text-small\"><i class=\"fas fa-copy\"><\/i> 1  arquivo(s) <i class=\"fas fa-hdd ml-3\"><\/i> 306.34 KB<\/div>\n            <\/div>\n            <div class=\"ml-3\">\n                <a class='wpdm-download-link download-on-click btn btn-primary ' rel='nofollow' href='#' data-downloadurl=\"https:\/\/ppgcc.ifce.edu.br\/?wpdmpro=edital-2016-2-ppgcc&wpdmdl=598&refresh=69e20136805011776419126\">Download<\/a>\n            <\/div>\n        <\/div>\n    <\/div>\n<\/div>\n\n<\/div><\/li>\n<li>Per\u00edodo de Inscri\u00e7\u00e3o:<strong>\u00a002\/07\/16 a <del>20\/07\/16<\/del> (21\/07\/16 de 14h \u00e0s 17h)<\/strong>\n<ul>\n<li><span style=\"color: #ff0000;\">Aten\u00e7\u00e3o! Em virtude de dificuldades t\u00e9cnicas no envio de alguns documentos que continham acentos ou espa\u00e7os em seus nomes, a comiss\u00e3o de sele\u00e7\u00e3o do PPGCC considerou a reabertura do sistema das 14h \u00e0s 17h para que os candidatos que tiveram seus processos de inscri\u00e7\u00e3o prejudicados, consigam efetuar o envio. O prazo fecha impreterivelmente \u00e0s 17h.<\/span><\/li>\n<\/ul>\n<\/li>\n<li>Lista de Deferimento de Inscri\u00e7\u00f5es. A regulariza\u00e7\u00e3o de inscri\u00e7\u00f5es indeferidas deve ser encaminhada atrav\u00e9s do formul\u00e1rio de <a href=\"http:\/\/ppgcc.ifce.edu.br\/?page_id=16\">contato<\/a> desta p\u00e1gina. <div class='w3eden'><!-- WPDM Link Template: Default Template -->\n\n<div class=\"link-template-default card mb-2\">\n    <div class=\"card-body\">\n        <div class=\"media\">\n            <div class=\"mr-3 img-48\"><img decoding=\"async\" class=\"wpdm_icon\" alt=\"\u00edcone\"   src=\"http:\/\/ppgcc.ifce.edu.br\/wp-content\/plugins\/download-manager\/assets\/file-type-icons\/pdf.png\" \/><\/div>\n            <div class=\"media-body\">\n                <h3 class=\"package-title\"><a href='https:\/\/ppgcc.ifce.edu.br\/?wpdmpro=lista-de-deferimento-2016-2'>Lista de Deferimento 2016.2<\/a><\/h3>\n                <div class=\"text-muted text-small\"><i class=\"fas fa-copy\"><\/i> 1  arquivo(s) <i class=\"fas fa-hdd ml-3\"><\/i> 53.55 KB<\/div>\n            <\/div>\n            <div class=\"ml-3\">\n                <a class='wpdm-download-link download-on-click btn btn-primary ' rel='nofollow' href='#' data-downloadurl=\"https:\/\/ppgcc.ifce.edu.br\/?wpdmpro=lista-de-deferimento-2016-2&wpdmdl=637&refresh=69e20136852541776419126\">Download<\/a>\n            <\/div>\n        <\/div>\n    <\/div>\n<\/div>\n\n<\/div><\/li>\n<li><span style=\"text-decoration: underline;\"><strong>Data de aplica\u00e7\u00e3o da prova escrita<\/strong><\/span>: 06\/08\/2016, s\u00e1bado, no per\u00edodo da manh\u00e3, de 9h \u00e0s 11h na sala BC04 do Bloco Central do IFCE Campus Fortaleza na Av. 13 de Maio, 2081 &#8211; Benfica. Indica\u00e7\u00f5es da localiza\u00e7\u00e3o da sala estar\u00e3o afixadas na portaria dos alunos. O candidato dever\u00e1 trazer algum documento de identifica\u00e7\u00e3o oficial com foto.\u00a0No ambiente da prova, ou seja, <b>nas depend\u00eancias f\u00edsicas em que ser\u00e1 realizada<\/b>, n\u00e3o ser\u00e1 permitido o uso pelo candidato de quaisquer <b>dispositivos eletr\u00f4nicos<\/b> tais como celulares, smartphones, tablets, calculadoras, etc. Os candidatos dever\u00e3o utilizar apenas caneta esferogr\u00e1fica nas cores azul ou preta. A prova constar\u00e1 de 20 quest\u00f5es objetivas relacionadas aos assuntos previstos no edital que equivalem 70% da nota e de 1(uma) quest\u00e3o dissertativa escolhida dentre um dos temas\/subtemas apresentados de no m\u00ednimo 20 e no m\u00e1ximo 25 linhas compondo os 30% restantes da nota. Quaisquer altera\u00e7\u00f5es destas informa\u00e7\u00f5es ser\u00e3o divulgadas nesta p\u00e1gina em at\u00e9 3 dias de anteced\u00eancia da data da prova.<\/li>\n<li>Altera\u00e7\u00e3o das Datas do Edital: <span style=\"color: #ff0000;\">(MODIFICADO EM 18\/08\/2016)<\/span><\/li>\n<\/ul>\n<div style=\"color: #454c43;\"><a href=\"http:\/\/ppgcc.ifce.edu.br\/wp-content\/uploads\/2016\/08\/Captura-de-Tela-2016-08-18-a\u0300s-16.18.30.png\"><img loading=\"lazy\" decoding=\"async\" class=\"alignnone size-full wp-image-672\" src=\"http:\/\/ppgcc.ifce.edu.br\/wp-content\/uploads\/2016\/08\/Captura-de-Tela-2016-08-18-a\u0300s-16.18.30.png\" alt=\"Captura de Tela 2016-08-18 a\u0300s 16.18.30\" width=\"723\" height=\"309\" srcset=\"https:\/\/ppgcc.ifce.edu.br\/wp-content\/uploads\/2016\/08\/Captura-de-Tela-2016-08-18-a\u0300s-16.18.30.png 723w, https:\/\/ppgcc.ifce.edu.br\/wp-content\/uploads\/2016\/08\/Captura-de-Tela-2016-08-18-a\u0300s-16.18.30-300x128.png 300w, https:\/\/ppgcc.ifce.edu.br\/wp-content\/uploads\/2016\/08\/Captura-de-Tela-2016-08-18-a\u0300s-16.18.30-150x64.png 150w\" sizes=\"auto, (max-width: 723px) 100vw, 723px\" \/><\/a><\/div>\n<ul>\n<li style=\"color: #454c43;\">Veja aqui o resultado provis\u00f3rio:\u00a0<div class='w3eden'><!-- WPDM Link Template: Default Template -->\n\n<div class=\"link-template-default card mb-2\">\n    <div class=\"card-body\">\n        <div class=\"media\">\n            <div class=\"mr-3 img-48\"><img decoding=\"async\" class=\"wpdm_icon\" alt=\"\u00edcone\"   src=\"http:\/\/ppgcc.ifce.edu.br\/wp-content\/plugins\/download-manager\/assets\/file-type-icons\/pdf.png\" \/><\/div>\n            <div class=\"media-body\">\n                <h3 class=\"package-title\"><a href='https:\/\/ppgcc.ifce.edu.br\/?wpdmpro=resultado-provisorio-2016-2'>Resultado Provis\u00f3rio 2016.2<\/a><\/h3>\n                <div class=\"text-muted text-small\"><i class=\"fas fa-copy\"><\/i> 1  arquivo(s) <i class=\"fas fa-hdd ml-3\"><\/i> 68.76 KB<\/div>\n            <\/div>\n            <div class=\"ml-3\">\n                <a class='wpdm-download-link download-on-click btn btn-primary ' rel='nofollow' href='#' data-downloadurl=\"https:\/\/ppgcc.ifce.edu.br\/?wpdmpro=resultado-provisorio-2016-2&wpdmdl=678&refresh=69e201368865d1776419126\">Download<\/a>\n            <\/div>\n        <\/div>\n    <\/div>\n<\/div>\n\n<\/div> Observe que, de acordo com o Edital, est\u00e3o desclassificados os candidatos que n\u00e3o obtiverem nota superior ou igual\u00a0a 5,0 tanto\u00a0na Prova Escrita como na M\u00e9dia Final. Recursos e\/ou d\u00favidas devem ser enviados ao email do programa ou atrav\u00e9s do formul\u00e1rio de contato. <span style=\"color: #339966;\">ERRATA: a comiss\u00e3o se desculpa pelo erro de classifica\u00e7\u00e3o na lista, que n\u00e3o obedeceu as notas de M\u00e9dia Final (MF). Foi corrigido. Ressalta-se ainda que o prof. G\u00eavane, membro do colegiado e orientador na linha de computa\u00e7\u00e3o aplicada, solicitou uma cota extra de vaga de orientando. Isto permitiu que o n\u00famero de vagas em Computa\u00e7\u00e3o Aplicada fosse modificado de 5 para 6.<\/span><\/li>\n<li style=\"color: #454c43;\">Notas da Prova Escrita:\u00a0<div class='w3eden'><!-- WPDM Link Template: Default Template -->\n\n<div class=\"link-template-default card mb-2\">\n    <div class=\"card-body\">\n        <div class=\"media\">\n            <div class=\"mr-3 img-48\"><img decoding=\"async\" class=\"wpdm_icon\" alt=\"\u00edcone\"   src=\"http:\/\/ppgcc.ifce.edu.br\/wp-content\/plugins\/download-manager\/assets\/file-type-icons\/pdf.png\" \/><\/div>\n            <div class=\"media-body\">\n                <h3 class=\"package-title\"><a href='https:\/\/ppgcc.ifce.edu.br\/?wpdmpro=notas-da-prova-escrita-2016-2'>Notas da Prova Escrita 2016.2<\/a><\/h3>\n                <div class=\"text-muted text-small\"><i class=\"fas fa-copy\"><\/i> 1  arquivo(s) <i class=\"fas fa-hdd ml-3\"><\/i> 63.43 KB<\/div>\n            <\/div>\n            <div class=\"ml-3\">\n                <a class='wpdm-download-link download-on-click btn btn-primary ' rel='nofollow' href='#' data-downloadurl=\"https:\/\/ppgcc.ifce.edu.br\/?wpdmpro=notas-da-prova-escrita-2016-2&wpdmdl=680&refresh=69e201368c3e51776419126\">Download<\/a>\n            <\/div>\n        <\/div>\n    <\/div>\n<\/div>\n\n<\/div><\/li>\n<li style=\"color: #454c43;\">Divulga\u00e7\u00e3o do Resultado Final:\u00a0<div class='w3eden'><!-- WPDM Link Template: Default Template -->\n\n<div class=\"link-template-default card mb-2\">\n    <div class=\"card-body\">\n        <div class=\"media\">\n            <div class=\"mr-3 img-48\"><img decoding=\"async\" class=\"wpdm_icon\" alt=\"\u00edcone\"   src=\"http:\/\/ppgcc.ifce.edu.br\/wp-content\/plugins\/download-manager\/assets\/file-type-icons\/pdf.png\" \/><\/div>\n            <div class=\"media-body\">\n                <h3 class=\"package-title\"><a href='https:\/\/ppgcc.ifce.edu.br\/?wpdmpro=resultado-final-2016-2'>Resultado Final - 2016.2<\/a><\/h3>\n                <div class=\"text-muted text-small\"><i class=\"fas fa-copy\"><\/i> 1  arquivo(s) <i class=\"fas fa-hdd ml-3\"><\/i> 68.90 KB<\/div>\n            <\/div>\n            <div class=\"ml-3\">\n                <a class='wpdm-download-link download-on-click btn btn-primary ' rel='nofollow' href='#' data-downloadurl=\"https:\/\/ppgcc.ifce.edu.br\/?wpdmpro=resultado-final-2016-2&wpdmdl=687&refresh=69e201368fe7e1776419126\">Download<\/a>\n            <\/div>\n        <\/div>\n    <\/div>\n<\/div>\n\n<\/div> Informa\u00e7\u00f5es sobre o procedimento de matr\u00edcula ser\u00e3o enviadas por email aos candidatos selecionados at\u00e9 segunda-feira dia 29 de agosto de 2016. Ser\u00e3o pedidos os originais dos documentos enviados eletronicamente durante a inscri\u00e7\u00e3o para valida\u00e7\u00e3o de sua matr\u00edcula no programa.<\/li>\n<li style=\"color: #454c43;\">Exame Escrito:\u00a0<div class='w3eden'><!-- WPDM Link Template: Default Template -->\n\n<div class=\"link-template-default card mb-2\">\n    <div class=\"card-body\">\n        <div class=\"media\">\n            <div class=\"mr-3 img-48\"><img decoding=\"async\" class=\"wpdm_icon\" alt=\"\u00edcone\"   src=\"http:\/\/ppgcc.ifce.edu.br\/wp-content\/plugins\/download-manager\/assets\/file-type-icons\/pdf.png\" \/><\/div>\n            <div class=\"media-body\">\n                <h3 class=\"package-title\"><a href='https:\/\/ppgcc.ifce.edu.br\/?wpdmpro=exame-escrito-2016-2'>Exame Escrito 2016.2<\/a><\/h3>\n                <div class=\"text-muted text-small\"><i class=\"fas fa-copy\"><\/i> 1  arquivo(s) <i class=\"fas fa-hdd ml-3\"><\/i> 314.99 KB<\/div>\n            <\/div>\n            <div class=\"ml-3\">\n                <a class='wpdm-download-link download-on-click btn btn-primary ' rel='nofollow' href='#' data-downloadurl=\"https:\/\/ppgcc.ifce.edu.br\/?wpdmpro=exame-escrito-2016-2&wpdmdl=869&refresh=69e201369378a1776419126\">Download<\/a>\n            <\/div>\n        <\/div>\n    <\/div>\n<\/div>\n\n<\/div><\/li>\n<\/ul>\n<div style=\"color: #454c43;\"><\/div>\n<div style=\"color: #454c43;\"><\/div>\n<div style=\"color: #454c43;\">Esteja atento aos seguintes pontos:<\/div>\n<ul>\n<li><strong>N\u00e3o h\u00e1 taxa de inscri\u00e7\u00e3o<\/strong><\/li>\n<li><span style=\"text-decoration: underline;\"><strong>As aulas do programa acontecer\u00e3o nos Campi Fortaleza e\/ou Maracana\u00fa de acordo com o indicado pelo professor titular da disciplina.<\/strong><\/span><\/li>\n<li><strong>Formul\u00e1rio de inscri\u00e7\u00e3o online, clique <a title=\"Sele\u00e7\u00e3o 2015.2 (Inscri\u00e7\u00e3o)\" href=\"http:\/\/ppgcc.ifce.edu.br\/?page_id=594\">aqui<\/a>.<\/strong><\/li>\n<li><strong>Quest\u00f5es podem ser enviadas ao email\u00a0do programa pelo formul\u00e1rio de contato.<\/strong><\/li>\n<\/ul>\n","protected":false},"excerpt":{"rendered":"<p>Est\u00e3o abertas as inscri\u00e7\u00f5es para o Processo Seletivo do Mestrado em Ci\u00eancia da Computa\u00e7\u00e3o do Instituto Federal do Cear\u00e1\u00a0(PPGCC\/IFCE) para a turma de 2016.2. O Mestrado tem como p\u00fablico alvo\u00a0os portadores de diploma oficial ou reconhecido (ou ainda certificado de conclus\u00e3o, em car\u00e1ter provis\u00f3rio) de curso superior de licenciatura plena, de bacharelado ou de tecnologia, [&hellip;]<\/p>\n","protected":false},"author":1,"featured_media":0,"parent":14,"menu_order":0,"comment_status":"closed","ping_status":"closed","template":"","meta":{"footnotes":""},"class_list":["post-606","page","type-page","status-publish","hentry"],"_links":{"self":[{"href":"https:\/\/ppgcc.ifce.edu.br\/index.php?rest_route=\/wp\/v2\/pages\/606","targetHints":{"allow":["GET"]}}],"collection":[{"href":"https:\/\/ppgcc.ifce.edu.br\/index.php?rest_route=\/wp\/v2\/pages"}],"about":[{"href":"https:\/\/ppgcc.ifce.edu.br\/index.php?rest_route=\/wp\/v2\/types\/page"}],"author":[{"embeddable":true,"href":"https:\/\/ppgcc.ifce.edu.br\/index.php?rest_route=\/wp\/v2\/users\/1"}],"replies":[{"embeddable":true,"href":"https:\/\/ppgcc.ifce.edu.br\/index.php?rest_route=%2Fwp%2Fv2%2Fcomments&post=606"}],"version-history":[{"count":17,"href":"https:\/\/ppgcc.ifce.edu.br\/index.php?rest_route=\/wp\/v2\/pages\/606\/revisions"}],"predecessor-version":[{"id":871,"href":"https:\/\/ppgcc.ifce.edu.br\/index.php?rest_route=\/wp\/v2\/pages\/606\/revisions\/871"}],"up":[{"embeddable":true,"href":"https:\/\/ppgcc.ifce.edu.br\/index.php?rest_route=\/wp\/v2\/pages\/14"}],"wp:attachment":[{"href":"https:\/\/ppgcc.ifce.edu.br\/index.php?rest_route=%2Fwp%2Fv2%2Fmedia&parent=606"}],"curies":[{"name":"wp","href":"https:\/\/api.w.org\/{rel}","templated":true}]}}