{"id":465,"date":"2015-04-29T15:00:22","date_gmt":"2015-04-29T18:00:22","guid":{"rendered":"http:\/\/ppgcc.ifce.edu.br\/?page_id=465"},"modified":"2019-05-09T15:09:52","modified_gmt":"2019-05-09T18:09:52","slug":"inscricao-para-o-mestrado-em-tecnologia-de-alimentos","status":"publish","type":"page","link":"https:\/\/ppgcc.ifce.edu.br\/?page_id=465","title":{"rendered":"Inscri\u00e7\u00e3o para o Mestrado 2019.2 &#8211; PGTA"},"content":{"rendered":"<h1><span style=\"color: #008000;\">PGTA<\/span><\/h1>\n<pre><span style=\"color: #333333;\">P\u00f3s-Gradua\u00e7\u00e3o em Tecnologia de Alimentos<\/span><\/pre>\n\n","protected":false},"excerpt":{"rendered":"<p>PGTA P\u00f3s-Gradua\u00e7\u00e3o em Tecnologia de Alimentos<\/p>\n","protected":false},"author":1,"featured_media":0,"parent":550,"menu_order":0,"comment_status":"closed","ping_status":"open","template":"templates\/fullwidth.php","meta":{"footnotes":""},"class_list":["post-465","page","type-page","status-publish","hentry"],"_links":{"self":[{"href":"https:\/\/ppgcc.ifce.edu.br\/index.php?rest_route=\/wp\/v2\/pages\/465","targetHints":{"allow":["GET"]}}],"collection":[{"href":"https:\/\/ppgcc.ifce.edu.br\/index.php?rest_route=\/wp\/v2\/pages"}],"about":[{"href":"https:\/\/ppgcc.ifce.edu.br\/index.php?rest_route=\/wp\/v2\/types\/page"}],"author":[{"embeddable":true,"href":"https:\/\/ppgcc.ifce.edu.br\/index.php?rest_route=\/wp\/v2\/users\/1"}],"replies":[{"embeddable":true,"href":"https:\/\/ppgcc.ifce.edu.br\/index.php?rest_route=%2Fwp%2Fv2%2Fcomments&post=465"}],"version-history":[{"count":17,"href":"https:\/\/ppgcc.ifce.edu.br\/index.php?rest_route=\/wp\/v2\/pages\/465\/revisions"}],"predecessor-version":[{"id":16038,"href":"https:\/\/ppgcc.ifce.edu.br\/index.php?rest_route=\/wp\/v2\/pages\/465\/revisions\/16038"}],"up":[{"embeddable":true,"href":"https:\/\/ppgcc.ifce.edu.br\/index.php?rest_route=\/wp\/v2\/pages\/550"}],"wp:attachment":[{"href":"https:\/\/ppgcc.ifce.edu.br\/index.php?rest_route=%2Fwp%2Fv2%2Fmedia&parent=465"}],"curies":[{"name":"wp","href":"https:\/\/api.w.org\/{rel}","templated":true}]}}