{"id":410,"date":"2014-12-08T23:12:02","date_gmt":"2014-12-09T02:12:02","guid":{"rendered":"http:\/\/ppgcc.ifce.edu.br\/?page_id=410"},"modified":"2015-01-28T21:03:24","modified_gmt":"2015-01-29T00:03:24","slug":"processo-seletivo-2015-1","status":"publish","type":"page","link":"https:\/\/ppgcc.ifce.edu.br\/?page_id=410","title":{"rendered":"Processo Seletivo 2015.1"},"content":{"rendered":"<p style=\"color: #454c43;\">Est\u00e3o abertas as inscri\u00e7\u00f5es para o 1o. Processo Seletivo do Mestrado em Ci\u00eancia da Computa\u00e7\u00e3o do Instituto Federal do Cear\u00e1\u00a0(PPGCC\/IFCE) para a turma de 2015.1.<\/p>\n<p class=\"p1\" style=\"color: #454c43;\">O Mestrado tem como p\u00fablico alvo\u00a0os portadores de diploma oficial ou reconhecido (ou ainda certificado de conclus\u00e3o, em car\u00e1ter provis\u00f3rio) de curso superior de licenciatura plena, de bacharelado ou de tecnologia nas \u00e1reas de Ci\u00eancia da Computa\u00e7\u00e3o e Engenharias.<\/p>\n<ul style=\"color: #343932;\">\n<li>Confira aqui o Edital.\u00a0[wpdm_file id=11]<\/li>\n<li>Per\u00edodo de Inscri\u00e7\u00e3o:<strong>\u00a009\/12\/14 a 09\/01\/15<\/strong><\/li>\n<\/ul>\n<div style=\"color: #454c43;\">Esteja atento aos seguintes pontos:<\/div>\n<ul>\n<li><strong>N\u00e3o h\u00e1 taxa de inscri\u00e7\u00e3o<\/strong><\/li>\n<li><span style=\"text-decoration: underline;\"><strong>As aulas do programa acontecer\u00e3o nos Campi Fortaleza e\/ou Maracana\u00fa de acordo com o indicado pelo professor titular da disciplina.<\/strong><\/span><\/li>\n<li><strong>Formul\u00e1rio de inscri\u00e7\u00e3o online, clique <del>aqui<\/del>\u00a0<span style=\"color: #ff0000;\">(inscri\u00e7\u00f5es encerradas)<\/span>.<\/strong><\/li>\n<li><strong>Quest\u00f5es podem ser enviadas ao email\u00a0do programa pelo formul\u00e1rio de contato.<\/strong><\/li>\n<li><strong><a href=\"http:\/\/ppgcc.ifce.edu.br\/?page_id=438\">Resultado Pr\u00e9vio 2015.1<\/a>. Recursos dever\u00e3o submetidos para o email ppgcc@ifce.edu.br at\u00e9 sexta-feira dia 30 at\u00e9 as 23h59.<\/strong><\/li>\n<\/ul>\n<p><strong>Lista dos Candidatos com Inscri\u00e7\u00e3o Deferida<\/strong><\/p>\n<table dir=\"ltr\" border=\"1\" cellspacing=\"0\" cellpadding=\"0\">\n<colgroup>\n<col width=\"374\" \/>\n<col width=\"203\" \/><\/colgroup>\n<tbody>\n<tr>\n<td data-sheets-value=\"[null,2,&quot;ANA BRUNA DE QUEIROZ PEREIRA&quot;]\" data-sheets-formula=\"=Upper(Completo!R[0]C[0])\">ANA BRUNA DE QUEIROZ PEREIRA<\/td>\n<td data-sheets-value=\"[null,2,&quot;Computa\\u00e7\\u00e3o Aplicada&quot;]\" data-sheets-numberformat=\"[null,0]\" data-sheets-formula=\"=Completo!R[0]C[1]\">Computa\u00e7\u00e3o Aplicada<\/td>\n<\/tr>\n<tr>\n<td data-sheets-value=\"[null,2,&quot;ANTONIA RAIANE SANTOS ARAUJO&quot;]\" data-sheets-formula=\"=Upper(Completo!R[0]C[0])\">ANTONIA RAIANE SANTOS ARAUJO<\/td>\n<td data-sheets-value=\"[null,2,&quot;Computa\\u00e7\\u00e3o Aplicada&quot;]\" data-sheets-numberformat=\"[null,0]\" data-sheets-formula=\"=Completo!R[0]C[1]\">Computa\u00e7\u00e3o Aplicada<\/td>\n<\/tr>\n<tr>\n<td data-sheets-value=\"[null,2,&quot;CLEILSON COUTINHO DA SILVA&quot;]\" data-sheets-formula=\"=Upper(Completo!R[0]C[0])\">CLEILSON COUTINHO DA SILVA<\/td>\n<td data-sheets-value=\"[null,2,&quot;Computa\\u00e7\\u00e3o Aplicada&quot;]\" data-sheets-numberformat=\"[null,0]\" data-sheets-formula=\"=Completo!R[0]C[1]\">Computa\u00e7\u00e3o Aplicada<\/td>\n<\/tr>\n<tr>\n<td data-sheets-value=\"[null,2,&quot;FRANCISCA MAGDA LOBO  ALENCAR MILFONT&quot;]\" data-sheets-formula=\"=Upper(Completo!R[0]C[0])\">FRANCISCA MAGDA LOBO ALENCAR MILFONT<\/td>\n<td data-sheets-value=\"[null,2,&quot;Computa\\u00e7\\u00e3o Aplicada&quot;]\" data-sheets-numberformat=\"[null,0]\" data-sheets-formula=\"=Completo!R[0]C[1]\">Computa\u00e7\u00e3o Aplicada<\/td>\n<\/tr>\n<tr>\n<td data-sheets-value=\"[null,2,&quot;HELEM CHAVES DE LIMA&quot;]\" data-sheets-formula=\"=Upper(Completo!R[0]C[0])\">HELEM CHAVES DE LIMA<\/td>\n<td data-sheets-value=\"[null,2,&quot;Computa\\u00e7\\u00e3o Aplicada&quot;]\" data-sheets-numberformat=\"[null,0]\" data-sheets-formula=\"=Completo!R[0]C[1]\">Computa\u00e7\u00e3o Aplicada<\/td>\n<\/tr>\n<tr>\n<td data-sheets-value=\"[null,2,&quot;JOS\\u00c9 MAUR\\u00cdCIO SANTOS DA SILVA&quot;]\" data-sheets-formula=\"=Upper(Completo!R[0]C[0])\">JOS\u00c9 MAUR\u00cdCIO SANTOS DA SILVA<\/td>\n<td data-sheets-value=\"[null,2,&quot;Computa\\u00e7\\u00e3o Aplicada&quot;]\" data-sheets-numberformat=\"[null,0]\" data-sheets-formula=\"=Completo!R[0]C[1]\">Computa\u00e7\u00e3o Aplicada<\/td>\n<\/tr>\n<tr>\n<td data-sheets-value=\"[null,2,&quot;MARCELO DE LIMA FREIRE&quot;]\" data-sheets-formula=\"=Upper(Completo!R[0]C[0])\">MARCELO DE LIMA FREIRE<\/td>\n<td data-sheets-value=\"[null,2,&quot;Computa\\u00e7\\u00e3o Aplicada&quot;]\" data-sheets-numberformat=\"[null,0]\" data-sheets-formula=\"=Completo!R[0]C[1]\">Computa\u00e7\u00e3o Aplicada<\/td>\n<\/tr>\n<tr>\n<td data-sheets-value=\"[null,2,&quot;MAXWELL F\\u00c9LIX&quot;]\" data-sheets-formula=\"=Upper(Completo!R[0]C[0])\">MAXWELL F\u00c9LIX<\/td>\n<td data-sheets-value=\"[null,2,&quot;Computa\\u00e7\\u00e3o Aplicada&quot;]\" data-sheets-numberformat=\"[null,0]\" data-sheets-formula=\"=Completo!R[0]C[1]\">Computa\u00e7\u00e3o Aplicada<\/td>\n<\/tr>\n<tr>\n<td data-sheets-value=\"[null,2,&quot;MICHELLE GUERREIRO CACAIS SILVA&quot;]\" data-sheets-formula=\"=Upper(Completo!R[0]C[0])\">MICHELLE GUERREIRO CACAIS SILVA<\/td>\n<td data-sheets-value=\"[null,2,&quot;Computa\\u00e7\\u00e3o Aplicada&quot;]\" data-sheets-numberformat=\"[null,0]\" data-sheets-formula=\"=Completo!R[0]C[1]\">Computa\u00e7\u00e3o Aplicada<\/td>\n<\/tr>\n<tr>\n<td data-sheets-value=\"[null,2,&quot;MONCK CHARLES NUNES DE ALBUQUERQUE&quot;]\" data-sheets-formula=\"=Upper(Completo!R[0]C[0])\">MONCK CHARLES NUNES DE ALBUQUERQUE<\/td>\n<td data-sheets-value=\"[null,2,&quot;Computa\\u00e7\\u00e3o Aplicada&quot;]\" data-sheets-numberformat=\"[null,0]\" data-sheets-formula=\"=Completo!R[0]C[1]\">Computa\u00e7\u00e3o Aplicada<\/td>\n<\/tr>\n<tr>\n<td data-sheets-value=\"[null,2,&quot;RAIMUNDO EUM\\u00c1ZIO ROCHA&quot;]\" data-sheets-formula=\"=Upper(Completo!R[0]C[0])\">RAIMUNDO EUM\u00c1ZIO ROCHA<\/td>\n<td data-sheets-value=\"[null,2,&quot;Computa\\u00e7\\u00e3o Aplicada&quot;]\" data-sheets-numberformat=\"[null,0]\" data-sheets-formula=\"=Completo!R[0]C[1]\">Computa\u00e7\u00e3o Aplicada<\/td>\n<\/tr>\n<tr>\n<td data-sheets-value=\"[null,2,&quot;VITOR DE CARVALHO MELO LOPES&quot;]\" data-sheets-formula=\"=Upper(Completo!R[0]C[0])\">VITOR DE CARVALHO MELO LOPES<\/td>\n<td data-sheets-value=\"[null,2,&quot;Computa\\u00e7\\u00e3o Aplicada&quot;]\" data-sheets-numberformat=\"[null,0]\" data-sheets-formula=\"=Completo!R[0]C[1]\">Computa\u00e7\u00e3o Aplicada<\/td>\n<\/tr>\n<tr>\n<td data-sheets-value=\"[null,2,&quot;ANDERSON WAGNER ALVES&quot;]\" data-sheets-formula=\"=Upper(Completo!R[0]C[0])\">ANDERSON WAGNER ALVES<\/td>\n<td data-sheets-value=\"[null,2,&quot;Engenharia de Software&quot;]\" data-sheets-numberformat=\"[null,0]\" data-sheets-formula=\"=Completo!R[0]C[1]\">Engenharia de Software<\/td>\n<\/tr>\n<tr>\n<td data-sheets-value=\"[null,2,&quot;ANTONIO MARQUES FILHO&quot;]\" data-sheets-formula=\"=Upper(Completo!R[0]C[0])\">ANTONIO MARQUES FILHO<\/td>\n<td data-sheets-value=\"[null,2,&quot;Engenharia de Software&quot;]\" data-sheets-numberformat=\"[null,0]\" data-sheets-formula=\"=Completo!R[0]C[1]\">Engenharia de Software<\/td>\n<\/tr>\n<tr>\n<td data-sheets-value=\"[null,2,&quot;CARLOS EDUARDO VIANA VALENTE&quot;]\" data-sheets-formula=\"=Upper(Completo!R[0]C[0])\">CARLOS EDUARDO VIANA VALENTE<\/td>\n<td data-sheets-value=\"[null,2,&quot;Engenharia de Software&quot;]\" data-sheets-numberformat=\"[null,0]\" data-sheets-formula=\"=Completo!R[0]C[1]\">Engenharia de Software<\/td>\n<\/tr>\n<tr>\n<td data-sheets-value=\"[null,2,&quot;DANILO C\\u00c2NDIDO MOREIRA PEREIRA&quot;]\" data-sheets-formula=\"=Upper(Completo!R[0]C[0])\">DANILO C\u00c2NDIDO MOREIRA PEREIRA<\/td>\n<td data-sheets-value=\"[null,2,&quot;Engenharia de Software&quot;]\" data-sheets-numberformat=\"[null,0]\" data-sheets-formula=\"=Completo!R[0]C[1]\">Engenharia de Software<\/td>\n<\/tr>\n<tr>\n<td data-sheets-value=\"[null,2,&quot;DAVID TEIXEIRA DE MASIN&quot;]\" data-sheets-formula=\"=Upper(Completo!R[0]C[0])\">DAVID TEIXEIRA DE MASIN<\/td>\n<td data-sheets-value=\"[null,2,&quot;Engenharia de Software&quot;]\" data-sheets-numberformat=\"[null,0]\" data-sheets-formula=\"=Completo!R[0]C[1]\">Engenharia de Software<\/td>\n<\/tr>\n<tr>\n<td data-sheets-value=\"[null,2,&quot;ESROM GUSTAVO DE MOURA BOMFIM&quot;]\" data-sheets-formula=\"=Upper(Completo!R[0]C[0])\">ESROM GUSTAVO DE MOURA BOMFIM<\/td>\n<td data-sheets-value=\"[null,2,&quot;Engenharia de Software&quot;]\" data-sheets-numberformat=\"[null,0]\" data-sheets-formula=\"=Completo!R[0]C[1]\">Engenharia de Software<\/td>\n<\/tr>\n<tr>\n<td data-sheets-value=\"[null,2,&quot;FAUSTO SAMPAIO&quot;]\" data-sheets-formula=\"=Upper(Completo!R[0]C[0])\">FAUSTO SAMPAIO<\/td>\n<td data-sheets-value=\"[null,2,&quot;Engenharia de Software&quot;]\" data-sheets-numberformat=\"[null,0]\" data-sheets-formula=\"=Completo!R[0]C[1]\">Engenharia de Software<\/td>\n<\/tr>\n<tr>\n<td data-sheets-value=\"[null,2,&quot;FELIPE CARVALHO MARTINS&quot;]\" data-sheets-formula=\"=Upper(Completo!R[0]C[0])\">FELIPE CARVALHO MARTINS<\/td>\n<td data-sheets-value=\"[null,2,&quot;Engenharia de Software&quot;]\" data-sheets-numberformat=\"[null,0]\" data-sheets-formula=\"=Completo!R[0]C[1]\">Engenharia de Software<\/td>\n<\/tr>\n<tr>\n<td data-sheets-value=\"[null,2,&quot;GUSTAVO SIEBRA LOPES&quot;]\" data-sheets-formula=\"=Upper(Completo!R[0]C[0])\">GUSTAVO SIEBRA LOPES<\/td>\n<td data-sheets-value=\"[null,2,&quot;Engenharia de Software&quot;]\" data-sheets-numberformat=\"[null,0]\" data-sheets-formula=\"=Completo!R[0]C[1]\">Engenharia de Software<\/td>\n<\/tr>\n<tr>\n<td data-sheets-value=\"[null,2,&quot;ISAEL MOREIRA LIMA&quot;]\" data-sheets-formula=\"=Upper(Completo!R[0]C[0])\">ISAEL MOREIRA LIMA<\/td>\n<td data-sheets-value=\"[null,2,&quot;Engenharia de Software&quot;]\" data-sheets-numberformat=\"[null,0]\" data-sheets-formula=\"=Completo!R[0]C[1]\">Engenharia de Software<\/td>\n<\/tr>\n<tr>\n<td data-sheets-value=\"[null,2,&quot;JORGE LUIS DA ROCHA LIMA&quot;]\" data-sheets-formula=\"=Upper(Completo!R[0]C[0])\">JORGE LUIS DA ROCHA LIMA<\/td>\n<td data-sheets-value=\"[null,2,&quot;Engenharia de Software&quot;]\" data-sheets-numberformat=\"[null,0]\" data-sheets-formula=\"=Completo!R[0]C[1]\">Engenharia de Software<\/td>\n<\/tr>\n<tr>\n<td data-sheets-value=\"[null,2,&quot;JOS\\u00c9 FERNANDES ALMEIDA JUNIOR&quot;]\" data-sheets-formula=\"=Upper(Completo!R[0]C[0])\">JOS\u00c9 FERNANDES ALMEIDA JUNIOR<\/td>\n<td data-sheets-value=\"[null,2,&quot;Engenharia de Software&quot;]\" data-sheets-numberformat=\"[null,0]\" data-sheets-formula=\"=Completo!R[0]C[1]\">Engenharia de Software<\/td>\n<\/tr>\n<tr>\n<td data-sheets-value=\"[null,2,&quot;JOS\\u00c9 WALLISON F\\u00c9LIX DA SILVA&quot;]\" data-sheets-formula=\"=Upper(Completo!R[0]C[0])\">JOS\u00c9 WALLISON F\u00c9LIX DA SILVA<\/td>\n<td data-sheets-value=\"[null,2,&quot;Engenharia de Software&quot;]\" data-sheets-numberformat=\"[null,0]\" data-sheets-formula=\"=Completo!R[0]C[1]\">Engenharia de Software<\/td>\n<\/tr>\n<tr>\n<td data-sheets-value=\"[null,2,&quot;JOYCE CRSITIANY DE AGUIAR VIEIRA&quot;]\" data-sheets-formula=\"=Upper(Completo!R[0]C[0])\">JOYCE CRSITIANY DE AGUIAR VIEIRA<\/td>\n<td data-sheets-value=\"[null,2,&quot;Engenharia de Software&quot;]\" data-sheets-numberformat=\"[null,0]\" data-sheets-formula=\"=Completo!R[0]C[1]\">Engenharia de Software<\/td>\n<\/tr>\n<tr>\n<td data-sheets-value=\"[null,2,&quot;LANA BEATRIZ MEDEIROS DE MESQUITA&quot;]\" data-sheets-formula=\"=Upper(Completo!R[0]C[0])\">LANA BEATRIZ MEDEIROS DE MESQUITA<\/td>\n<td data-sheets-value=\"[null,2,&quot;Engenharia de Software&quot;]\" data-sheets-numberformat=\"[null,0]\" data-sheets-formula=\"=Completo!R[0]C[1]\">Engenharia de Software<\/td>\n<\/tr>\n<tr>\n<td data-sheets-value=\"[null,2,&quot;MARCELO CABRAL BATISTA&quot;]\" data-sheets-formula=\"=Upper(Completo!R[0]C[0])\">MARCELO CABRAL BATISTA<\/td>\n<td data-sheets-value=\"[null,2,&quot;Engenharia de Software&quot;]\" data-sheets-numberformat=\"[null,0]\" data-sheets-formula=\"=Completo!R[0]C[1]\">Engenharia de Software<\/td>\n<\/tr>\n<tr>\n<td data-sheets-value=\"[null,2,&quot;MATEUS ALVES VIEIRA NETO&quot;]\" data-sheets-formula=\"=Upper(Completo!R[0]C[0])\">MATEUS ALVES VIEIRA NETO<\/td>\n<td data-sheets-value=\"[null,2,&quot;Engenharia de Software&quot;]\" data-sheets-numberformat=\"[null,0]\" data-sheets-formula=\"=Completo!R[0]C[1]\">Engenharia de Software<\/td>\n<\/tr>\n<tr>\n<td data-sheets-value=\"[null,2,&quot;MATEUS ALVES VIEIRA NETO&quot;]\" data-sheets-formula=\"=Upper(Completo!R[0]C[0])\">MATEUS ALVES VIEIRA NETO<\/td>\n<td data-sheets-value=\"[null,2,&quot;Engenharia de Software&quot;]\" data-sheets-numberformat=\"[null,0]\" data-sheets-formula=\"=Completo!R[0]C[1]\">Engenharia de Software<\/td>\n<\/tr>\n<tr>\n<td data-sheets-value=\"[null,2,&quot;PEDRO RAMIRES CAVALCANTE LIMA&quot;]\" data-sheets-formula=\"=Upper(Completo!R[0]C[0])\">PEDRO RAMIRES CAVALCANTE LIMA<\/td>\n<td data-sheets-value=\"[null,2,&quot;Engenharia de Software&quot;]\" data-sheets-numberformat=\"[null,0]\" data-sheets-formula=\"=Completo!R[0]C[1]\">Engenharia de Software<\/td>\n<\/tr>\n<tr>\n<td data-sheets-value=\"[null,2,&quot;SIDNEY DANILO FIRMINO BEZERRA&quot;]\" data-sheets-formula=\"=Upper(Completo!R[0]C[0])\">SIDNEY DANILO FIRMINO BEZERRA<\/td>\n<td data-sheets-value=\"[null,2,&quot;Engenharia de Software&quot;]\" data-sheets-numberformat=\"[null,0]\" data-sheets-formula=\"=Completo!R[0]C[1]\">Engenharia de Software<\/td>\n<\/tr>\n<tr>\n<td data-sheets-value=\"[null,2,&quot;ALAN LUCAS SILVA MATIAS&quot;]\" data-sheets-formula=\"=Upper(Completo!R[0]C[0])\">ALAN LUCAS SILVA MATIAS<\/td>\n<td data-sheets-value=\"[null,2,&quot;Intelig\\u00eancia Artificial&quot;]\" data-sheets-numberformat=\"[null,0]\" data-sheets-formula=\"=Completo!R[0]C[1]\">Intelig\u00eancia Artificial<\/td>\n<\/tr>\n<tr>\n<td data-sheets-value=\"[null,2,&quot;EVALDO FERNANDES DA SILVA&quot;]\" data-sheets-formula=\"=Upper(Completo!R[0]C[0])\">EVALDO FERNANDES DA SILVA<\/td>\n<td data-sheets-value=\"[null,2,&quot;Intelig\\u00eancia Artificial&quot;]\" data-sheets-numberformat=\"[null,0]\" data-sheets-formula=\"=Completo!R[0]C[1]\">Intelig\u00eancia Artificial<\/td>\n<\/tr>\n<tr>\n<td data-sheets-value=\"[null,2,&quot;FRANCISCO KELVE SOUZA DE ARAG\\u00c3O&quot;]\" data-sheets-formula=\"=Upper(Completo!R[0]C[0])\">FRANCISCO KELVE SOUZA DE ARAG\u00c3O<\/td>\n<td data-sheets-value=\"[null,2,&quot;Intelig\\u00eancia Artificial&quot;]\" data-sheets-numberformat=\"[null,0]\" data-sheets-formula=\"=Completo!R[0]C[1]\">Intelig\u00eancia Artificial<\/td>\n<\/tr>\n<tr>\n<td data-sheets-value=\"[null,2,&quot;JANAIDE NOGUEIRA DE SOUSA&quot;]\" data-sheets-formula=\"=Upper(Completo!R[0]C[0])\">JANAIDE NOGUEIRA DE SOUSA<\/td>\n<td data-sheets-value=\"[null,2,&quot;Intelig\\u00eancia Artificial&quot;]\" data-sheets-numberformat=\"[null,0]\" data-sheets-formula=\"=Completo!R[0]C[1]\">Intelig\u00eancia Artificial<\/td>\n<\/tr>\n<tr>\n<td data-sheets-value=\"[null,2,&quot;JARDEL DAS CHAGAS RODRIGUES&quot;]\" data-sheets-formula=\"=Upper(Completo!R[0]C[0])\">JARDEL DAS CHAGAS RODRIGUES<\/td>\n<td data-sheets-value=\"[null,2,&quot;Intelig\\u00eancia Artificial&quot;]\" data-sheets-numberformat=\"[null,0]\" data-sheets-formula=\"=Completo!R[0]C[1]\">Intelig\u00eancia Artificial<\/td>\n<\/tr>\n<tr>\n<td data-sheets-value=\"[null,2,&quot;LEANDRO BEZERRA MARINHO&quot;]\" data-sheets-formula=\"=Upper(Completo!R[0]C[0])\">LEANDRO BEZERRA MARINHO<\/td>\n<td data-sheets-value=\"[null,2,&quot;Intelig\\u00eancia Artificial&quot;]\" data-sheets-numberformat=\"[null,0]\" data-sheets-formula=\"=Completo!R[0]C[1]\">Intelig\u00eancia Artificial<\/td>\n<\/tr>\n<tr>\n<td data-sheets-value=\"[null,2,&quot;MARCELO DA SILVA MOURA CASADEMUNT&quot;]\" data-sheets-formula=\"=Upper(Completo!R[0]C[0])\">MARCELO DA SILVA MOURA CASADEMUNT<\/td>\n<td data-sheets-value=\"[null,2,&quot;Intelig\\u00eancia Artificial&quot;]\" data-sheets-numberformat=\"[null,0]\" data-sheets-formula=\"=Completo!R[0]C[1]\">Intelig\u00eancia Artificial<\/td>\n<\/tr>\n<tr>\n<td data-sheets-value=\"[null,2,&quot;PRISCILIA BRAGA DA CRUZ&quot;]\" data-sheets-formula=\"=Upper(Completo!R[0]C[0])\">PRISCILIA BRAGA DA CRUZ<\/td>\n<td data-sheets-value=\"[null,2,&quot;Intelig\\u00eancia Artificial&quot;]\" data-sheets-numberformat=\"[null,0]\" data-sheets-formula=\"=Completo!R[0]C[1]\">Intelig\u00eancia Artificial<\/td>\n<\/tr>\n<tr>\n<td data-sheets-value=\"[null,2,&quot;RENATO FRANCISCO PEREIRA&quot;]\" data-sheets-formula=\"=Upper(Completo!R[0]C[0])\">RENATO FRANCISCO PEREIRA<\/td>\n<td data-sheets-value=\"[null,2,&quot;Intelig\\u00eancia Artificial&quot;]\" data-sheets-numberformat=\"[null,0]\" data-sheets-formula=\"=Completo!R[0]C[1]\">Intelig\u00eancia Artificial<\/td>\n<\/tr>\n<tr>\n<td data-sheets-value=\"[null,2,&quot;RONALDO BEZERRA DOS SANTOS FILHO&quot;]\" data-sheets-formula=\"=Upper(Completo!R[0]C[0])\">RONALDO BEZERRA DOS SANTOS FILHO<\/td>\n<td data-sheets-value=\"[null,2,&quot;Intelig\\u00eancia Artificial&quot;]\" data-sheets-numberformat=\"[null,0]\" data-sheets-formula=\"=Completo!R[0]C[1]\">Intelig\u00eancia Artificial<\/td>\n<\/tr>\n<tr>\n<td data-sheets-value=\"[null,2,&quot;WALTER BRED XAVIER DE OLIVEIRA&quot;]\" data-sheets-formula=\"=Upper(Completo!R[0]C[0])\">WALTER BRED XAVIER DE OLIVEIRA<\/td>\n<td data-sheets-value=\"[null,2,&quot;Intelig\\u00eancia Artificial&quot;]\" data-sheets-numberformat=\"[null,0]\" data-sheets-formula=\"=Completo!R[0]C[1]\">Intelig\u00eancia Artificial<\/td>\n<\/tr>\n<tr>\n<td data-sheets-value=\"[null,2,&quot;WENDEL FECHINE DE SOUSA&quot;]\" data-sheets-formula=\"=Upper(Completo!R[0]C[0])\">WENDEL FECHINE DE SOUSA<\/td>\n<td data-sheets-value=\"[null,2,&quot;Intelig\\u00eancia Artificial&quot;]\" data-sheets-numberformat=\"[null,0]\" data-sheets-formula=\"=Completo!R[0]C[1]\">Intelig\u00eancia Artificial<\/td>\n<\/tr>\n<\/tbody>\n<\/table>\n","protected":false},"excerpt":{"rendered":"<p>Est\u00e3o abertas as inscri\u00e7\u00f5es para o 1o. Processo Seletivo do Mestrado em Ci\u00eancia da Computa\u00e7\u00e3o do Instituto Federal do Cear\u00e1\u00a0(PPGCC\/IFCE) para a turma de 2015.1. O Mestrado tem como p\u00fablico alvo\u00a0os portadores de diploma oficial ou reconhecido (ou ainda certificado de conclus\u00e3o, em car\u00e1ter provis\u00f3rio) de curso superior de licenciatura plena, de bacharelado ou de [&hellip;]<\/p>\n","protected":false},"author":1,"featured_media":0,"parent":14,"menu_order":0,"comment_status":"closed","ping_status":"closed","template":"","meta":{"footnotes":""},"class_list":["post-410","page","type-page","status-publish","hentry"],"_links":{"self":[{"href":"https:\/\/ppgcc.ifce.edu.br\/index.php?rest_route=\/wp\/v2\/pages\/410","targetHints":{"allow":["GET"]}}],"collection":[{"href":"https:\/\/ppgcc.ifce.edu.br\/index.php?rest_route=\/wp\/v2\/pages"}],"about":[{"href":"https:\/\/ppgcc.ifce.edu.br\/index.php?rest_route=\/wp\/v2\/types\/page"}],"author":[{"embeddable":true,"href":"https:\/\/ppgcc.ifce.edu.br\/index.php?rest_route=\/wp\/v2\/users\/1"}],"replies":[{"embeddable":true,"href":"https:\/\/ppgcc.ifce.edu.br\/index.php?rest_route=%2Fwp%2Fv2%2Fcomments&post=410"}],"version-history":[{"count":9,"href":"https:\/\/ppgcc.ifce.edu.br\/index.php?rest_route=\/wp\/v2\/pages\/410\/revisions"}],"predecessor-version":[{"id":441,"href":"https:\/\/ppgcc.ifce.edu.br\/index.php?rest_route=\/wp\/v2\/pages\/410\/revisions\/441"}],"up":[{"embeddable":true,"href":"https:\/\/ppgcc.ifce.edu.br\/index.php?rest_route=\/wp\/v2\/pages\/14"}],"wp:attachment":[{"href":"https:\/\/ppgcc.ifce.edu.br\/index.php?rest_route=%2Fwp%2Fv2%2Fmedia&parent=410"}],"curies":[{"name":"wp","href":"https:\/\/api.w.org\/{rel}","templated":true}]}}