{"id":32,"date":"2014-05-22T18:54:52","date_gmt":"2014-05-22T21:54:52","guid":{"rendered":"http:\/\/ppgcc.ifce.edu.br\/?page_id=32"},"modified":"2016-11-24T22:15:20","modified_gmt":"2016-11-25T01:15:20","slug":"publicacoes","status":"publish","type":"page","link":"https:\/\/ppgcc.ifce.edu.br\/?page_id=32","title":{"rendered":"Publica\u00e7\u00f5es"},"content":{"rendered":"<p><strong>Consulte a produ\u00e7\u00e3o cient\u00edfica do PPGCC:<\/strong><\/p>\n<ul>\n<li><a title=\"Produ\u00e7\u00e3o do PPGER\" href=\"https:\/\/sucupira.capes.gov.br\/sucupira\/public\/consultas\/coleta\/producaoIntelectual\/listaProducaoIntelectual.jsf\">CAPES\/Plataforma Sucupira<\/a>: Escolha o ano, informe IFCE no campo \u201cInstitui\u00e7\u00e3o de ensino\u201d e Ci\u00eancia da Computa\u00e7\u00e3o\u00a0em \u201cPrograma:\u201d.<\/li>\n<li><a title=\"LAPISCO - Produ\u00e7\u00e3o\" href=\"http:\/\/lapisco.ifce.edu.br\/?page_id=16\">LAPISCO<\/a><\/li>\n<\/ul>\n","protected":false},"excerpt":{"rendered":"<p>Consulte a produ\u00e7\u00e3o cient\u00edfica do PPGCC: CAPES\/Plataforma Sucupira: Escolha o ano, informe IFCE no campo \u201cInstitui\u00e7\u00e3o de ensino\u201d e Ci\u00eancia da Computa\u00e7\u00e3o\u00a0em \u201cPrograma:\u201d. LAPISCO<\/p>\n","protected":false},"author":1,"featured_media":0,"parent":8,"menu_order":0,"comment_status":"closed","ping_status":"closed","template":"","meta":{"footnotes":""},"class_list":["post-32","page","type-page","status-publish","hentry"],"_links":{"self":[{"href":"https:\/\/ppgcc.ifce.edu.br\/index.php?rest_route=\/wp\/v2\/pages\/32","targetHints":{"allow":["GET"]}}],"collection":[{"href":"https:\/\/ppgcc.ifce.edu.br\/index.php?rest_route=\/wp\/v2\/pages"}],"about":[{"href":"https:\/\/ppgcc.ifce.edu.br\/index.php?rest_route=\/wp\/v2\/types\/page"}],"author":[{"embeddable":true,"href":"https:\/\/ppgcc.ifce.edu.br\/index.php?rest_route=\/wp\/v2\/users\/1"}],"replies":[{"embeddable":true,"href":"https:\/\/ppgcc.ifce.edu.br\/index.php?rest_route=%2Fwp%2Fv2%2Fcomments&post=32"}],"version-history":[{"count":2,"href":"https:\/\/ppgcc.ifce.edu.br\/index.php?rest_route=\/wp\/v2\/pages\/32\/revisions"}],"predecessor-version":[{"id":717,"href":"https:\/\/ppgcc.ifce.edu.br\/index.php?rest_route=\/wp\/v2\/pages\/32\/revisions\/717"}],"up":[{"embeddable":true,"href":"https:\/\/ppgcc.ifce.edu.br\/index.php?rest_route=\/wp\/v2\/pages\/8"}],"wp:attachment":[{"href":"https:\/\/ppgcc.ifce.edu.br\/index.php?rest_route=%2Fwp%2Fv2%2Fmedia&parent=32"}],"curies":[{"name":"wp","href":"https:\/\/api.w.org\/{rel}","templated":true}]}}