{"id":2,"date":"2014-05-22T18:03:46","date_gmt":"2014-05-22T18:03:46","guid":{"rendered":"http:\/\/ppgcc.ifce.edu.br\/?page_id=2"},"modified":"2026-03-19T11:12:58","modified_gmt":"2026-03-19T14:12:58","slug":"pagina-exemplo","status":"publish","type":"page","link":"https:\/\/ppgcc.ifce.edu.br\/?page_id=2","title":{"rendered":"Apresenta\u00e7\u00e3o"},"content":{"rendered":"<h3 style=\"color: #8b7d46;\"><span style=\"color: #454c43;\">O Programa de P\u00f3s-Gradua\u00e7\u00e3o em Ci\u00eancia da Computa\u00e7\u00e3o (PPGCC), do Instituto Federal do Cear\u00e1\u00a0(IFCE) oferece forma\u00e7\u00e3o no n\u00edvel de Mestrado Acad\u00eamico.<\/span><\/h3>\n<p style=\"color: #454c43;\"><span style=\"color: #000000;\">O Programa est\u00e1 organizado em uma \u00e1rea de concentra\u00e7\u00e3o: Sistemas de Computa\u00e7\u00e3o que compreende quatro linhas de pesquisa: Intelig\u00eancia Artificial, Processamento de Sinais e Imagens, Computa\u00e7\u00e3o Aplicada e Redes de computadores e sistemas distribu\u00eddos, que cobrem aspectos te\u00f3ricos e pr\u00e1ticos da Ci\u00eancia da Computa\u00e7\u00e3o.<\/span><\/p>\n<div class=\"page\" title=\"Page 12\">\n<div class=\"layoutArea\">\n<div class=\"column\">\n<p>O objetivo do curso de mestrado acad\u00eamico em Ci\u00eancia da Computa\u00e7\u00e3o \u00e9 formar profissionais pesquisadores capazes de realizar atividades de pesquisa e doc\u00eancia nas \u00e1reas da Sistemas de Computa\u00e7\u00e3o, com \u00eanfase em Intelig\u00eancia Artificial, Computa\u00e7\u00e3o Aplicada e Engenharia de Software, aplicando consistentemente o conhecimento cient\u00edfico no desenvolvimento de novas tecnologias que atendam demandas emergentes da sociedade e contribuindo para o desenvolvimento de um p\u00f3lo tecnol\u00f3gico na regi\u00e3o al\u00e9m de aprofundar a forma\u00e7\u00e3o de profissionais da \u00e1rea de tecnologia com compet\u00eancia na grande \u00e1rea da Ci\u00eancia da Computa\u00e7\u00e3o.<\/p>\n<p>Os profissionais formados dever\u00e3o estar\u00a0aptos a desenvolver e implantar solu\u00e7\u00f5es nas \u00e1reas afins deste mestrado, bem como capaz, por for\u00e7a de sua forma\u00e7\u00e3o, manter-se continuamente atualizado diante do progresso incessante caracter\u00edstico dessa \u00e1rea de atua\u00e7\u00e3o. Por outro lado, visa-se formar um profissional criador e inovador, capaz de participar de equipes para a pesquisa e desenvolvimento de projetos de inova\u00e7\u00e3o, fazendo uso consistente das ci\u00eancias b\u00e1sicas, tais como F\u00edsica, Matem\u00e1tica e Computa\u00e7\u00e3o.<\/p>\n<\/div>\n<\/div>\n<\/div>\n","protected":false},"excerpt":{"rendered":"<p>O Programa de P\u00f3s-Gradua\u00e7\u00e3o em Ci\u00eancia da Computa\u00e7\u00e3o (PPGCC), do Instituto Federal do Cear\u00e1\u00a0(IFCE) oferece forma\u00e7\u00e3o no n\u00edvel de Mestrado Acad\u00eamico. O Programa est\u00e1 organizado em uma \u00e1rea de concentra\u00e7\u00e3o: Sistemas de Computa\u00e7\u00e3o que compreende quatro linhas de pesquisa: Intelig\u00eancia Artificial, Processamento de Sinais e Imagens, Computa\u00e7\u00e3o Aplicada e Redes de computadores e sistemas distribu\u00eddos, [&hellip;]<\/p>\n","protected":false},"author":1,"featured_media":0,"parent":0,"menu_order":0,"comment_status":"open","ping_status":"open","template":"","meta":{"footnotes":""},"class_list":["post-2","page","type-page","status-publish","hentry"],"_links":{"self":[{"href":"https:\/\/ppgcc.ifce.edu.br\/index.php?rest_route=\/wp\/v2\/pages\/2","targetHints":{"allow":["GET"]}}],"collection":[{"href":"https:\/\/ppgcc.ifce.edu.br\/index.php?rest_route=\/wp\/v2\/pages"}],"about":[{"href":"https:\/\/ppgcc.ifce.edu.br\/index.php?rest_route=\/wp\/v2\/types\/page"}],"author":[{"embeddable":true,"href":"https:\/\/ppgcc.ifce.edu.br\/index.php?rest_route=\/wp\/v2\/users\/1"}],"replies":[{"embeddable":true,"href":"https:\/\/ppgcc.ifce.edu.br\/index.php?rest_route=%2Fwp%2Fv2%2Fcomments&post=2"}],"version-history":[{"count":6,"href":"https:\/\/ppgcc.ifce.edu.br\/index.php?rest_route=\/wp\/v2\/pages\/2\/revisions"}],"predecessor-version":[{"id":19053,"href":"https:\/\/ppgcc.ifce.edu.br\/index.php?rest_route=\/wp\/v2\/pages\/2\/revisions\/19053"}],"wp:attachment":[{"href":"https:\/\/ppgcc.ifce.edu.br\/index.php?rest_route=%2Fwp%2Fv2%2Fmedia&parent=2"}],"curies":[{"name":"wp","href":"https:\/\/api.w.org\/{rel}","templated":true}]}}