{"id":18801,"date":"2024-09-04T15:22:23","date_gmt":"2024-09-04T18:22:23","guid":{"rendered":"https:\/\/ppgcc.ifce.edu.br\/?page_id=18801"},"modified":"2024-10-17T11:43:18","modified_gmt":"2024-10-17T14:43:18","slug":"processo-seletivo-turma-2025-1","status":"publish","type":"page","link":"https:\/\/ppgcc.ifce.edu.br\/?page_id=18801","title":{"rendered":"Processo Seletivo &#8211; Turma 2025.1"},"content":{"rendered":"\n<p class=\"has-small-font-size\"><strong>EDITAL<\/strong>&nbsp;<a href=\"https:\/\/ifce.edu.br\/acesso-rapido\/concursos-publicos\/editais\/pos-graduacao\/mestrado\/2024\/mestrado-em-ciencia-da-computacao-campus-de-fortaleza\">No.20\/2023 &#8211; Turma 2025.1<\/a>&nbsp;(encontre neste link todos os anexos e documentos do processo seletivo).<br>Esteja atento \u00e0s <strong>datas<\/strong> de cada etapa do processo e eventuais&nbsp;<strong>retifica\u00e7\u00f5es<\/strong>)<br><strong>D\u00favidas sobre o processo seletivo devem ser encaminhadas para selecao@ppgcc.ifce.edu.b<\/strong>r<\/p>\n\n\n\n<p class=\"has-small-font-size\"><strong>ATEN\u00c7\u00c3O OS ANEXOS PODEM APARECER COMO INDICADO ABAIXO:<\/strong><\/p>\n\n\n\n<ul class=\"wp-block-list\">\n<li class=\"has-small-font-size\">&#8220;Anexo I &#8211; Temas de Pesquisa&#8221; &#8211; arquivo PDF \u00fanico contendo os temas de pesquisa<\/li>\n\n\n\n<li class=\"has-small-font-size\">&#8220;Anexos II a VII&#8221; &#8211; arquivo PDF \u00fanico contendo os demais anexos de II a VIII\n<ul class=\"wp-block-list\">\n<li>Este arquivo cont\u00e9m os Anexos II a VIII<\/li>\n\n\n\n<li>A tabela de pontua\u00e7\u00e3o, Anexo IV, se refere ao per\u00edodo de 2021 a 2024, conforme item 4.5.5 do edital.<\/li>\n<\/ul>\n<\/li>\n<\/ul>\n\n\n\n<h2 class=\"wp-block-heading has-small-font-size\"><strong><s>ACESSE AQUI O <\/s><\/strong><a href=\"http:\/\/ppger.ifce.edu.br\/formulario-de-inscricao-ppgcc-turma-2025-1\/\"><s>>>> FORMUL\u00c1RIO DE INSCRI\u00c7\u00c3O &lt;&lt;&lt;<\/s><\/a><strong><s> <\/s><\/strong><\/h2>\n\n\n\n<p class=\"has-small-font-size\"><strong><s>(dispon\u00edvel apenas durante o per\u00edodo especificado no edital)<\/s><\/strong><\/p>\n\n\n\n<h1 class=\"wp-block-heading has-medium-font-size\">Eventos principais do processo seletivo<\/h1>\n\n\n\n<ul class=\"wp-block-list\">\n<li><strong>IN<s>SCRI\u00c7\u00d5ES<\/s><\/strong>\n<ul class=\"wp-block-list\">\n<li class=\"has-small-font-size\"><s>Final das inscri\u00e7\u00f5es (23\/09\/2024)<\/s><\/li>\n\n\n\n<li class=\"has-small-font-size\"><s>Lista final das inscri\u00e7\u00f5es deferidas e indeferidas e informa\u00e7\u00f5es para a realiza\u00e7\u00e3o da prova escrita \u00a0(25\/09\/2024)<\/s><\/li>\n<\/ul>\n<\/li>\n\n\n\n<li><strong>Etapa 1<\/strong> &#8211; Prova Escrita\n<ul class=\"wp-block-list\">\n<li class=\"has-small-font-size\">Informa\u00e7\u00f5es sobre a prova\n<ul class=\"wp-block-list\">\n<li>Local<strong>: Audit\u00f3rio da P\u00f3s-Gradua\u00e7\u00e3o, Bloco Did\u00e1tico, 2o. andar (bloco das salas de aula da p\u00f3s-gradua\u00e7\u00e3o, sobre o estacionamento coberto)<\/strong><\/li>\n\n\n\n<li>Entrada pela Av. 13 de Maio &#8211; Apresentar documento de identidade.<\/li>\n\n\n\n<li>Data e Hor\u00e1rio da prova: 19\/10\/2024 (s\u00e1bado) <strong>das 09:00 \u00e0s 11:00 (recomenda-se chegar com 1 hora de anteced\u00eancia)<\/strong><\/li>\n<\/ul>\n<\/li>\n<\/ul>\n<\/li>\n<\/ul>\n\n\n\n<hr class=\"wp-block-separator has-alpha-channel-opacity\"\/>\n\n\n\n<p class=\"has-small-font-size\"><strong>Comiss\u00e3o de Sele\u00e7\u00e3o<br><\/strong>E-mail: \u200bselecao@ppgcc.ifce.edu.br<\/p>\n\n\n\n<p class=\"has-small-font-size\"><strong>Secretaria do PPGCC<\/strong><br>Fone: <strong>(85) 3307-4020<\/strong>, e-mail: dippg.secretaria@ifce.edu.br<br>Av. \u200b13 de Maio, 2081 &#8211; F\u00e1tima, Fortaleza &#8211; CE, 60040-531<\/p>\n\n\n\n<p class=\"has-small-font-size\"><strong>Coordenadoria do PPGCC<\/strong><br>E-mail: \u200bcoord@ppgcc.ifce.edu.br<\/p>\n\n\n\n<p><\/p>\n","protected":false},"excerpt":{"rendered":"<p>EDITAL&nbsp;No.20\/2023 &#8211; Turma 2025.1&nbsp;(encontre neste link todos os anexos e documentos do processo seletivo).Esteja atento \u00e0s datas de cada etapa do processo e eventuais&nbsp;retifica\u00e7\u00f5es)D\u00favidas sobre o processo seletivo devem ser encaminhadas para selecao@ppgcc.ifce.edu.br ATEN\u00c7\u00c3O OS ANEXOS PODEM APARECER COMO INDICADO ABAIXO: ACESSE AQUI O >>> FORMUL\u00c1RIO DE INSCRI\u00c7\u00c3O &lt;&lt;&lt; (dispon\u00edvel apenas durante o per\u00edodo especificado [&hellip;]<\/p>\n","protected":false},"author":1,"featured_media":0,"parent":609,"menu_order":0,"comment_status":"closed","ping_status":"closed","template":"","meta":{"footnotes":""},"class_list":["post-18801","page","type-page","status-publish","hentry"],"_links":{"self":[{"href":"https:\/\/ppgcc.ifce.edu.br\/index.php?rest_route=\/wp\/v2\/pages\/18801","targetHints":{"allow":["GET"]}}],"collection":[{"href":"https:\/\/ppgcc.ifce.edu.br\/index.php?rest_route=\/wp\/v2\/pages"}],"about":[{"href":"https:\/\/ppgcc.ifce.edu.br\/index.php?rest_route=\/wp\/v2\/types\/page"}],"author":[{"embeddable":true,"href":"https:\/\/ppgcc.ifce.edu.br\/index.php?rest_route=\/wp\/v2\/users\/1"}],"replies":[{"embeddable":true,"href":"https:\/\/ppgcc.ifce.edu.br\/index.php?rest_route=%2Fwp%2Fv2%2Fcomments&post=18801"}],"version-history":[{"count":6,"href":"https:\/\/ppgcc.ifce.edu.br\/index.php?rest_route=\/wp\/v2\/pages\/18801\/revisions"}],"predecessor-version":[{"id":18868,"href":"https:\/\/ppgcc.ifce.edu.br\/index.php?rest_route=\/wp\/v2\/pages\/18801\/revisions\/18868"}],"up":[{"embeddable":true,"href":"https:\/\/ppgcc.ifce.edu.br\/index.php?rest_route=\/wp\/v2\/pages\/609"}],"wp:attachment":[{"href":"https:\/\/ppgcc.ifce.edu.br\/index.php?rest_route=%2Fwp%2Fv2%2Fmedia&parent=18801"}],"curies":[{"name":"wp","href":"https:\/\/api.w.org\/{rel}","templated":true}]}}