{"id":18555,"date":"2023-09-15T09:33:30","date_gmt":"2023-09-15T12:33:30","guid":{"rendered":"http:\/\/ppgcc.ifce.edu.br\/?page_id=18555"},"modified":"2024-06-06T14:12:27","modified_gmt":"2024-06-06T17:12:27","slug":"processo-seletivo-turma-2024-1","status":"publish","type":"page","link":"https:\/\/ppgcc.ifce.edu.br\/?page_id=18555","title":{"rendered":"Processo Seletivo &#8211; Turma 2024.1 [Atualizado 4x]"},"content":{"rendered":"\n<p><strong>EDITAL<\/strong>\u00a0<a href=\"https:\/\/ifce.edu.br\/acesso-rapido\/concursos-publicos\/editais\/pos-graduacao\/mestrado\/2023\/mestrado-academico-em-ciencia-da-computacao\">No.43\/2023 &#8211; Turma 2024.1<\/a>\u00a0(encontre neste link todos os anexos e documentos do processo seletivo).<br>Esteja atento \u00e0s <strong>datas<\/strong> de cada etapa do processo e eventuais\u00a0<strong>retifica\u00e7\u00f5es<\/strong>)<br><strong>D\u00favidas sobre o processo seletivo devem ser encaminhadas para selecao@ppgcc.ifce.edu.b<\/strong><\/p>\n\n\n\n<p><strong><s>ATEN\u00c7\u00c3O OS ANEXOS PODEM APARECER COMO INDICADO ABAIXO:<\/s><\/strong><\/p>\n\n\n\n<ul class=\"wp-block-list\"><li><s>&#8220;Anexo I &#8211; Temas de Pesquisa&#8221; &#8211; arquivo PDF \u00fanico contendo os temas de pesquisa<\/s><\/li><li><s>&#8220;Anexos II a VII&#8221; &#8211; arquivo PDF \u00fanico contendo os demais anexos de II a VIII <\/s><ul><li><s>Este arquivo cont\u00e9m os Anexos II a VIII<\/s><\/li><li><s>A tabela de pontua\u00e7\u00e3o, Anexo IV, se refere ao per\u00edodo de 2020 a 2023, conforme item 4.5.5 do edital.<\/s><\/li><\/ul><\/li><\/ul>\n\n\n\n<h2 class=\"wp-block-heading\"><strong><s>ACESSE AQUI O <\/s><\/strong><a href=\"http:\/\/ppger.ifce.edu.br\/formulario-de-inscricao-ppgcc-turma-2024-1\/\"><s>&gt;&gt;&gt; FORMUL\u00c1RIO DE INSCRI\u00c7\u00c3O &lt;&lt;&lt;<\/s><\/a><strong><s> <\/s><\/strong><\/h2>\n\n\n\n<p><strong><s>(dispon\u00edvel apenas durante o per\u00edodo especificado no edital)<\/s><\/strong><\/p>\n\n\n<h1>Eventos principais do processo seletivo<\/h1>\n<ul>\n<li><del><strong>INSCRI\u00c7\u00d5ES<\/strong><\/del>\n<ul>\n<li><del>Final das inscri\u00e7\u00f5es (29\/09\/2023)<\/del><\/li>\n<li><del>Lista final das inscri\u00e7\u00f5es deferidas e indeferidas e informa\u00e7\u00f5es para a realiza\u00e7\u00e3o da prova escrita &nbsp;(06\/10\/2023)<\/del><\/li>\n<\/ul>\n<\/li>\n<li><del><strong>ETAPA 1<\/strong> (prova escrita)<\/del>\n<ul>\n<li><del>Informa\u00e7\u00f5es sobre a prova:<\/del>\n<ul>\n<li><del>Local<strong>: Audit\u00f3rio da P\u00f3s-Gradua\u00e7\u00e3o, Bloco Did\u00e1tico, 2o. andar (bloco das salas de aula da p\u00f3s-gradua\u00e7\u00e3o, sobre o estacionamento coberto)<\/strong><\/del><\/li>\n<li><del>Entrada pela Av. 13 de Maio &#8211; Apresentar documento de identidade.<\/del><\/li>\n<li><del>Data e Hor\u00e1rio da prova: 07\/10\/2023 (s\u00e1bado) <strong>das 09:00 \u00e0s 11:00 (recomenda-se chegar com 1 hora de anteced\u00eancia)<\/strong><\/del><\/li>\n<\/ul>\n<\/li>\n<li><del>Resultado final e calend\u00e1rio de argui\u00e7\u00e3o oral (20\/10\/2023)<\/del><\/li>\n<\/ul>\n<\/li>\n<li><del><strong>ETAPA 2<\/strong>&nbsp;(argui\u00e7\u00e3o oral)<\/del>\n<ul>\n<li><del>Resultado final (10\/11\/2023)<\/del><\/li>\n<\/ul>\n<\/li>\n<li><strong>ETAPA 3<\/strong>&nbsp;(an\u00e1lise de hist\u00f3rico e curr\u00edculo)\n<ul>\n<li><del>Resultado preliminar do processo seletivo (20\/11\/2023)<\/del><\/li>\n<li><del>Informa\u00e7\u00f5es sobre o processo de <a href=\"https:\/\/ifce.edu.br\/acesso-rapido\/concursos-publicos\/editais\/pos-graduacao\/mestrado\/2024\/mestrado-academico-em-ciencia-da-computacao\/cronograma-de-heteroidentificacao-e-procedimentos-de-afericao-editais-de-pos-graduacao-18-12-23.pdf\/view\"><strong>heteroidentifica\u00e7\u00e3o<\/strong><\/a> (13 a 18\/12\/2023) <strong>[NOVO]<\/strong><\/del><\/li>\n<li><del>Resultado do processo de <strong>heteroidentifica\u00e7\u00e3o<\/strong> (19\/12\/2023) <strong>ATUALIZADO!&nbsp;<\/strong><\/del><\/li>\n<li><a href=\"https:\/\/ifce.edu.br\/acesso-rapido\/concursos-publicos\/editais\/pos-graduacao\/mestrado\/2023\/mestrado-academico-em-ciencia-da-computacao\/resultado-final-da-prova-escrita.pdf\/view\">Resultado final do processo seletivo<\/a> (previsto 22\/12\/2023) <strong>ATUALIZADO!<\/strong><\/li>\n<\/ul>\n<\/li>\n<li><strong>MATR\u00cdCULA NOVATOS <\/strong><strong>(08\/01\/2024 &#8211; ver <a href=\"http:\/\/ppgcc.ifce.edu.br\/?page_id=791\">oferta<\/a>) ATUALIZADO!<\/strong>\n<ul>\n<li><a href=\"http:\/\/ppgcc.ifce.edu.br\/?page_id=16670\">Instru\u00e7\u00f5es para matr\u00edcula de novatos<\/a> (seu futuro orientador est\u00e1 no Anexo I do edital; contacte-o no per\u00edodo de matr\u00edcula nas <strong>disciplinas<\/strong>)<\/li>\n<li><strong>Classific\u00e1veis<\/strong> devem aguardar chamada por e-mail (<strong>ap\u00f3s<\/strong> a matr\u00edcula dos classificados)<\/li>\n<\/ul>\n<\/li>\n<\/ul>\n<blockquote>\n<p>ATEN\u00c7\u00c3O! O edital para&nbsp;<a href=\"http:\/\/ppgcc.ifce.edu.br\/?page_id=16929\"><strong>bolsas de mestrado<\/strong><\/a>&nbsp;ocorre em fluxo cont\u00ednuo.<\/p>\n<\/blockquote>\n<hr>\n<p><strong>Comiss\u00e3o de Sele\u00e7\u00e3o<br><\/strong>E-mail: \u200bselecao@ppgcc.ifce.edu.br<\/p>\n<p><strong>Secretaria do PPGCC<\/strong><br>Fone: <strong>(85) 3307-4020<\/strong>, e-mail: dippg.secretaria@ifce.edu.br<br>Av. \u200b13 de Maio, 2081 &#8211; F\u00e1tima, Fortaleza &#8211; CE, 60040-531<\/p>\n<p><strong>Coordenadoria do PPGCC<\/strong><br>E-mail: \u200bcoord@ppgcc.ifce.edu.br<\/p>\n\n\n<p><\/p>\n","protected":false},"excerpt":{"rendered":"<p>EDITAL\u00a0No.43\/2023 &#8211; Turma 2024.1\u00a0(encontre neste link todos os anexos e documentos do processo seletivo).Esteja atento \u00e0s datas de cada etapa do processo e eventuais\u00a0retifica\u00e7\u00f5es)D\u00favidas sobre o processo seletivo devem ser encaminhadas para selecao@ppgcc.ifce.edu.b ATEN\u00c7\u00c3O OS ANEXOS PODEM APARECER COMO INDICADO ABAIXO: &#8220;Anexo I &#8211; Temas de Pesquisa&#8221; &#8211; arquivo PDF \u00fanico contendo os temas de [&hellip;]<\/p>\n","protected":false},"author":14,"featured_media":0,"parent":609,"menu_order":0,"comment_status":"closed","ping_status":"closed","template":"","meta":{"footnotes":""},"class_list":["post-18555","page","type-page","status-publish","hentry"],"_links":{"self":[{"href":"https:\/\/ppgcc.ifce.edu.br\/index.php?rest_route=\/wp\/v2\/pages\/18555","targetHints":{"allow":["GET"]}}],"collection":[{"href":"https:\/\/ppgcc.ifce.edu.br\/index.php?rest_route=\/wp\/v2\/pages"}],"about":[{"href":"https:\/\/ppgcc.ifce.edu.br\/index.php?rest_route=\/wp\/v2\/types\/page"}],"author":[{"embeddable":true,"href":"https:\/\/ppgcc.ifce.edu.br\/index.php?rest_route=\/wp\/v2\/users\/14"}],"replies":[{"embeddable":true,"href":"https:\/\/ppgcc.ifce.edu.br\/index.php?rest_route=%2Fwp%2Fv2%2Fcomments&post=18555"}],"version-history":[{"count":49,"href":"https:\/\/ppgcc.ifce.edu.br\/index.php?rest_route=\/wp\/v2\/pages\/18555\/revisions"}],"predecessor-version":[{"id":18794,"href":"https:\/\/ppgcc.ifce.edu.br\/index.php?rest_route=\/wp\/v2\/pages\/18555\/revisions\/18794"}],"up":[{"embeddable":true,"href":"https:\/\/ppgcc.ifce.edu.br\/index.php?rest_route=\/wp\/v2\/pages\/609"}],"wp:attachment":[{"href":"https:\/\/ppgcc.ifce.edu.br\/index.php?rest_route=%2Fwp%2Fv2%2Fmedia&parent=18555"}],"curies":[{"name":"wp","href":"https:\/\/api.w.org\/{rel}","templated":true}]}}