{"id":17013,"date":"2022-01-24T18:57:00","date_gmt":"2022-01-24T21:57:00","guid":{"rendered":"http:\/\/ppgcc.ifce.edu.br\/?page_id=17013"},"modified":"2022-02-23T08:14:54","modified_gmt":"2022-02-23T11:14:54","slug":"secretaria","status":"publish","type":"page","link":"https:\/\/ppgcc.ifce.edu.br\/?page_id=17013","title":{"rendered":"Secretaria"},"content":{"rendered":"\n<p>Fone: <strong>(85) 3307-4020<\/strong>, e-mail: \u200b<strong>dippg.secretaria@ifce.edu.br<\/strong><br>Campus Fortaleza &#8211; Bloco da P\u00f3s-Gradua\u00e7\u00e3o<br>Av. \u200b13 de Maio, 2081 \u2013 F\u00e1tima, Fortaleza \u2013 CE, 60040-531<\/p>\n\n\n\n<ul class=\"wp-block-list\"><li><a href=\"http:\/\/ppgcc.ifce.edu.br\/?page_id=791\">Calend\u00e1rio Letivo<\/a><\/li><li><a href=\"http:\/\/ppgcc.ifce.edu.br\/?page_id=17208\">Disponibilidade da Sala PG204<\/a> (somente com e-mail institucional)<\/li><\/ul>\n\n\n\n<h2 class=\"wp-block-heading\"><strong>Acesso restrito \u00e0 secretaria:<\/strong><\/h2>\n\n\n\n<ul class=\"wp-block-list\"><li><a href=\"https:\/\/docs.google.com\/spreadsheets\/d\/1qvbMh8RZ5lIdQmIctRq3cS35pUYA3x84gKHzK7j19bQ\/edit#gid=0\">RESTRITO: Planilha com dados do programa<\/a><\/li><\/ul>\n\n\n\n<h2 class=\"wp-block-heading\"><strong>Processos simplificados:<\/strong> <\/h2>\n\n\n\n<figure class=\"wp-block-image is-resized\"><img loading=\"lazy\" decoding=\"async\" src=\"http:\/\/ppgcc.ifce.edu.br\/wp-content\/uploads\/2022\/02\/legenda.png\" alt=\"\" class=\"wp-image-17183\" width=\"264\" height=\"142\" srcset=\"https:\/\/ppgcc.ifce.edu.br\/wp-content\/uploads\/2022\/02\/legenda.png 974w, https:\/\/ppgcc.ifce.edu.br\/wp-content\/uploads\/2022\/02\/legenda-300x161.png 300w, https:\/\/ppgcc.ifce.edu.br\/wp-content\/uploads\/2022\/02\/legenda-768x413.png 768w, https:\/\/ppgcc.ifce.edu.br\/wp-content\/uploads\/2022\/02\/legenda-150x81.png 150w\" sizes=\"auto, (max-width: 264px) 100vw, 264px\" \/><figcaption>Legenda<\/figcaption><\/figure>\n\n\n\n<figure class=\"wp-block-image\"><img loading=\"lazy\" decoding=\"async\" width=\"1024\" height=\"399\" src=\"http:\/\/ppgcc.ifce.edu.br\/wp-content\/uploads\/2022\/02\/matricula-institucional-1-1024x399.png\" alt=\"\" class=\"wp-image-17260\" srcset=\"https:\/\/ppgcc.ifce.edu.br\/wp-content\/uploads\/2022\/02\/matricula-institucional-1-1024x399.png 1024w, https:\/\/ppgcc.ifce.edu.br\/wp-content\/uploads\/2022\/02\/matricula-institucional-1-300x117.png 300w, https:\/\/ppgcc.ifce.edu.br\/wp-content\/uploads\/2022\/02\/matricula-institucional-1-768x299.png 768w, https:\/\/ppgcc.ifce.edu.br\/wp-content\/uploads\/2022\/02\/matricula-institucional-1-150x58.png 150w, https:\/\/ppgcc.ifce.edu.br\/wp-content\/uploads\/2022\/02\/matricula-institucional-1.png 1426w\" sizes=\"auto, (max-width: 1024px) 100vw, 1024px\" \/><\/figure>\n\n\n\n<figure class=\"wp-block-image\"><img loading=\"lazy\" decoding=\"async\" width=\"1024\" height=\"399\" src=\"http:\/\/ppgcc.ifce.edu.br\/wp-content\/uploads\/2022\/02\/vinculo-institucional-1024x399.png\" alt=\"\" class=\"wp-image-17263\" srcset=\"https:\/\/ppgcc.ifce.edu.br\/wp-content\/uploads\/2022\/02\/vinculo-institucional-1024x399.png 1024w, https:\/\/ppgcc.ifce.edu.br\/wp-content\/uploads\/2022\/02\/vinculo-institucional-300x117.png 300w, https:\/\/ppgcc.ifce.edu.br\/wp-content\/uploads\/2022\/02\/vinculo-institucional-768x299.png 768w, https:\/\/ppgcc.ifce.edu.br\/wp-content\/uploads\/2022\/02\/vinculo-institucional-150x58.png 150w, https:\/\/ppgcc.ifce.edu.br\/wp-content\/uploads\/2022\/02\/vinculo-institucional.png 1428w\" sizes=\"auto, (max-width: 1024px) 100vw, 1024px\" \/><\/figure>\n\n\n\n<figure class=\"wp-block-image\"><img loading=\"lazy\" decoding=\"async\" width=\"1024\" height=\"410\" src=\"http:\/\/ppgcc.ifce.edu.br\/wp-content\/uploads\/2022\/02\/exame-de-qualificacao-1024x410.png\" alt=\"\" class=\"wp-image-17264\" srcset=\"https:\/\/ppgcc.ifce.edu.br\/wp-content\/uploads\/2022\/02\/exame-de-qualificacao-1024x410.png 1024w, https:\/\/ppgcc.ifce.edu.br\/wp-content\/uploads\/2022\/02\/exame-de-qualificacao-300x120.png 300w, https:\/\/ppgcc.ifce.edu.br\/wp-content\/uploads\/2022\/02\/exame-de-qualificacao-768x307.png 768w, https:\/\/ppgcc.ifce.edu.br\/wp-content\/uploads\/2022\/02\/exame-de-qualificacao-150x60.png 150w, https:\/\/ppgcc.ifce.edu.br\/wp-content\/uploads\/2022\/02\/exame-de-qualificacao.png 1794w\" sizes=\"auto, (max-width: 1024px) 100vw, 1024px\" \/><\/figure>\n\n\n\n<figure class=\"wp-block-image\"><img loading=\"lazy\" decoding=\"async\" width=\"1024\" height=\"398\" src=\"http:\/\/ppgcc.ifce.edu.br\/wp-content\/uploads\/2022\/02\/defesa-de-dissertacao-1024x398.png\" alt=\"\" class=\"wp-image-17262\" srcset=\"https:\/\/ppgcc.ifce.edu.br\/wp-content\/uploads\/2022\/02\/defesa-de-dissertacao-1024x398.png 1024w, https:\/\/ppgcc.ifce.edu.br\/wp-content\/uploads\/2022\/02\/defesa-de-dissertacao-300x117.png 300w, https:\/\/ppgcc.ifce.edu.br\/wp-content\/uploads\/2022\/02\/defesa-de-dissertacao-768x299.png 768w, https:\/\/ppgcc.ifce.edu.br\/wp-content\/uploads\/2022\/02\/defesa-de-dissertacao-150x58.png 150w, https:\/\/ppgcc.ifce.edu.br\/wp-content\/uploads\/2022\/02\/defesa-de-dissertacao.png 1830w\" sizes=\"auto, (max-width: 1024px) 100vw, 1024px\" \/><\/figure>\n\n\n\n<figure class=\"wp-block-image\"><img loading=\"lazy\" decoding=\"async\" width=\"1024\" height=\"397\" src=\"http:\/\/ppgcc.ifce.edu.br\/wp-content\/uploads\/2022\/02\/emissao-de-diploma-1024x397.png\" alt=\"\" class=\"wp-image-17261\" srcset=\"https:\/\/ppgcc.ifce.edu.br\/wp-content\/uploads\/2022\/02\/emissao-de-diploma-1024x397.png 1024w, https:\/\/ppgcc.ifce.edu.br\/wp-content\/uploads\/2022\/02\/emissao-de-diploma-300x116.png 300w, https:\/\/ppgcc.ifce.edu.br\/wp-content\/uploads\/2022\/02\/emissao-de-diploma-768x298.png 768w, https:\/\/ppgcc.ifce.edu.br\/wp-content\/uploads\/2022\/02\/emissao-de-diploma-150x58.png 150w, https:\/\/ppgcc.ifce.edu.br\/wp-content\/uploads\/2022\/02\/emissao-de-diploma.png 1434w\" sizes=\"auto, (max-width: 1024px) 100vw, 1024px\" \/><\/figure>\n","protected":false},"excerpt":{"rendered":"<p>Fone: (85) 3307-4020, e-mail: \u200bdippg.secretaria@ifce.edu.brCampus Fortaleza &#8211; Bloco da P\u00f3s-Gradua\u00e7\u00e3oAv. \u200b13 de Maio, 2081 \u2013 F\u00e1tima, Fortaleza \u2013 CE, 60040-531 Calend\u00e1rio Letivo Disponibilidade da Sala PG204 (somente com e-mail institucional) Acesso restrito \u00e0 secretaria: RESTRITO: Planilha com dados do programa Processos simplificados:<\/p>\n","protected":false},"author":14,"featured_media":0,"parent":0,"menu_order":0,"comment_status":"closed","ping_status":"closed","template":"","meta":{"footnotes":""},"class_list":["post-17013","page","type-page","status-publish","hentry"],"_links":{"self":[{"href":"https:\/\/ppgcc.ifce.edu.br\/index.php?rest_route=\/wp\/v2\/pages\/17013","targetHints":{"allow":["GET"]}}],"collection":[{"href":"https:\/\/ppgcc.ifce.edu.br\/index.php?rest_route=\/wp\/v2\/pages"}],"about":[{"href":"https:\/\/ppgcc.ifce.edu.br\/index.php?rest_route=\/wp\/v2\/types\/page"}],"author":[{"embeddable":true,"href":"https:\/\/ppgcc.ifce.edu.br\/index.php?rest_route=\/wp\/v2\/users\/14"}],"replies":[{"embeddable":true,"href":"https:\/\/ppgcc.ifce.edu.br\/index.php?rest_route=%2Fwp%2Fv2%2Fcomments&post=17013"}],"version-history":[{"count":26,"href":"https:\/\/ppgcc.ifce.edu.br\/index.php?rest_route=\/wp\/v2\/pages\/17013\/revisions"}],"predecessor-version":[{"id":17274,"href":"https:\/\/ppgcc.ifce.edu.br\/index.php?rest_route=\/wp\/v2\/pages\/17013\/revisions\/17274"}],"wp:attachment":[{"href":"https:\/\/ppgcc.ifce.edu.br\/index.php?rest_route=%2Fwp%2Fv2%2Fmedia&parent=17013"}],"curies":[{"name":"wp","href":"https:\/\/api.w.org\/{rel}","templated":true}]}}