{"id":16907,"date":"2021-12-21T20:36:53","date_gmt":"2021-12-21T23:36:53","guid":{"rendered":"http:\/\/ppgcc.ifce.edu.br\/?page_id=16907"},"modified":"2022-02-23T08:33:58","modified_gmt":"2022-02-23T11:33:58","slug":"matricula","status":"publish","type":"page","link":"https:\/\/ppgcc.ifce.edu.br\/?page_id=16907","title":{"rendered":"FAQ"},"content":{"rendered":"\n<ul class=\"wp-block-list\"><li><a href=\"http:\/\/ppgcc.ifce.edu.br\/?page_id=17143\">Nova Matriz de 2022<\/a><\/li><li><a href=\"http:\/\/ppgcc.ifce.edu.br\/?page_id=617\">Estrutura do Programa<\/a><\/li><li><a href=\"http:\/\/ppgcc.ifce.edu.br\/?page_id=16921\">Qualifica\u00e7\u00e3o e Defesa<\/a><\/li><li><a href=\"http:\/\/ppgcc.ifce.edu.br\/?page_id=125\">Alunos especiais<\/a><\/li><li><a href=\"http:\/\/ppgcc.ifce.edu.br\/?page_id=731\">Avalia\u00e7\u00e3o do Curso<\/a><\/li><li><a href=\"https:\/\/ifce.edu.br\/prpi\/pos-graduacao-1\">P\u00f3s-gradua\u00e7\u00e3o no IFCE<\/a><\/li><\/ul>\n","protected":false},"excerpt":{"rendered":"<p>Nova Matriz de 2022 Estrutura do Programa Qualifica\u00e7\u00e3o e Defesa Alunos especiais Avalia\u00e7\u00e3o do Curso P\u00f3s-gradua\u00e7\u00e3o no IFCE<\/p>\n","protected":false},"author":14,"featured_media":0,"parent":0,"menu_order":0,"comment_status":"closed","ping_status":"closed","template":"","meta":{"footnotes":""},"class_list":["post-16907","page","type-page","status-publish","hentry"],"_links":{"self":[{"href":"https:\/\/ppgcc.ifce.edu.br\/index.php?rest_route=\/wp\/v2\/pages\/16907","targetHints":{"allow":["GET"]}}],"collection":[{"href":"https:\/\/ppgcc.ifce.edu.br\/index.php?rest_route=\/wp\/v2\/pages"}],"about":[{"href":"https:\/\/ppgcc.ifce.edu.br\/index.php?rest_route=\/wp\/v2\/types\/page"}],"author":[{"embeddable":true,"href":"https:\/\/ppgcc.ifce.edu.br\/index.php?rest_route=\/wp\/v2\/users\/14"}],"replies":[{"embeddable":true,"href":"https:\/\/ppgcc.ifce.edu.br\/index.php?rest_route=%2Fwp%2Fv2%2Fcomments&post=16907"}],"version-history":[{"count":5,"href":"https:\/\/ppgcc.ifce.edu.br\/index.php?rest_route=\/wp\/v2\/pages\/16907\/revisions"}],"predecessor-version":[{"id":18817,"href":"https:\/\/ppgcc.ifce.edu.br\/index.php?rest_route=\/wp\/v2\/pages\/16907\/revisions\/18817"}],"wp:attachment":[{"href":"https:\/\/ppgcc.ifce.edu.br\/index.php?rest_route=%2Fwp%2Fv2%2Fmedia&parent=16907"}],"curies":[{"name":"wp","href":"https:\/\/api.w.org\/{rel}","templated":true}]}}