{"id":16883,"date":"2021-12-21T20:12:23","date_gmt":"2021-12-21T23:12:23","guid":{"rendered":"http:\/\/ppgcc.ifce.edu.br\/?page_id=16883"},"modified":"2023-08-23T07:47:11","modified_gmt":"2023-08-23T10:47:11","slug":"planejamento-discente","status":"publish","type":"page","link":"https:\/\/ppgcc.ifce.edu.br\/?page_id=16883","title":{"rendered":"Planejamento DISCENTE"},"content":{"rendered":"\n<ul class=\"wp-block-list\"><li><a href=\"http:\/\/ppgcc.ifce.edu.br\/?page_id=791\">OFERTA e CALEND\u00c1RIO LETIVO<\/a><\/li><li><a href=\"http:\/\/ppgcc.ifce.edu.br\/?page_id=17208\">Disponibilidade da Sala PG204<\/a> (somente com e-mail institucional)<\/li><\/ul>\n\n\n\n<p><strong>Planilha com prazos para qualifica\u00e7\u00e3o e defesa (aguarde carregamento):<\/strong><\/p>\n\n\n\n<figure><iframe loading=\"lazy\" width=\"640\" height=\"400\" src=\"https:\/\/docs.google.com\/spreadsheets\/d\/e\/2PACX-1vRuMTqP6q2w93tYCb70iIElmtTFqth1GVpfGvUKVtX7UfpNOb3gLahdmHOnJM2YPIbD821CUyl6wwsC\/pubhtml?widget=true&amp;headers=false\"><\/iframe><\/figure>\n\n\n\n<h2 class=\"wp-block-heading\">Diagrama-resumo do regimento e resolu\u00e7\u00f5es<\/h2>\n\n\n\n<iframe loading=\"lazy\" width=\"640\" height=\"700\" src=\"https:\/\/docs.google.com\/document\/d\/e\/2PACX-1vSpMZD6MeK9zLQ_Om0d6MnZbgliGCpbjfCinl2Yf36XlvYaeRtJID0Y3pyrJx-t0WCQ5n2dOjrpCoPi\/pub?embedded=true\"><\/iframe>\n","protected":false},"excerpt":{"rendered":"<p>OFERTA e CALEND\u00c1RIO LETIVO Disponibilidade da Sala PG204 (somente com e-mail institucional) Planilha com prazos para qualifica\u00e7\u00e3o e defesa (aguarde carregamento): Diagrama-resumo do regimento e resolu\u00e7\u00f5es<\/p>\n","protected":false},"author":14,"featured_media":0,"parent":0,"menu_order":0,"comment_status":"closed","ping_status":"closed","template":"","meta":{"footnotes":""},"class_list":["post-16883","page","type-page","status-publish","hentry"],"_links":{"self":[{"href":"https:\/\/ppgcc.ifce.edu.br\/index.php?rest_route=\/wp\/v2\/pages\/16883","targetHints":{"allow":["GET"]}}],"collection":[{"href":"https:\/\/ppgcc.ifce.edu.br\/index.php?rest_route=\/wp\/v2\/pages"}],"about":[{"href":"https:\/\/ppgcc.ifce.edu.br\/index.php?rest_route=\/wp\/v2\/types\/page"}],"author":[{"embeddable":true,"href":"https:\/\/ppgcc.ifce.edu.br\/index.php?rest_route=\/wp\/v2\/users\/14"}],"replies":[{"embeddable":true,"href":"https:\/\/ppgcc.ifce.edu.br\/index.php?rest_route=%2Fwp%2Fv2%2Fcomments&post=16883"}],"version-history":[{"count":31,"href":"https:\/\/ppgcc.ifce.edu.br\/index.php?rest_route=\/wp\/v2\/pages\/16883\/revisions"}],"predecessor-version":[{"id":18527,"href":"https:\/\/ppgcc.ifce.edu.br\/index.php?rest_route=\/wp\/v2\/pages\/16883\/revisions\/18527"}],"wp:attachment":[{"href":"https:\/\/ppgcc.ifce.edu.br\/index.php?rest_route=%2Fwp%2Fv2%2Fmedia&parent=16883"}],"curies":[{"name":"wp","href":"https:\/\/api.w.org\/{rel}","templated":true}]}}