{"id":16750,"date":"2021-11-19T10:31:42","date_gmt":"2021-11-19T13:31:42","guid":{"rendered":"http:\/\/ppgcc.ifce.edu.br\/?page_id=16750"},"modified":"2022-01-04T10:17:23","modified_gmt":"2022-01-04T13:17:23","slug":"formulario-de-inscricao-edital-3-2021","status":"publish","type":"page","link":"https:\/\/ppgcc.ifce.edu.br\/?page_id=16750","title":{"rendered":"Formul\u00e1rio de Inscri\u00e7\u00e3o Turma 2022.1"},"content":{"rendered":"\n","protected":false},"excerpt":{"rendered":"","protected":false},"author":14,"featured_media":0,"parent":0,"menu_order":0,"comment_status":"closed","ping_status":"closed","template":"","meta":{"footnotes":""},"class_list":["post-16750","page","type-page","status-publish","hentry"],"_links":{"self":[{"href":"https:\/\/ppgcc.ifce.edu.br\/index.php?rest_route=\/wp\/v2\/pages\/16750","targetHints":{"allow":["GET"]}}],"collection":[{"href":"https:\/\/ppgcc.ifce.edu.br\/index.php?rest_route=\/wp\/v2\/pages"}],"about":[{"href":"https:\/\/ppgcc.ifce.edu.br\/index.php?rest_route=\/wp\/v2\/types\/page"}],"author":[{"embeddable":true,"href":"https:\/\/ppgcc.ifce.edu.br\/index.php?rest_route=\/wp\/v2\/users\/14"}],"replies":[{"embeddable":true,"href":"https:\/\/ppgcc.ifce.edu.br\/index.php?rest_route=%2Fwp%2Fv2%2Fcomments&post=16750"}],"version-history":[{"count":2,"href":"https:\/\/ppgcc.ifce.edu.br\/index.php?rest_route=\/wp\/v2\/pages\/16750\/revisions"}],"predecessor-version":[{"id":16766,"href":"https:\/\/ppgcc.ifce.edu.br\/index.php?rest_route=\/wp\/v2\/pages\/16750\/revisions\/16766"}],"wp:attachment":[{"href":"https:\/\/ppgcc.ifce.edu.br\/index.php?rest_route=%2Fwp%2Fv2%2Fmedia&parent=16750"}],"curies":[{"name":"wp","href":"https:\/\/api.w.org\/{rel}","templated":true}]}}