{"id":16689,"date":"2021-06-02T16:50:35","date_gmt":"2021-06-02T19:50:35","guid":{"rendered":"http:\/\/ppgcc.ifce.edu.br\/?page_id=16689"},"modified":"2021-06-11T12:39:38","modified_gmt":"2021-06-11T15:39:38","slug":"cadastro-de-reserva-para-concessao-de-bolsas-do-ppgcc-edital-2021-2","status":"publish","type":"page","link":"https:\/\/ppgcc.ifce.edu.br\/?page_id=16689","title":{"rendered":"Cadastro de reserva para Concess\u00e3o de bolsas do PPGCC &#8211; EDITAL 2021.2"},"content":{"rendered":"<p>Esta p\u00e1gina \u00e9 destinada \u00e0 inscri\u00e7\u00e3o dos candidatos\u00a0no processo seletivo do Mestrado em Ci\u00eancia da Computa\u00e7\u00e3o. Para acessar informa\u00e7\u00f5es referentes ao edital, suas etapas, cronograma e demais informa\u00e7\u00f5es, acesse o Edital.<\/p>\n<p><a href=\"http:\/\/ppgcc.ifce.edu.br\/wp-content\/uploads\/2021\/06\/EDITAL-02_2021-\u2013PPGCC-CADASTRO-DE-RESERVA-PARA-CONCESS\u00c3O-DE-BOLSAS-PPGCC-PUBLICADO.docx.pdf\">EDITAL 02_2021 \u2013 CADASTRO DE RESERVA PARA CONCESS\u00c3O DE BOLSAS<\/a><\/p>\n<p>Para inscri\u00e7\u00e3o, preencher o Formul\u00e1rio Eletr\u00f4nico no final da p\u00e1gina.<\/p>\n<p>O Resultado Final deste cadastro de reserva ser\u00e1 divulgado nesta p\u00e1gina.<\/p>\n<hr \/>\n<h3>CLASSIFICA\u00c7\u00c3O FINAL (atualizado em 11\/06\/2021)<\/h3>\n<ul>\n<li>Alice Feitosa Barbosa &#8211; 75 pontos<\/li>\n<li>Filipe de Almeida Lira &#8211; 53 pontos<\/li>\n<\/ul>\n<p><strong>OBS.:<\/strong>\u00a0i) O aluno n\u00e3o poder\u00e1 ter nenhum v\u00ednculo de trabalho ou bolsa de qualquer natureza no momento da implanta\u00e7\u00e3o da nova bolsa. ii) A implanta\u00e7\u00e3o das bolsa ser\u00e1 realizada \u00e0 medida em que houver cotas dispon\u00edveis. iii) Os candidatos devem entrar em contato com a secretaria do programa antes do dia 11\/06\/2021 para mais informa\u00e7\u00f5es.<\/p>\n<hr \/>\n<h2>FORMUL\u00c1RIO ELETR\u00d4NICO<\/h2>\n\n","protected":false},"excerpt":{"rendered":"<p>Esta p\u00e1gina \u00e9 destinada \u00e0 inscri\u00e7\u00e3o dos candidatos\u00a0no processo seletivo do Mestrado em Ci\u00eancia da Computa\u00e7\u00e3o. Para acessar informa\u00e7\u00f5es referentes ao edital, suas etapas, cronograma e demais informa\u00e7\u00f5es, acesse o Edital. EDITAL 02_2021 \u2013 CADASTRO DE RESERVA PARA CONCESS\u00c3O DE BOLSAS Para inscri\u00e7\u00e3o, preencher o Formul\u00e1rio Eletr\u00f4nico no final da p\u00e1gina. O Resultado Final deste [&hellip;]<\/p>\n","protected":false},"author":14,"featured_media":0,"parent":0,"menu_order":0,"comment_status":"closed","ping_status":"closed","template":"","meta":{"footnotes":""},"class_list":["post-16689","page","type-page","status-publish","hentry"],"_links":{"self":[{"href":"https:\/\/ppgcc.ifce.edu.br\/index.php?rest_route=\/wp\/v2\/pages\/16689","targetHints":{"allow":["GET"]}}],"collection":[{"href":"https:\/\/ppgcc.ifce.edu.br\/index.php?rest_route=\/wp\/v2\/pages"}],"about":[{"href":"https:\/\/ppgcc.ifce.edu.br\/index.php?rest_route=\/wp\/v2\/types\/page"}],"author":[{"embeddable":true,"href":"https:\/\/ppgcc.ifce.edu.br\/index.php?rest_route=\/wp\/v2\/users\/14"}],"replies":[{"embeddable":true,"href":"https:\/\/ppgcc.ifce.edu.br\/index.php?rest_route=%2Fwp%2Fv2%2Fcomments&post=16689"}],"version-history":[{"count":29,"href":"https:\/\/ppgcc.ifce.edu.br\/index.php?rest_route=\/wp\/v2\/pages\/16689\/revisions"}],"predecessor-version":[{"id":16742,"href":"https:\/\/ppgcc.ifce.edu.br\/index.php?rest_route=\/wp\/v2\/pages\/16689\/revisions\/16742"}],"wp:attachment":[{"href":"https:\/\/ppgcc.ifce.edu.br\/index.php?rest_route=%2Fwp%2Fv2%2Fmedia&parent=16689"}],"curies":[{"name":"wp","href":"https:\/\/api.w.org\/{rel}","templated":true}]}}