{"id":16120,"date":"2019-10-09T09:50:27","date_gmt":"2019-10-09T12:50:27","guid":{"rendered":"http:\/\/ppgcc.ifce.edu.br\/?page_id=16120"},"modified":"2019-12-23T23:08:31","modified_gmt":"2019-12-24T02:08:31","slug":"processo-seletivo-2020-1","status":"publish","type":"page","link":"https:\/\/ppgcc.ifce.edu.br\/?page_id=16120","title":{"rendered":"Processo Seletivo 2020.1"},"content":{"rendered":"<p style=\"color: #454c43;\"><span style=\"color: #000000;\"><strong>INFORMA\u00c7\u00d5ES GERAIS<\/strong><\/span><\/p>\n<p style=\"color: #454c43;\">Est\u00e3o abertas as inscri\u00e7\u00f5es para o Processo Seletivo do Mestrado em Ci\u00eancia da Computa\u00e7\u00e3o do Instituto Federal do Cear\u00e1\u00a0(PPGCC\/IFCE) para a turma de 2020.1.<\/p>\n<p class=\"p1\" style=\"color: #454c43;\">O Mestrado tem como p\u00fablico-alvo\u00a0os portadores de diploma oficial ou reconhecido (ou ainda certificado de conclus\u00e3o, em car\u00e1ter provis\u00f3rio) de curso superior de licenciatura plena, de bacharelado ou de tecnologia, todos nas \u00e1reas de <strong>Ci\u00eancia da Computa\u00e7\u00e3o<\/strong>.<\/p>\n<p class=\"p1\" style=\"color: #454c43;\"><span style=\"font-weight: 400;\">Para obten\u00e7\u00e3o do t\u00edtulo de mestre em Ci\u00eancia da Computa\u00e7\u00e3o, o aluno deve concluir <strong>24<\/strong> cr\u00e9ditos de disciplinas do PPGCC (<a href=\"http:\/\/ppgcc.ifce.edu.br\/?page_id=49\">ver disciplinas<\/a>) e <strong>6<\/strong> cr\u00e9ditos da apresenta\u00e7\u00e3o de sua disserta\u00e7\u00e3o (<a href=\"http:\/\/ppgcc.ifce.edu.br\/?page_id=51\">ver crit\u00e9rios<\/a>). O <\/span><span style=\"font-weight: 400;\">aluno regularmente matriculado possui o prazo m\u00e1ximo de <strong>24<\/strong> (vinte e quatro) meses para a conclus\u00e3o do curso, a contar da primeira matr\u00edcula.<\/span><\/p>\n<p class=\"p1\" style=\"color: #454c43;\"><span style=\"color: #000000;\"><strong>DOCUMENTOS<\/strong><\/span><\/p>\n<div class=\"page\" title=\"Page 1\">\n<div class=\"section\">\n<div class=\"layoutArea\">\n<div class=\"column\">\n<ul>\n<li>EDITAL 03\/2019 \u00a0&#8211; <div class='w3eden'><!-- WPDM Link Template: Default Template -->\n\n<div class=\"link-template-default card mb-2\">\n    <div class=\"card-body\">\n        <div class=\"media\">\n            <div class=\"mr-3 img-48\"><img decoding=\"async\" class=\"wpdm_icon\" alt=\"\u00edcone\" src=\"https:\/\/ppgcc.ifce.edu.br\/wp-content\/plugins\/download-manager\/assets\/file-type-icons\/pdf.svg\" \/><\/div>\n            <div class=\"media-body\">\n                <h3 class=\"package-title\"><a href='https:\/\/ppgcc.ifce.edu.br\/?wpdmpro=edital-032019-ppgccifce-turma-2020-1'>EDITAL 03\/2019 \u2013 PPGCC\/IFCE \u2013 Turma 2020.1<\/a><\/h3>\n                <div class=\"text-muted text-small\"><i class=\"fas fa-copy\"><\/i> 1  arquivo(s) <i class=\"fas fa-hdd ml-3\"><\/i> 234.19 KB<\/div>\n            <\/div>\n            <div class=\"ml-3\">\n                <a class='wpdm-download-link download-on-click btn btn-primary ' rel='nofollow' href='#' data-downloadurl=\"https:\/\/ppgcc.ifce.edu.br\/?wpdmpro=edital-032019-ppgccifce-turma-2020-1&wpdmdl=16132&refresh=69e1b5133a9bc1776399635\">Download<\/a>\n            <\/div>\n        <\/div>\n    <\/div>\n<\/div>\n\n<\/div><\/li>\n<li>Anexos Edital 03\/2019 (PDF) &#8211; <div class='w3eden'><!-- WPDM Link Template: Default Template -->\n\n<div class=\"link-template-default card mb-2\">\n    <div class=\"card-body\">\n        <div class=\"media\">\n            <div class=\"mr-3 img-48\"><img decoding=\"async\" class=\"wpdm_icon\" alt=\"\u00edcone\" src=\"https:\/\/ppgcc.ifce.edu.br\/wp-content\/plugins\/download-manager\/assets\/file-type-icons\/pdf.svg\" \/><\/div>\n            <div class=\"media-body\">\n                <h3 class=\"package-title\"><a href='https:\/\/ppgcc.ifce.edu.br\/?wpdmpro=anaexos-edital-032019-ppgccifce-turma-2020-1'>ANEXOS - EDITAL 03\/2019 \u2013 PPGCC\/IFCE \u2013 Turma 2020.1<\/a><\/h3>\n                <div class=\"text-muted text-small\"><i class=\"fas fa-copy\"><\/i> 1  arquivo(s) <i class=\"fas fa-hdd ml-3\"><\/i> 284.38 KB<\/div>\n            <\/div>\n            <div class=\"ml-3\">\n                <a class='wpdm-download-link download-on-click btn btn-primary ' rel='nofollow' href='#' data-downloadurl=\"https:\/\/ppgcc.ifce.edu.br\/?wpdmpro=anaexos-edital-032019-ppgccifce-turma-2020-1&wpdmdl=16133&refresh=69e1b513541881776399635\">Download<\/a>\n            <\/div>\n        <\/div>\n    <\/div>\n<\/div>\n\n<\/div><\/li>\n<li>Templates dos Anexos Edital 03\/2019 (Word)\u00a0para auxiliar os candidatos na submiss\u00e3o:\n<ul>\n<li>Template Anexo II &#8211; Declara\u00e7\u00e3o do empregador <div class='w3eden'><!-- WPDM Link Template: Default Template -->\n\n<div class=\"link-template-default card mb-2\">\n    <div class=\"card-body\">\n        <div class=\"media\">\n            <div class=\"mr-3 img-48\"><img decoding=\"async\" class=\"wpdm_icon\" alt=\"\u00edcone\" src=\"https:\/\/ppgcc.ifce.edu.br\/wp-content\/plugins\/download-manager\/assets\/file-type-icons\/docx.svg\" \/><\/div>\n            <div class=\"media-body\">\n                <h3 class=\"package-title\"><a href='https:\/\/ppgcc.ifce.edu.br\/?wpdmpro=template-anexo-ii-edital-032019-ppgccifce-turma-2020-1'>Template Anexo II \u2013 EDITAL 03\/2019 \u2013 PPGCC\/IFCE \u2013 Turma 2020.1<\/a><\/h3>\n                <div class=\"text-muted text-small\"><i class=\"fas fa-copy\"><\/i> 1  arquivo(s) <i class=\"fas fa-hdd ml-3\"><\/i> 89.44 KB<\/div>\n            <\/div>\n            <div class=\"ml-3\">\n                <a class='wpdm-download-link download-on-click btn btn-primary ' rel='nofollow' href='#' data-downloadurl=\"https:\/\/ppgcc.ifce.edu.br\/?wpdmpro=template-anexo-ii-edital-032019-ppgccifce-turma-2020-1&wpdmdl=16123&refresh=69e1b5136a7ee1776399635\">Download<\/a>\n            <\/div>\n        <\/div>\n    <\/div>\n<\/div>\n\n<\/div><\/li>\n<li>Template Anexo III &#8211; Termo de compromisso e dedica\u00e7\u00e3o <div class='w3eden'><!-- WPDM Link Template: Default Template -->\n\n<div class=\"link-template-default card mb-2\">\n    <div class=\"card-body\">\n        <div class=\"media\">\n            <div class=\"mr-3 img-48\"><img decoding=\"async\" class=\"wpdm_icon\" alt=\"\u00edcone\" src=\"https:\/\/ppgcc.ifce.edu.br\/wp-content\/plugins\/download-manager\/assets\/file-type-icons\/docx.svg\" \/><\/div>\n            <div class=\"media-body\">\n                <h3 class=\"package-title\"><a href='https:\/\/ppgcc.ifce.edu.br\/?wpdmpro=template-anexo-iii-edital-032019-ppgccifce-turma-2020-1'>Template Anexo III \u2013 EDITAL 03\/2019 \u2013 PPGCC\/IFCE \u2013 Turma 2020.1<\/a><\/h3>\n                <div class=\"text-muted text-small\"><i class=\"fas fa-copy\"><\/i> 1  arquivo(s) <i class=\"fas fa-hdd ml-3\"><\/i> 89.74 KB<\/div>\n            <\/div>\n            <div class=\"ml-3\">\n                <a class='wpdm-download-link download-on-click btn btn-primary ' rel='nofollow' href='#' data-downloadurl=\"https:\/\/ppgcc.ifce.edu.br\/?wpdmpro=template-anexo-iii-edital-032019-ppgccifce-turma-2020-1&wpdmdl=16125&refresh=69e1b5136e3811776399635\">Download<\/a>\n            <\/div>\n        <\/div>\n    <\/div>\n<\/div>\n\n<\/div><\/li>\n<li>Template Anexo V &#8211; Tabela de Pontua\u00e7\u00e3o pretendida pelo candidato <div class='w3eden'><!-- WPDM Link Template: Default Template -->\n\n<div class=\"link-template-default card mb-2\">\n    <div class=\"card-body\">\n        <div class=\"media\">\n            <div class=\"mr-3 img-48\"><img decoding=\"async\" class=\"wpdm_icon\" alt=\"\u00edcone\" src=\"https:\/\/ppgcc.ifce.edu.br\/wp-content\/plugins\/download-manager\/assets\/file-type-icons\/docx.svg\" \/><\/div>\n            <div class=\"media-body\">\n                <h3 class=\"package-title\"><a href='https:\/\/ppgcc.ifce.edu.br\/?wpdmpro=template-anexo-v-edital-032019-ppgccifce-turma-2020-1'>Template Anexo V \u2013 EDITAL 03\/2019 \u2013 PPGCC\/IFCE \u2013 Turma 2020.1<\/a><\/h3>\n                <div class=\"text-muted text-small\"><i class=\"fas fa-copy\"><\/i> 1  arquivo(s) <i class=\"fas fa-hdd ml-3\"><\/i> 37.11 KB<\/div>\n            <\/div>\n            <div class=\"ml-3\">\n                <a class='wpdm-download-link download-on-click btn btn-primary ' rel='nofollow' href='#' data-downloadurl=\"https:\/\/ppgcc.ifce.edu.br\/?wpdmpro=template-anexo-v-edital-032019-ppgccifce-turma-2020-1&wpdmdl=16127&refresh=69e1b51383b0a1776399635\">Download<\/a>\n            <\/div>\n        <\/div>\n    <\/div>\n<\/div>\n\n<\/div><\/li>\n<li>Template Anexo VII &#8211; Formul\u00e1rio para interposi\u00e7\u00e3o de recurso <div class='w3eden'><!-- WPDM Link Template: Default Template -->\n\n<div class=\"link-template-default card mb-2\">\n    <div class=\"card-body\">\n        <div class=\"media\">\n            <div class=\"mr-3 img-48\"><img decoding=\"async\" class=\"wpdm_icon\" alt=\"\u00edcone\" src=\"https:\/\/ppgcc.ifce.edu.br\/wp-content\/plugins\/download-manager\/assets\/file-type-icons\/docx.svg\" \/><\/div>\n            <div class=\"media-body\">\n                <h3 class=\"package-title\"><a href='https:\/\/ppgcc.ifce.edu.br\/?wpdmpro=template-anexo-vii-edital-032019-ppgccifce-turma-2020-1'>Template Anexo VII \u2013 EDITAL 03\/2019 \u2013 PPGCC\/IFCE \u2013 Turma 2020.1<\/a><\/h3>\n                <div class=\"text-muted text-small\"><i class=\"fas fa-copy\"><\/i> 1  arquivo(s) <i class=\"fas fa-hdd ml-3\"><\/i> 89.75 KB<\/div>\n            <\/div>\n            <div class=\"ml-3\">\n                <a class='wpdm-download-link download-on-click btn btn-primary ' rel='nofollow' href='#' data-downloadurl=\"https:\/\/ppgcc.ifce.edu.br\/?wpdmpro=template-anexo-vii-edital-032019-ppgccifce-turma-2020-1&wpdmdl=16130&refresh=69e1b5139b9001776399635\">Download<\/a>\n            <\/div>\n        <\/div>\n    <\/div>\n<\/div>\n\n<\/div><\/li>\n<\/ul>\n<\/li>\n<li>Resultados Final\u00a0das Inscri\u00e7\u00f5es &#8211; <div class='w3eden'><!-- WPDM Link Template: Default Template -->\n\n<div class=\"link-template-default card mb-2\">\n    <div class=\"card-body\">\n        <div class=\"media\">\n            <div class=\"mr-3 img-48\"><img decoding=\"async\" class=\"wpdm_icon\" alt=\"\u00edcone\" src=\"https:\/\/ppgcc.ifce.edu.br\/wp-content\/plugins\/download-manager\/assets\/file-type-icons\/pdf.svg\" \/><\/div>\n            <div class=\"media-body\">\n                <h3 class=\"package-title\"><a href='https:\/\/ppgcc.ifce.edu.br\/?wpdmpro=lista-parcial-de-inscricoes-deferidas-edital-032019-ppgcc-ifce'>Lista Final de Inscri\u00e7\u00f5es Deferidas - Edital 03\/2019 PPGCC-IFCE<\/a><\/h3>\n                <div class=\"text-muted text-small\"><i class=\"fas fa-copy\"><\/i> 1  arquivo(s) <i class=\"fas fa-hdd ml-3\"><\/i> 120.80 KB<\/div>\n            <\/div>\n            <div class=\"ml-3\">\n                <a class='wpdm-download-link download-on-click btn btn-primary ' rel='nofollow' href='#' data-downloadurl=\"https:\/\/ppgcc.ifce.edu.br\/?wpdmpro=lista-parcial-de-inscricoes-deferidas-edital-032019-ppgcc-ifce&wpdmdl=16202&refresh=69e1b5139f1cf1776399635\">Download<\/a>\n            <\/div>\n        <\/div>\n    <\/div>\n<\/div>\n\n<\/div><\/li>\n<li>Prova Escrita\n<ul>\n<li>Prova &#8211;\u00a0<div class='w3eden'><!-- WPDM Link Template: Default Template -->\n\n<div class=\"link-template-default card mb-2\">\n    <div class=\"card-body\">\n        <div class=\"media\">\n            <div class=\"mr-3 img-48\"><img decoding=\"async\" class=\"wpdm_icon\" alt=\"\u00edcone\" src=\"https:\/\/ppgcc.ifce.edu.br\/wp-content\/plugins\/download-manager\/assets\/file-type-icons\/pdf.svg\" \/><\/div>\n            <div class=\"media-body\">\n                <h3 class=\"package-title\"><a href='https:\/\/ppgcc.ifce.edu.br\/?wpdmpro=prova-escrita-turma-2020-1'>Prova Escrita \u2013 Turma 2020.1<\/a><\/h3>\n                <div class=\"text-muted text-small\"><i class=\"fas fa-copy\"><\/i> 1  arquivo(s) <i class=\"fas fa-hdd ml-3\"><\/i> 260.65 KB<\/div>\n            <\/div>\n            <div class=\"ml-3\">\n                <a class='wpdm-download-link download-on-click btn btn-primary ' rel='nofollow' href='#' data-downloadurl=\"https:\/\/ppgcc.ifce.edu.br\/?wpdmpro=prova-escrita-turma-2020-1&wpdmdl=16213&refresh=69e1b513b32001776399635\">Download<\/a>\n            <\/div>\n        <\/div>\n    <\/div>\n<\/div>\n\n<\/div><\/li>\n<li>Gabarito &#8211;\u00a0<div class='w3eden'><!-- WPDM Link Template: Default Template -->\n\n<div class=\"link-template-default card mb-2\">\n    <div class=\"card-body\">\n        <div class=\"media\">\n            <div class=\"mr-3 img-48\"><img decoding=\"async\" class=\"wpdm_icon\" alt=\"\u00edcone\" src=\"https:\/\/ppgcc.ifce.edu.br\/wp-content\/plugins\/download-manager\/assets\/file-type-icons\/pdf.svg\" \/><\/div>\n            <div class=\"media-body\">\n                <h3 class=\"package-title\"><a href='https:\/\/ppgcc.ifce.edu.br\/?wpdmpro=gabarito-prova-escrita-turma-2020-1'>Gabarito Prova Escrita \u2013 Turma 2020.1<\/a><\/h3>\n                <div class=\"text-muted text-small\"><i class=\"fas fa-copy\"><\/i> 1  arquivo(s) <i class=\"fas fa-hdd ml-3\"><\/i> 74.93 KB<\/div>\n            <\/div>\n            <div class=\"ml-3\">\n                <a class='wpdm-download-link download-on-click btn btn-primary ' rel='nofollow' href='#' data-downloadurl=\"https:\/\/ppgcc.ifce.edu.br\/?wpdmpro=gabarito-prova-escrita-turma-2020-1&wpdmdl=16210&refresh=69e1b513b6b2c1776399635\">Download<\/a>\n            <\/div>\n        <\/div>\n    <\/div>\n<\/div>\n\n<\/div><\/li>\n<\/ul>\n<\/li>\n<li>Resultado Geral Final\u00a0&#8211;<strong> <div class='w3eden'><!-- WPDM Link Template: Default Template -->\n\n<div class=\"link-template-default card mb-2\">\n    <div class=\"card-body\">\n        <div class=\"media\">\n            <div class=\"mr-3 img-48\"><img decoding=\"async\" class=\"wpdm_icon\" alt=\"\u00edcone\" src=\"https:\/\/ppgcc.ifce.edu.br\/wp-content\/plugins\/download-manager\/assets\/file-type-icons\/pdf.svg\" \/><\/div>\n            <div class=\"media-body\">\n                <h3 class=\"package-title\"><a href='https:\/\/ppgcc.ifce.edu.br\/?wpdmpro=resultado-parcial-geral-turma-2020-1'>Resultado Final \u2013 Geral \u2013 Turma 2020.1<\/a><\/h3>\n                <div class=\"text-muted text-small\"><i class=\"fas fa-copy\"><\/i> 1  arquivo(s) <i class=\"fas fa-hdd ml-3\"><\/i> 101.28 KB<\/div>\n            <\/div>\n            <div class=\"ml-3\">\n                <a class='wpdm-download-link download-on-click btn btn-primary ' rel='nofollow' href='#' data-downloadurl=\"https:\/\/ppgcc.ifce.edu.br\/?wpdmpro=resultado-parcial-geral-turma-2020-1&wpdmdl=16264&refresh=69e1b513ba2511776399635\">Download<\/a>\n            <\/div>\n        <\/div>\n    <\/div>\n<\/div>\n\n<\/div><\/strong><\/li>\n<li style=\"font-weight: 400;\">Per\u00edodo de matr\u00edcula do candidato classificado para preenchimento das vagas &#8211;\u00a0<strong>Ver cronograma abaixo<\/strong><\/li>\n<li style=\"font-weight: 400;\"><span style=\"font-weight: 400;\">In\u00edcio das aulas &#8211; <strong>Ver cronograma abaixo<\/strong><\/span><\/li>\n<\/ul>\n<\/div>\n<\/div>\n<\/div>\n<\/div>\n<p><strong>CRONOGRAMA\u00a0<\/strong><\/p>\n<ul>\n<li><del>Lan\u00e7amento do Edital: <strong>03\/10\/2019<\/strong><\/del><\/li>\n<li><del>Impugna\u00e7\u00e3o do Edital: <strong>08\/10\/2019<\/strong><\/del><\/li>\n<li><del>Divulga\u00e7\u00e3o das respostas de empugna\u00e7\u00e3o do Edital: <strong>08\/10\/2019<\/strong><\/del><\/li>\n<li><del>Per\u00edodo de inscri\u00e7\u00f5es: <strong>04\/11\/19 a 17\/11\/19 (at\u00e9 23h59 do \u00faltimo dia de inscri\u00e7\u00e3o).<\/strong><\/del><\/li>\n<li><del>Divulga\u00e7\u00e3o de lista preliminar dos candidatos com as inscri\u00e7\u00f5es deferidas e indeferidas: <strong>20\/11\/19.<\/strong><\/del><\/li>\n<li><del>Per\u00edodo de regulariza\u00e7\u00e3o das inscri\u00e7\u00f5es indeferidas: <strong>21<\/strong><strong>\/11\/19 a 22\/11\/19.<\/strong><\/del><\/li>\n<li><del>Divulga\u00e7\u00e3o do resultado da interposi\u00e7\u00e3o de recursos referente ao resultado das inscri\u00e7\u00f5es:\u00a0<strong>25\/11\/19.<\/strong><\/del><\/li>\n<li><del>Resultado Final das inscri\u00e7\u00f5es deferidas e indeferidas:\u00a0<strong>25\/11\/19.<\/strong><\/del><\/li>\n<li><del>Primeira etapa &#8211; Prova Escrita \u00e0s 14h nas depend\u00eancias do PPGCC em local \u00e0 ser indicado nesta p\u00e1gina eletr\u00f4nica do PPGCC \u00a0(Ver as indica\u00e7\u00f5es do t\u00f3pico &#8220;PROVA ESCRITA&#8221;): <strong>03\/12\/19\u00a0<\/strong><\/del><\/li>\n<li><del>Divulga\u00e7\u00e3o do resultado geral parcial : <strong>10\/12<\/strong><strong>\/19\u00a0<\/strong><\/del><\/li>\n<li><del>Prazo para recurso ao resultado geral parcial: <strong>11\/12\/19 a 13\/12\/19. <\/strong><\/del><\/li>\n<li><del>Divulga\u00e7\u00e3o do resultado geral final: <strong>23\/12\/19.<\/strong><\/del><\/li>\n<li>Matr\u00edculas de alunos novatos\/veteranos &#8211;\u00a0<strong>10\/02\/2020 a 14\/02\/2020<\/strong><\/li>\n<li>\u00a0Inicio das aulas &#8211;\u00a0<strong>02\/03\/2020<\/strong><\/li>\n<\/ul>\n<p><del><strong>INSCRI\u00c7\u00d5ES<\/strong><\/del><\/p>\n<p><del>Para realizar a inscri\u00e7\u00e3o, basta acessar o Menu &#8220;<strong>Inscri\u00e7\u00e3o de candidatos<\/strong>&#8221; na aba &#8220;<strong>Processo Seletivo 2020.1<\/strong>&#8220;, ou acessar a p\u00e1gina no link: <a href=\"http:\/\/ppgcc.ifce.edu.br\/?page_id=4289\"><strong>clique aqui para acessar<\/strong>.<\/a><\/del><\/p>\n<p><del><strong>PROVA ESCRITA<\/strong><\/del><\/p>\n<ul>\n<li><del>Data de aplica\u00e7\u00e3o da prova escrita: <strong>03\/12\/2019<\/strong>,\u00a0<strong>ter\u00e7a-feira<\/strong>, no per\u00edodo da tarde, das <strong>14<\/strong>h \u00e0s <strong>17<\/strong>h no LMT1, bloco de Mec\u00e2nica\u00a0do IFCE Campus Fortaleza na Av. 13 de Maio, 2081 &#8211; Benfica. Recomenda-se chegar ao local com, pelo menos, <strong>30<\/strong> minutos de anteced\u00eancia.<\/del><\/li>\n<li><del>Indica\u00e7\u00f5es da localiza\u00e7\u00e3o da sala estar\u00e3o afixadas na portaria principal.<\/del><\/li>\n<li><del>O candidato dever\u00e1 trazer algum documento de identifica\u00e7\u00e3o oficial com foto.<\/del><\/li>\n<li><del>No ambiente da prova, ou seja,<strong> nas depend\u00eancias f\u00edsicas em que ser\u00e1 realizada<\/strong>, n\u00e3o ser\u00e1 permitido o uso pelo candidato de quaisquer <strong>dispositivos eletr\u00f4nicos<\/strong> tais como celulares, smartphones, tablets, calculadoras, etc. Os candidatos dever\u00e3o utilizar apenas caneta esferogr\u00e1fica nas cores azul ou preta.<\/del><\/li>\n<li><del>A prova constar\u00e1 de 20 quest\u00f5es objetivas relacionadas aos assuntos previstos no edital que equivalem 70% da nota e de 1(uma) quest\u00e3o dissertativa escolhida dentre um dos temas\/subtemas apresentados de no m\u00ednimo 20 e no m\u00e1ximo 25 linhas compondo os 30% restantes da nota.<\/del><\/li>\n<li><del><strong>Ressaltamos que metade das quest\u00f5es objetivas s\u00e3o retiradas de provas anteriores, e que o tema da disserta\u00e7\u00e3o deve ser o mesmo da linha de pesquisa escolhido.<\/strong><\/del><\/li>\n<li><del>Quaisquer altera\u00e7\u00f5es destas informa\u00e7\u00f5es ser\u00e3o divulgadas nesta p\u00e1gina em at\u00e9 3 dias de anteced\u00eancia da data da prova.<\/del><\/li>\n<\/ul>\n<div style=\"color: #454c43;\"><span style=\"color: #000000;\"><strong>DISTRIBUI\u00c7\u00c3O DAS VAGAS\u00a0<\/strong><\/span><\/div>\n<p>As <strong>40<\/strong> vagas ofertadas neste edital est\u00e3o distribu\u00eddas em <strong>7<\/strong>\u00a0temas de pesquisa dentro do PPGCC, conforme segue (ver Anexo I do edital com a\u00a0descri\u00e7\u00e3o dos temas):<\/p>\n<ul>\n<li>Intelig\u00eancia Artificial\u00a0(9 vagas)<\/li>\n<li>Vis\u00e3o Computacional (7 vagas)<\/li>\n<li style=\"color: #454c43;\">Internet das Coisas (6 vagas)<\/li>\n<li style=\"color: #454c43;\">Computa\u00e7\u00e3o aplicada \u00e0 Educa\u00e7\u00e3o (3 vagas)<\/li>\n<li style=\"color: #454c43;\">Sistemas Inteligentes aplicados \u00e0 sa\u00fade (4 vagas)<\/li>\n<li>Sistemas Embarcados (5 vagas)<\/li>\n<li style=\"color: #454c43;\">Redes de Computadores \/ Sistemas Distribu\u00eddos (5 vagas)<\/li>\n<li style=\"color: #454c43;\">Simula\u00e7\u00e3o Computacional de motores el\u00e9tricos (1 vaga)<\/li>\n<\/ul>\n<div style=\"color: #454c43;\"><\/div>\n<div style=\"color: #454c43;\"><strong>Esteja atento aos seguintes pontos:<\/strong><\/div>\n<ul>\n<li><strong>N\u00e3o h\u00e1 taxa de inscri\u00e7\u00e3o<\/strong><\/li>\n<li><span style=\"text-decoration: underline;\"><strong>As aulas do programa acontecer\u00e3o nos Campi Fortaleza e\/ou Maracana\u00fa de acordo com o indicado pelo professor titular da disciplina.<\/strong><\/span><\/li>\n<li><strong>Quest\u00f5es podem ser enviadas ao email\u00a0do programa pelo formul\u00e1rio de contato (<a href=\"http:\/\/ppgcc.ifce.edu.br\/?page_id=16\">clique aqui para acessar<\/a>) ou para o email coord@ppgcc.ifce.edu.br.<\/strong><\/li>\n<\/ul>\n","protected":false},"excerpt":{"rendered":"<p>INFORMA\u00c7\u00d5ES GERAIS Est\u00e3o abertas as inscri\u00e7\u00f5es para o Processo Seletivo do Mestrado em Ci\u00eancia da Computa\u00e7\u00e3o do Instituto Federal do Cear\u00e1\u00a0(PPGCC\/IFCE) para a turma de 2020.1. O Mestrado tem como p\u00fablico-alvo\u00a0os portadores de diploma oficial ou reconhecido (ou ainda certificado de conclus\u00e3o, em car\u00e1ter provis\u00f3rio) de curso superior de licenciatura plena, de bacharelado ou de [&hellip;]<\/p>\n","protected":false},"author":13,"featured_media":0,"parent":14,"menu_order":0,"comment_status":"closed","ping_status":"closed","template":"","meta":{"footnotes":""},"class_list":["post-16120","page","type-page","status-publish","hentry"],"_links":{"self":[{"href":"https:\/\/ppgcc.ifce.edu.br\/index.php?rest_route=\/wp\/v2\/pages\/16120","targetHints":{"allow":["GET"]}}],"collection":[{"href":"https:\/\/ppgcc.ifce.edu.br\/index.php?rest_route=\/wp\/v2\/pages"}],"about":[{"href":"https:\/\/ppgcc.ifce.edu.br\/index.php?rest_route=\/wp\/v2\/types\/page"}],"author":[{"embeddable":true,"href":"https:\/\/ppgcc.ifce.edu.br\/index.php?rest_route=\/wp\/v2\/users\/13"}],"replies":[{"embeddable":true,"href":"https:\/\/ppgcc.ifce.edu.br\/index.php?rest_route=%2Fwp%2Fv2%2Fcomments&post=16120"}],"version-history":[{"count":29,"href":"https:\/\/ppgcc.ifce.edu.br\/index.php?rest_route=\/wp\/v2\/pages\/16120\/revisions"}],"predecessor-version":[{"id":16199,"href":"https:\/\/ppgcc.ifce.edu.br\/index.php?rest_route=\/wp\/v2\/pages\/16120\/revisions\/16199"}],"up":[{"embeddable":true,"href":"https:\/\/ppgcc.ifce.edu.br\/index.php?rest_route=\/wp\/v2\/pages\/14"}],"wp:attachment":[{"href":"https:\/\/ppgcc.ifce.edu.br\/index.php?rest_route=%2Fwp%2Fv2%2Fmedia&parent=16120"}],"curies":[{"name":"wp","href":"https:\/\/api.w.org\/{rel}","templated":true}]}}