{"id":131,"date":"2014-05-22T20:46:40","date_gmt":"2014-05-22T23:46:40","guid":{"rendered":"http:\/\/ppgcc.ifce.edu.br\/?page_id=131"},"modified":"2023-09-29T10:30:08","modified_gmt":"2023-09-29T13:30:08","slug":"regimentos-e-normas","status":"publish","type":"page","link":"https:\/\/ppgcc.ifce.edu.br\/?page_id=131","title":{"rendered":"Regimentos e Normas"},"content":{"rendered":"\n<p><strong><a href=\"http:\/\/ppgcc.ifce.edu.br\/wp-content\/uploads\/2023\/05\/Regulamento-PG-SEI_IFCE-4832500-Resolucao-51-abril-2023.pdf\">REGULAMENTO GERAL DA P\u00d3S-GRADUA\u00c7\u00c3O STRICTO SENSU DO IFCE<\/a><\/strong> &#8211; Aprovado pela <strong>Resolu\u00e7\u00e3o CONSUP\/IFCE no.51 de 27 abril de 2023<\/strong><\/p>\n\n\n\n<p><\/p>\n\n\n\n<p>Os documentos a seguir comp\u00f5em o <strong>Regimento Interno<\/strong> do Programa de P\u00f3s-Gradua\u00e7\u00e3o em Ci\u00eancia da Computa\u00e7\u00e3o do Instituto Federal de Educa\u00e7\u00e3o, Ci\u00eancia e Tecnologia do Cear\u00e1:<\/p>\n\n\n<div class='w3eden'><!-- WPDM Link Template: Default Template -->\n\n<div class=\"link-template-default card mb-2\">\n    <div class=\"card-body\">\n        <div class=\"media\">\n            <div class=\"mr-3 img-48\"><img decoding=\"async\" class=\"wpdm_icon\" alt=\"\u00edcone\"   src=\"http:\/\/ppgcc.ifce.edu.br\/wp-content\/plugins\/download-manager\/assets\/file-type-icons\/pdf.png\" \/><\/div>\n            <div class=\"media-body\">\n                <h3 class=\"package-title\"><a href='https:\/\/ppgcc.ifce.edu.br\/?wpdmpro=regimento-ppgcc-ifce-v0-2'>Regimento PPGCC - IFCE v0.3<\/a><\/h3>\n                <div class=\"text-muted text-small\"><i class=\"fas fa-copy\"><\/i> 1  arquivo(s) <i class=\"fas fa-hdd ml-3\"><\/i> 354.33 KB<\/div>\n            <\/div>\n            <div class=\"ml-3\">\n                <a class='wpdm-download-link download-on-click btn btn-primary ' rel='nofollow' href='#' data-downloadurl=\"https:\/\/ppgcc.ifce.edu.br\/?wpdmpro=regimento-ppgcc-ifce-v0-2&wpdmdl=506&refresh=69e83507e7ea01776825607\">Download<\/a>\n            <\/div>\n        <\/div>\n    <\/div>\n<\/div>\n\n<\/div>\n\n\n\n<p><strong>Resolu\u00e7\u00f5es Normativas (RN) do PPGCC:<\/strong><\/p>\n\n\n<div class='w3eden'><!-- WPDM Link Template: Default Template -->\n\n<div class=\"link-template-default card mb-2\">\n    <div class=\"card-body\">\n        <div class=\"media\">\n            <div class=\"mr-3 img-48\"><img decoding=\"async\" class=\"wpdm_icon\" alt=\"\u00edcone\" src=\"https:\/\/ppgcc.ifce.edu.br\/wp-content\/plugins\/download-manager\/assets\/file-type-icons\/pdf.svg\" \/><\/div>\n            <div class=\"media-body\">\n                <h3 class=\"package-title\"><a href='https:\/\/ppgcc.ifce.edu.br\/?wpdmpro=rn-01-credenciamento-e-descredenciamento-de-docentes-ao-ppgcc'>RN 01 - Credenciamento e descredenciamento de docentes ao PPGCC<\/a><\/h3>\n                <div class=\"text-muted text-small\"><i class=\"fas fa-copy\"><\/i> 1  arquivo(s) <i class=\"fas fa-hdd ml-3\"><\/i> 84.10 KB<\/div>\n            <\/div>\n            <div class=\"ml-3\">\n                <a class='wpdm-download-link download-on-click btn btn-primary ' rel='nofollow' href='#' data-downloadurl=\"https:\/\/ppgcc.ifce.edu.br\/?wpdmpro=rn-01-credenciamento-e-descredenciamento-de-docentes-ao-ppgcc&wpdmdl=722&refresh=69e83507ed79b1776825607\">Download<\/a>\n            <\/div>\n        <\/div>\n    <\/div>\n<\/div>\n\n<\/div>\n\n\n<div class='w3eden'><!-- WPDM Link Template: Default Template -->\n\n<div class=\"link-template-default card mb-2\">\n    <div class=\"card-body\">\n        <div class=\"media\">\n            <div class=\"mr-3 img-48\"><img decoding=\"async\" class=\"wpdm_icon\" alt=\"\u00edcone\" src=\"https:\/\/ppgcc.ifce.edu.br\/wp-content\/plugins\/download-manager\/assets\/file-type-icons\/pdf.svg\" \/><\/div>\n            <div class=\"media-body\">\n                <h3 class=\"package-title\"><a href='https:\/\/ppgcc.ifce.edu.br\/?wpdmpro=rn-02-criterios-para-defesa-de-qualificacao'>RN 02 - Crit\u00e9rios para defesa de Qualifica\u00e7\u00e3o<\/a><\/h3>\n                <div class=\"text-muted text-small\"><i class=\"fas fa-copy\"><\/i> 1  arquivo(s) <i class=\"fas fa-hdd ml-3\"><\/i> 80.56 KB<\/div>\n            <\/div>\n            <div class=\"ml-3\">\n                <a class='wpdm-download-link download-on-click btn btn-primary ' rel='nofollow' href='#' data-downloadurl=\"https:\/\/ppgcc.ifce.edu.br\/?wpdmpro=rn-02-criterios-para-defesa-de-qualificacao&wpdmdl=770&refresh=69e8350807e011776825608\">Download<\/a>\n            <\/div>\n        <\/div>\n    <\/div>\n<\/div>\n\n<\/div>\n\n\n<div class='w3eden'><!-- WPDM Link Template: Default Template -->\n\n<div class=\"link-template-default card mb-2\">\n    <div class=\"card-body\">\n        <div class=\"media\">\n            <div class=\"mr-3 img-48\"><img decoding=\"async\" class=\"wpdm_icon\" alt=\"\u00edcone\" src=\"https:\/\/ppgcc.ifce.edu.br\/wp-content\/plugins\/download-manager\/assets\/file-type-icons\/pdf.svg\" \/><\/div>\n            <div class=\"media-body\">\n                <h3 class=\"package-title\"><a href='https:\/\/ppgcc.ifce.edu.br\/?wpdmpro=rn-03-criterios-para-defesa-de-dissertacao'>RN 03 - Crit\u00e9rios para defesa de Disserta\u00e7\u00e3o<\/a><\/h3>\n                <div class=\"text-muted text-small\"><i class=\"fas fa-copy\"><\/i> 1  arquivo(s) <i class=\"fas fa-hdd ml-3\"><\/i> 96.46 KB<\/div>\n            <\/div>\n            <div class=\"ml-3\">\n                <a class='wpdm-download-link download-on-click btn btn-primary ' rel='nofollow' href='#' data-downloadurl=\"https:\/\/ppgcc.ifce.edu.br\/?wpdmpro=rn-03-criterios-para-defesa-de-dissertacao&wpdmdl=772&refresh=69e835080b86f1776825608\">Download<\/a>\n            <\/div>\n        <\/div>\n    <\/div>\n<\/div>\n\n<\/div>\n\n\n\n<p><\/p>\n\n\n\n<blockquote class=\"wp-block-quote is-layout-flow wp-block-quote-is-layout-flow\"><p><strong>GUIAS<\/strong><\/p><cite><a href=\"http:\/\/ppgcc.ifce.edu.br\/?page_id=16883\">Planejamento discente &#8211; disciplinas, exames e defesa<br><\/a><a href=\"https:\/\/docs.google.com\/document\/d\/e\/2PACX-1vRZR5pb5hu-OyVce_P2fmR2XQOvcMI5V7rY0mFEPhwNV656g2sooDT3rUCTAigthyur_W3WSqJjTWLo\/pub\">Credenciamento de docentes<\/a><\/cite><\/blockquote>\n\n\n","protected":false},"excerpt":{"rendered":"<p>REGULAMENTO GERAL DA P\u00d3S-GRADUA\u00c7\u00c3O STRICTO SENSU DO IFCE &#8211; Aprovado pela Resolu\u00e7\u00e3o CONSUP\/IFCE no.51 de 27 abril de 2023 Os documentos a seguir comp\u00f5em o Regimento Interno do Programa de P\u00f3s-Gradua\u00e7\u00e3o em Ci\u00eancia da Computa\u00e7\u00e3o do Instituto Federal de Educa\u00e7\u00e3o, Ci\u00eancia e Tecnologia do Cear\u00e1: Resolu\u00e7\u00f5es Normativas (RN) do PPGCC: GUIAS Planejamento discente &#8211; disciplinas, [&hellip;]<\/p>\n","protected":false},"author":1,"featured_media":0,"parent":14,"menu_order":0,"comment_status":"closed","ping_status":"open","template":"","meta":{"footnotes":""},"class_list":["post-131","page","type-page","status-publish","hentry"],"_links":{"self":[{"href":"https:\/\/ppgcc.ifce.edu.br\/index.php?rest_route=\/wp\/v2\/pages\/131","targetHints":{"allow":["GET"]}}],"collection":[{"href":"https:\/\/ppgcc.ifce.edu.br\/index.php?rest_route=\/wp\/v2\/pages"}],"about":[{"href":"https:\/\/ppgcc.ifce.edu.br\/index.php?rest_route=\/wp\/v2\/types\/page"}],"author":[{"embeddable":true,"href":"https:\/\/ppgcc.ifce.edu.br\/index.php?rest_route=\/wp\/v2\/users\/1"}],"replies":[{"embeddable":true,"href":"https:\/\/ppgcc.ifce.edu.br\/index.php?rest_route=%2Fwp%2Fv2%2Fcomments&post=131"}],"version-history":[{"count":33,"href":"https:\/\/ppgcc.ifce.edu.br\/index.php?rest_route=\/wp\/v2\/pages\/131\/revisions"}],"predecessor-version":[{"id":18606,"href":"https:\/\/ppgcc.ifce.edu.br\/index.php?rest_route=\/wp\/v2\/pages\/131\/revisions\/18606"}],"up":[{"embeddable":true,"href":"https:\/\/ppgcc.ifce.edu.br\/index.php?rest_route=\/wp\/v2\/pages\/14"}],"wp:attachment":[{"href":"https:\/\/ppgcc.ifce.edu.br\/index.php?rest_route=%2Fwp%2Fv2%2Fmedia&parent=131"}],"curies":[{"name":"wp","href":"https:\/\/api.w.org\/{rel}","templated":true}]}}