{"id":12534,"date":"2018-10-16T22:54:05","date_gmt":"2018-10-17T01:54:05","guid":{"rendered":"http:\/\/ppgcc.ifce.edu.br\/?page_id=12534"},"modified":"2019-01-28T09:41:29","modified_gmt":"2019-01-28T12:41:29","slug":"processo-seletivo-2019-1","status":"publish","type":"page","link":"https:\/\/ppgcc.ifce.edu.br\/?page_id=12534","title":{"rendered":"Processo Seletivo 2019.1"},"content":{"rendered":"<p style=\"color: #454c43;\"><span style=\"color: #000000;\"><strong>INFORMA\u00c7\u00d5ES GERAIS<\/strong><\/span><\/p>\n<p style=\"color: #454c43;\">Est\u00e3o abertas as inscri\u00e7\u00f5es para o Processo Seletivo do Mestrado em Ci\u00eancia da Computa\u00e7\u00e3o do Instituto Federal do Cear\u00e1\u00a0(PPGCC\/IFCE) para a turma de 2019.1.<\/p>\n<p class=\"p1\" style=\"color: #454c43;\">O Mestrado tem como p\u00fablico alvo\u00a0os portadores de diploma oficial ou reconhecido (ou ainda certificado de conclus\u00e3o, em car\u00e1ter provis\u00f3rio) de curso superior de licenciatura plena, de bacharelado ou de tecnologia, todos nas \u00e1reas de Ci\u00eancia da Computa\u00e7\u00e3o.<\/p>\n<p class=\"p1\" style=\"color: #454c43;\"><span style=\"font-weight: 400;\">Para obten\u00e7\u00e3o do t\u00edtulo de mestre em Ci\u00eancia da Computa\u00e7\u00e3o, o aluno deve concluir 24 cr\u00e9ditos de disciplinas do PPGCC (<a href=\"http:\/\/ppgcc.ifce.edu.br\/?page_id=49\">ver disciplinas<\/a>) e 6 cr\u00e9ditos da apresenta\u00e7\u00e3o de sua disserta\u00e7\u00e3o (<a href=\"http:\/\/ppgcc.ifce.edu.br\/?page_id=51\">ver crit\u00e9rios<\/a>). O <\/span><span style=\"font-weight: 400;\">aluno regularmente matriculado possui o prazo m\u00e1ximo de 24 (vinte e quatro) meses para a conclus\u00e3o do curso, a contar da primeira matr\u00edcula.<\/span><\/p>\n<p class=\"p1\" style=\"color: #454c43;\"><span style=\"color: #000000;\"><strong>DOCUMENTOS<\/strong><\/span><\/p>\n<div class=\"page\" title=\"Page 1\">\n<div class=\"section\">\n<div class=\"layoutArea\">\n<div class=\"column\">\n<ul>\n<li>EDITAL 03\/2018 \u00a0&#8211; <div class='w3eden'><!-- WPDM Link Template: Default Template -->\n\n<div class=\"link-template-default card mb-2\">\n    <div class=\"card-body\">\n        <div class=\"media\">\n            <div class=\"mr-3 img-48\"><img decoding=\"async\" class=\"wpdm_icon\" alt=\"\u00edcone\" src=\"https:\/\/ppgcc.ifce.edu.br\/wp-content\/plugins\/download-manager\/assets\/file-type-icons\/pdf.svg\" \/><\/div>\n            <div class=\"media-body\">\n                <h3 class=\"package-title\"><a href='https:\/\/ppgcc.ifce.edu.br\/?wpdmpro=edital-032018-ppgccifce-turma-2019-1'>EDITAL 03\/2018 \u2013 PPGCC\/IFCE - Turma 2019.1<\/a><\/h3>\n                <div class=\"text-muted text-small\"><i class=\"fas fa-copy\"><\/i> 1  arquivo(s) <i class=\"fas fa-hdd ml-3\"><\/i> 2.03 MB<\/div>\n            <\/div>\n            <div class=\"ml-3\">\n                <a class='wpdm-download-link download-on-click btn btn-primary ' rel='nofollow' href='#' data-downloadurl=\"https:\/\/ppgcc.ifce.edu.br\/?wpdmpro=edital-032018-ppgccifce-turma-2019-1&wpdmdl=12552&refresh=69e045bfd12231776305599\">Download<\/a>\n            <\/div>\n        <\/div>\n    <\/div>\n<\/div>\n\n<\/div>\n<ul>\n<li>Segue abaixo templates dos anexos para ajudar os candidatos na submiss\u00e3o:<\/li>\n<li>Template Anexo II &#8211; Declara\u00e7\u00e3o do empregador\u00a0<div class='w3eden'><!-- WPDM Link Template: Default Template -->\n\n<div class=\"link-template-default card mb-2\">\n    <div class=\"card-body\">\n        <div class=\"media\">\n            <div class=\"mr-3 img-48\"><img decoding=\"async\" class=\"wpdm_icon\" alt=\"\u00edcone\" src=\"https:\/\/ppgcc.ifce.edu.br\/wp-content\/plugins\/download-manager\/assets\/file-type-icons\/docx.svg\" \/><\/div>\n            <div class=\"media-body\">\n                <h3 class=\"package-title\"><a href='https:\/\/ppgcc.ifce.edu.br\/?wpdmpro=template-anexo-ii-edital-032017-ppgccifce-turma-2018-1'>Template Anexo II - EDITAL 03\/2017 \u2013 PPGCC\/IFCE - Turma 2018.1<\/a><\/h3>\n                <div class=\"text-muted text-small\"><i class=\"fas fa-copy\"><\/i> 1  arquivo(s) <i class=\"fas fa-hdd ml-3\"><\/i> 26.10 KB<\/div>\n            <\/div>\n            <div class=\"ml-3\">\n                <a class='wpdm-download-link download-on-click btn btn-primary ' rel='nofollow' href='#' data-downloadurl=\"https:\/\/ppgcc.ifce.edu.br\/?wpdmpro=template-anexo-ii-edital-032017-ppgccifce-turma-2018-1&wpdmdl=4705&refresh=69e045bfd5ccd1776305599\">Download<\/a>\n            <\/div>\n        <\/div>\n    <\/div>\n<\/div>\n\n<\/div><\/li>\n<li>Template Anexo III &#8211; Termo de compromisso e dedica\u00e7\u00e3o\u00a0<div class='w3eden'><!-- WPDM Link Template: Default Template -->\n\n<div class=\"link-template-default card mb-2\">\n    <div class=\"card-body\">\n        <div class=\"media\">\n            <div class=\"mr-3 img-48\"><img decoding=\"async\" class=\"wpdm_icon\" alt=\"\u00edcone\" src=\"https:\/\/ppgcc.ifce.edu.br\/wp-content\/plugins\/download-manager\/assets\/file-type-icons\/docx.svg\" \/><\/div>\n            <div class=\"media-body\">\n                <h3 class=\"package-title\"><a href='https:\/\/ppgcc.ifce.edu.br\/?wpdmpro=template-anexo-iii-edital-032017-ppgccifce-turma-2018-1'>Template Anexo III - EDITAL 03\/2017 \u2013 PPGCC\/IFCE - Turma 2018.1<\/a><\/h3>\n                <div class=\"text-muted text-small\"><i class=\"fas fa-copy\"><\/i> 1  arquivo(s) <i class=\"fas fa-hdd ml-3\"><\/i> 26.38 KB<\/div>\n            <\/div>\n            <div class=\"ml-3\">\n                <a class='wpdm-download-link download-on-click btn btn-primary ' rel='nofollow' href='#' data-downloadurl=\"https:\/\/ppgcc.ifce.edu.br\/?wpdmpro=template-anexo-iii-edital-032017-ppgccifce-turma-2018-1&wpdmdl=4706&refresh=69e045bfd92ac1776305599\">Download<\/a>\n            <\/div>\n        <\/div>\n    <\/div>\n<\/div>\n\n<\/div><\/li>\n<li>Template Anexo V &#8211; Tabela de Pontua\u00e7\u00e3o pretendida pelo candidato\u00a0<div class='w3eden'><!-- WPDM Link Template: Default Template -->\n\n<div class=\"link-template-default card mb-2\">\n    <div class=\"card-body\">\n        <div class=\"media\">\n            <div class=\"mr-3 img-48\"><img decoding=\"async\" class=\"wpdm_icon\" alt=\"\u00edcone\" src=\"https:\/\/ppgcc.ifce.edu.br\/wp-content\/plugins\/download-manager\/assets\/file-type-icons\/docx.svg\" \/><\/div>\n            <div class=\"media-body\">\n                <h3 class=\"package-title\"><a href='https:\/\/ppgcc.ifce.edu.br\/?wpdmpro=template-anexo-v-edital-032017-ppgccifce-turma-2018-1'>Template Anexo V - EDITAL 03\/2017 \u2013 PPGCC\/IFCE - Turma 2018.1<\/a><\/h3>\n                <div class=\"text-muted text-small\"><i class=\"fas fa-copy\"><\/i> 1  arquivo(s) <i class=\"fas fa-hdd ml-3\"><\/i> 28.42 KB<\/div>\n            <\/div>\n            <div class=\"ml-3\">\n                <a class='wpdm-download-link download-on-click btn btn-primary ' rel='nofollow' href='#' data-downloadurl=\"https:\/\/ppgcc.ifce.edu.br\/?wpdmpro=template-anexo-v-edital-032017-ppgccifce-turma-2018-1&wpdmdl=4707&refresh=69e045bfdcb921776305599\">Download<\/a>\n            <\/div>\n        <\/div>\n    <\/div>\n<\/div>\n\n<\/div><\/li>\n<li>Template Anexo VII &#8211; Formul\u00e1rio para interposi\u00e7\u00e3o de recurso\u00a0<div class='w3eden'><!-- WPDM Link Template: Default Template -->\n\n<div class=\"link-template-default card mb-2\">\n    <div class=\"card-body\">\n        <div class=\"media\">\n            <div class=\"mr-3 img-48\"><img decoding=\"async\" class=\"wpdm_icon\" alt=\"\u00edcone\" src=\"https:\/\/ppgcc.ifce.edu.br\/wp-content\/plugins\/download-manager\/assets\/file-type-icons\/docx.svg\" \/><\/div>\n            <div class=\"media-body\">\n                <h3 class=\"package-title\"><a href='https:\/\/ppgcc.ifce.edu.br\/?wpdmpro=template-anexo-vii-edital-032017-ppgccifce-turma-2018-1'>Template Anexo VII - EDITAL 03\/2017 \u2013 PPGCC\/IFCE - Turma 2018.1<\/a><\/h3>\n                <div class=\"text-muted text-small\"><i class=\"fas fa-copy\"><\/i> 1  arquivo(s) <i class=\"fas fa-hdd ml-3\"><\/i> 26.41 KB<\/div>\n            <\/div>\n            <div class=\"ml-3\">\n                <a class='wpdm-download-link download-on-click btn btn-primary ' rel='nofollow' href='#' data-downloadurl=\"https:\/\/ppgcc.ifce.edu.br\/?wpdmpro=template-anexo-vii-edital-032017-ppgccifce-turma-2018-1&wpdmdl=4708&refresh=69e045bfe034b1776305599\">Download<\/a>\n            <\/div>\n        <\/div>\n    <\/div>\n<\/div>\n\n<\/div><\/li>\n<\/ul>\n<\/li>\n<li>Resultados Final\u00a0das Inscri\u00e7\u00f5es &#8211; <div class='w3eden'><!-- WPDM Link Template: Default Template -->\n\n<div class=\"link-template-default card mb-2\">\n    <div class=\"card-body\">\n        <div class=\"media\">\n            <div class=\"mr-3 img-48\"><img decoding=\"async\" class=\"wpdm_icon\" alt=\"\u00edcone\" src=\"https:\/\/ppgcc.ifce.edu.br\/wp-content\/plugins\/download-manager\/assets\/file-type-icons\/pdf.svg\" \/><\/div>\n            <div class=\"media-body\">\n                <h3 class=\"package-title\"><a href='https:\/\/ppgcc.ifce.edu.br\/?wpdmpro=resultado-parcial-inscricoes-edital-032018-turma-2019-1'>Resultado Final das Inscri\u00e7\u00f5es - Edital 03\/2018 - Turma 2019.1<\/a><\/h3>\n                <div class=\"text-muted text-small\"><i class=\"fas fa-copy\"><\/i> 1  arquivo(s) <i class=\"fas fa-hdd ml-3\"><\/i> 121.97 KB<\/div>\n            <\/div>\n            <div class=\"ml-3\">\n                <a class='wpdm-download-link download-on-click btn btn-primary ' rel='nofollow' href='#' data-downloadurl=\"https:\/\/ppgcc.ifce.edu.br\/?wpdmpro=resultado-parcial-inscricoes-edital-032018-turma-2019-1&wpdmdl=12583&refresh=69e045bfe39911776305599\">Download<\/a>\n            <\/div>\n        <\/div>\n    <\/div>\n<\/div>\n\n<\/div><\/li>\n<li>Prova Escrita &#8211;\u00a0<div class='w3eden'><!-- WPDM Link Template: Default Template -->\n\n<div class=\"link-template-default card mb-2\">\n    <div class=\"card-body\">\n        <div class=\"media\">\n            <div class=\"mr-3 img-48\"><img decoding=\"async\" class=\"wpdm_icon\" alt=\"\u00edcone\" src=\"https:\/\/ppgcc.ifce.edu.br\/wp-content\/plugins\/download-manager\/assets\/file-type-icons\/pdf.svg\" \/><\/div>\n            <div class=\"media-body\">\n                <h3 class=\"package-title\"><a href='https:\/\/ppgcc.ifce.edu.br\/?wpdmpro=gabarito-prova-escrita-turma-2019-1'>Gabarito Prova Escrita - Turma 2019.1 (Retificado)<\/a><\/h3>\n                <div class=\"text-muted text-small\"><i class=\"fas fa-copy\"><\/i> 1  arquivo(s) <i class=\"fas fa-hdd ml-3\"><\/i> 43.56 KB<\/div>\n            <\/div>\n            <div class=\"ml-3\">\n                <a class='wpdm-download-link download-on-click btn btn-primary ' rel='nofollow' href='#' data-downloadurl=\"https:\/\/ppgcc.ifce.edu.br\/?wpdmpro=gabarito-prova-escrita-turma-2019-1&wpdmdl=12835&refresh=69e045bfe71311776305599\">Download<\/a>\n            <\/div>\n        <\/div>\n    <\/div>\n<\/div>\n\n<\/div><\/li>\n<li>Resultado Geral\u00a0Final\u00a0&#8211;<strong> <div class='w3eden'><!-- WPDM Link Template: Default Template -->\n\n<div class=\"link-template-default card mb-2\">\n    <div class=\"card-body\">\n        <div class=\"media\">\n            <div class=\"mr-3 img-48\"><img decoding=\"async\" class=\"wpdm_icon\" alt=\"\u00edcone\" src=\"https:\/\/ppgcc.ifce.edu.br\/wp-content\/plugins\/download-manager\/assets\/file-type-icons\/pdf.svg\" \/><\/div>\n            <div class=\"media-body\">\n                <h3 class=\"package-title\"><a href='https:\/\/ppgcc.ifce.edu.br\/?wpdmpro=resultado-parcial-geral-turma-2019-1'>Resultado Final \u2013 Geral \u2013 Turma 2019.1<\/a><\/h3>\n                <div class=\"text-muted text-small\"><i class=\"fas fa-copy\"><\/i> 1  arquivo(s) <i class=\"fas fa-hdd ml-3\"><\/i> 99.82 KB<\/div>\n            <\/div>\n            <div class=\"ml-3\">\n                <a class='wpdm-download-link download-on-click btn btn-primary ' rel='nofollow' href='#' data-downloadurl=\"https:\/\/ppgcc.ifce.edu.br\/?wpdmpro=resultado-parcial-geral-turma-2019-1&wpdmdl=15302&refresh=69e045bfea9a81776305599\">Download<\/a>\n            <\/div>\n        <\/div>\n    <\/div>\n<\/div>\n\n<\/div><\/strong><\/li>\n<li style=\"font-weight: 400;\">Per\u00edodo de matr\u00edcula do candidato classificado para preenchimento das vagas &#8211;\u00a0<strong>Ver cronograma abaixo<\/strong><\/li>\n<li style=\"font-weight: 400;\"><span style=\"font-weight: 400;\">In\u00edcio das aulas &#8211; <strong>Ver cronograma abaixo<\/strong><\/span><\/li>\n<\/ul>\n<\/div>\n<\/div>\n<\/div>\n<\/div>\n<p>&nbsp;<\/p>\n<p><strong>CRONOGRAMA\u00a0<\/strong><\/p>\n<p>&nbsp;<\/p>\n<ul>\n<li><del>Lan\u00e7amento do Edital:\u00a0<strong>19\/10\/2018<\/strong><\/del><\/li>\n<li><del>Impugna\u00e7\u00e3o do Edital: <strong>22\/10\/2018<\/strong><\/del><\/li>\n<li><del>Per\u00edodo de inscri\u00e7\u00f5es: <strong>23\/10\/18 a 19\/11\/18 (at\u00e9 23h59 do \u00faltimo dia de inscri\u00e7\u00e3o).<\/strong><\/del><\/li>\n<li><del>Divulga\u00e7\u00e3o dos candidatos com as inscri\u00e7\u00f5es deferidas e indeferidas: <strong>23<\/strong><strong>\/11\/18.<\/strong><\/del><\/li>\n<li><del>Per\u00edodo de regulariza\u00e7\u00e3o das inscri\u00e7\u00f5es indeferidas: <strong>24<\/strong><strong>\/11\/18 a 26\/11\/18.<\/strong><\/del><\/li>\n<li><del>Divulga\u00e7\u00e3o do resultado da interposi\u00e7\u00e3o de recursos referente ao resultado das inscri\u00e7\u00f5es:\u00a0<strong>28\/11\/18.<\/strong><\/del><\/li>\n<li><del>Resultado Final das inscri\u00e7\u00f5es deferidas e indeferidas:\u00a0<strong>29\/11\/18.<\/strong><\/del><\/li>\n<li><del>Primeira etapa &#8211; Prova Escrita \u00e0s 14h nas depend\u00eancias do PPGCC em local \u00e0 ser indicado nesta p\u00e1gina eletr\u00f4nica do PPGCC \u00a0(Ver as indica\u00e7\u00f5es do t\u00f3pico acima &#8220;PROVA ESCRITA&#8221;): <strong>07\/12\/18\u00a0<\/strong><\/del><\/li>\n<li><del>Divulga\u00e7\u00e3o do resultado da primeira etapa: <strong>14\/12<\/strong><strong>\/18\u00a0<\/strong><\/del><\/li>\n<li><del>Prazo para recurso ao resultado da primeira etapa: <strong>17\/12\/18 e 18\/12\/18. <\/strong><\/del><\/li>\n<li><del>Divulga\u00e7\u00e3o do resultado final da primeira etapa: <strong>20\/12\/18. <\/strong><\/del><\/li>\n<li><del>Per\u00edodo de realiza\u00e7\u00e3o da avalia\u00e7\u00e3o dos projetos na segunda etapa: <strong>21<\/strong><strong>\/12\/18 a 19\/01\/18.<\/strong><\/del><\/li>\n<li><del>Divulga\u00e7\u00e3o do resultado preliminar da segunda e terceira etapa: <strong>22\/01\/19.<\/strong><\/del><\/li>\n<li><del>Interposi\u00e7\u00e3o de recursos quanto ao resultado da segunda e terceira etapa: <strong>23\/01\/19 e 24\/01\/19.<\/strong><\/del><\/li>\n<li><del>Divulga\u00e7\u00e3o do resultado final do processo seletivo: <strong>25<\/strong><strong>\/01\/19.<\/strong><\/del><\/li>\n<li>Aceite da vaga pelos aprovados &#8211; <strong>01\/02\/2019<\/strong>\u00a0<strong>04\/02\/2019<\/strong><\/li>\n<li>Divulga\u00e7\u00e3o da oferta de Disciplinas 2019.1 &#8211; <strong>04\/02\/2019<\/strong><\/li>\n<li>Per\u00edodo para se reunir com orientador, escolher as disciplinas e tra\u00e7ar objetivos de 2019.1 &#8211; <strong>04\/02\/2019 a 11\/02\/2019<\/strong><\/li>\n<li>Matr\u00edculas de alunos novatos\/veteranos &#8211;\u00a0<strong>11\/02\/2019 a 13\/02\/2019<\/strong><\/li>\n<li>\u00a0Inicio das aulas &#8211;\u00a0<strong>18\/02\/2019<\/strong><\/li>\n<\/ul>\n<p><strong>INSCRI\u00c7\u00d5ES<\/strong><\/p>\n<p>Para realizar a inscri\u00e7\u00e3o, basta acessar o Menu &#8220;<strong>Inscri\u00e7\u00e3o de candidatos<\/strong>&#8221; na aba &#8220;<strong>Processo Seletivo 2019.1<\/strong>&#8220;, ou acessar a p\u00e1gina no link: <a href=\"http:\/\/ppgcc.ifce.edu.br\/?page_id=4289\"><strong>clique aqui para acessar<\/strong>.<\/a><\/p>\n<p><strong>PROVA ESCRITA<\/strong><\/p>\n<ul>\n<li><del>Data de aplica\u00e7\u00e3o da prova escrita: <strong>07\/12\/2018<\/strong>, Sexta, no per\u00edodo da tarde, de 14h \u00e0s 17h no LMT1, bloco de Mec\u00e2nica\u00a0do IFCE Campus Fortaleza na Av. 13 de Maio, 2081 &#8211; Benfica.<\/del><\/li>\n<li><del>Indica\u00e7\u00f5es da localiza\u00e7\u00e3o da sala estar\u00e3o afixadas na portaria dos alunos.<\/del><\/li>\n<li><del>O candidato dever\u00e1 trazer algum documento de identifica\u00e7\u00e3o oficial com foto.<\/del><\/li>\n<li><del>No ambiente da prova, ou seja,<strong> nas depend\u00eancias f\u00edsicas em que ser\u00e1 realizada<\/strong>, n\u00e3o ser\u00e1 permitido o uso pelo candidato de quaisquer <strong>dispositivos eletr\u00f4nicos<\/strong> tais como celulares, smartphones, tablets, calculadoras, etc. Os candidatos dever\u00e3o utilizar apenas caneta esferogr\u00e1fica nas cores azul ou preta.<\/del><\/li>\n<li><del>A prova constar\u00e1 de 20 quest\u00f5es objetivas relacionadas aos assuntos previstos no edital que equivalem 70% da nota e de 1(uma) quest\u00e3o dissertativa escolhida dentre um dos temas\/subtemas apresentados de no m\u00ednimo 20 e no m\u00e1ximo 25 linhas compondo os 30% restantes da nota.<\/del><\/li>\n<li><del>Quaisquer altera\u00e7\u00f5es destas informa\u00e7\u00f5es ser\u00e3o divulgadas nesta p\u00e1gina em at\u00e9 3 dias de anteced\u00eancia da data da prova.<\/del><\/li>\n<\/ul>\n<div style=\"color: #454c43;\"><span style=\"color: #000000;\"><strong>DISTRIBUI\u00c7\u00c3O DAS VAGAS\u00a0<\/strong><\/span><\/div>\n<p>As 27\u00a0vagas ofertadas neste edital est\u00e3o distribu\u00eddas em 7\u00a0temas de pesquisa dentro do PPGCC, conforme segue (ver Anexo I do edital para ver descri\u00e7\u00e3o dos temas):<\/p>\n<ul>\n<li>Intelig\u00eancia Artificial\u00a0(6 vagas)<\/li>\n<li>Vis\u00e3o Computacional (7 vagas)<\/li>\n<li style=\"color: #454c43;\">Internet das Coisas (4 vagas)<\/li>\n<li style=\"color: #454c43;\">Computa\u00e7\u00e3o aplicada \u00e0 Educa\u00e7\u00e3o (2 vagas)<\/li>\n<li>Sistemas Embarcados (5 vagas)<\/li>\n<li style=\"color: #454c43;\">Redes de Computadores \/ Sistemas Distribu\u00eddos (3 vagas)<\/li>\n<\/ul>\n<div style=\"color: #454c43;\"><\/div>\n<div style=\"color: #454c43;\">Esteja atento aos seguintes pontos:<\/div>\n<ul>\n<li><strong>N\u00e3o h\u00e1 taxa de inscri\u00e7\u00e3o<\/strong><\/li>\n<li><span style=\"text-decoration: underline;\"><strong>As aulas do programa acontecer\u00e3o nos Campi Fortaleza e\/ou Maracana\u00fa de acordo com o indicado pelo professor titular da disciplina.<\/strong><\/span><\/li>\n<li><strong>Quest\u00f5es podem ser enviadas ao email\u00a0do programa pelo formul\u00e1rio de contato (<a href=\"http:\/\/ppgcc.ifce.edu.br\/?page_id=16\">clique aqui para acessar<\/a>) ou para o email coord@ppgcc.ifce.edu.br.<\/strong><\/li>\n<\/ul>\n","protected":false},"excerpt":{"rendered":"<p>INFORMA\u00c7\u00d5ES GERAIS Est\u00e3o abertas as inscri\u00e7\u00f5es para o Processo Seletivo do Mestrado em Ci\u00eancia da Computa\u00e7\u00e3o do Instituto Federal do Cear\u00e1\u00a0(PPGCC\/IFCE) para a turma de 2019.1. O Mestrado tem como p\u00fablico alvo\u00a0os portadores de diploma oficial ou reconhecido (ou ainda certificado de conclus\u00e3o, em car\u00e1ter provis\u00f3rio) de curso superior de licenciatura plena, de bacharelado ou [&hellip;]<\/p>\n","protected":false},"author":13,"featured_media":0,"parent":14,"menu_order":0,"comment_status":"closed","ping_status":"closed","template":"","meta":{"footnotes":""},"class_list":["post-12534","page","type-page","status-publish","hentry"],"_links":{"self":[{"href":"https:\/\/ppgcc.ifce.edu.br\/index.php?rest_route=\/wp\/v2\/pages\/12534","targetHints":{"allow":["GET"]}}],"collection":[{"href":"https:\/\/ppgcc.ifce.edu.br\/index.php?rest_route=\/wp\/v2\/pages"}],"about":[{"href":"https:\/\/ppgcc.ifce.edu.br\/index.php?rest_route=\/wp\/v2\/types\/page"}],"author":[{"embeddable":true,"href":"https:\/\/ppgcc.ifce.edu.br\/index.php?rest_route=\/wp\/v2\/users\/13"}],"replies":[{"embeddable":true,"href":"https:\/\/ppgcc.ifce.edu.br\/index.php?rest_route=%2Fwp%2Fv2%2Fcomments&post=12534"}],"version-history":[{"count":16,"href":"https:\/\/ppgcc.ifce.edu.br\/index.php?rest_route=\/wp\/v2\/pages\/12534\/revisions"}],"predecessor-version":[{"id":15658,"href":"https:\/\/ppgcc.ifce.edu.br\/index.php?rest_route=\/wp\/v2\/pages\/12534\/revisions\/15658"}],"up":[{"embeddable":true,"href":"https:\/\/ppgcc.ifce.edu.br\/index.php?rest_route=\/wp\/v2\/pages\/14"}],"wp:attachment":[{"href":"https:\/\/ppgcc.ifce.edu.br\/index.php?rest_route=%2Fwp%2Fv2%2Fmedia&parent=12534"}],"curies":[{"name":"wp","href":"https:\/\/api.w.org\/{rel}","templated":true}]}}