{"id":125,"date":"2014-05-22T20:45:28","date_gmt":"2014-05-22T23:45:28","guid":{"rendered":"http:\/\/ppgcc.ifce.edu.br\/?page_id=125"},"modified":"2016-07-12T20:38:44","modified_gmt":"2016-07-12T23:38:44","slug":"alunos-especiais","status":"publish","type":"page","link":"https:\/\/ppgcc.ifce.edu.br\/?page_id=125","title":{"rendered":"Alunos Especiais"},"content":{"rendered":"<p>No momento o PPGCC n\u00e3o aceita inscri\u00e7\u00f5es para alunos especiais.<\/p>\n","protected":false},"excerpt":{"rendered":"<p>No momento o PPGCC n\u00e3o aceita inscri\u00e7\u00f5es para alunos especiais.<\/p>\n","protected":false},"author":1,"featured_media":0,"parent":14,"menu_order":0,"comment_status":"closed","ping_status":"closed","template":"","meta":{"footnotes":""},"class_list":["post-125","page","type-page","status-publish","hentry"],"_links":{"self":[{"href":"https:\/\/ppgcc.ifce.edu.br\/index.php?rest_route=\/wp\/v2\/pages\/125","targetHints":{"allow":["GET"]}}],"collection":[{"href":"https:\/\/ppgcc.ifce.edu.br\/index.php?rest_route=\/wp\/v2\/pages"}],"about":[{"href":"https:\/\/ppgcc.ifce.edu.br\/index.php?rest_route=\/wp\/v2\/types\/page"}],"author":[{"embeddable":true,"href":"https:\/\/ppgcc.ifce.edu.br\/index.php?rest_route=\/wp\/v2\/users\/1"}],"replies":[{"embeddable":true,"href":"https:\/\/ppgcc.ifce.edu.br\/index.php?rest_route=%2Fwp%2Fv2%2Fcomments&post=125"}],"version-history":[{"count":4,"href":"https:\/\/ppgcc.ifce.edu.br\/index.php?rest_route=\/wp\/v2\/pages\/125\/revisions"}],"predecessor-version":[{"id":603,"href":"https:\/\/ppgcc.ifce.edu.br\/index.php?rest_route=\/wp\/v2\/pages\/125\/revisions\/603"}],"up":[{"embeddable":true,"href":"https:\/\/ppgcc.ifce.edu.br\/index.php?rest_route=\/wp\/v2\/pages\/14"}],"wp:attachment":[{"href":"https:\/\/ppgcc.ifce.edu.br\/index.php?rest_route=%2Fwp%2Fv2%2Fmedia&parent=125"}],"curies":[{"name":"wp","href":"https:\/\/api.w.org\/{rel}","templated":true}]}}