{"id":1219,"date":"2017-06-06T15:05:09","date_gmt":"2017-06-06T18:05:09","guid":{"rendered":"http:\/\/ppgcc.ifce.edu.br\/?page_id=1219"},"modified":"2017-11-13T17:38:30","modified_gmt":"2017-11-13T20:38:30","slug":"inscricao-para-o-mestrado-2018","status":"publish","type":"page","link":"https:\/\/ppgcc.ifce.edu.br\/?page_id=1219","title":{"rendered":"Inscri\u00e7\u00e3o para o Mestrado 2018"},"content":{"rendered":"<h1><span style=\"color: #333333;\">PPGARTES<\/span><\/h1>\n<h1>Programa de P\u00f3s-Gradua\u00e7\u00e3o em Artes<\/h1>\n\n","protected":false},"excerpt":{"rendered":"<p>PPGARTES Programa de P\u00f3s-Gradua\u00e7\u00e3o em Artes<\/p>\n","protected":false},"author":1,"featured_media":0,"parent":550,"menu_order":0,"comment_status":"closed","ping_status":"open","template":"templates\/fullwidth.php","meta":{"footnotes":""},"class_list":["post-1219","page","type-page","status-publish","hentry"],"_links":{"self":[{"href":"https:\/\/ppgcc.ifce.edu.br\/index.php?rest_route=\/wp\/v2\/pages\/1219","targetHints":{"allow":["GET"]}}],"collection":[{"href":"https:\/\/ppgcc.ifce.edu.br\/index.php?rest_route=\/wp\/v2\/pages"}],"about":[{"href":"https:\/\/ppgcc.ifce.edu.br\/index.php?rest_route=\/wp\/v2\/types\/page"}],"author":[{"embeddable":true,"href":"https:\/\/ppgcc.ifce.edu.br\/index.php?rest_route=\/wp\/v2\/users\/1"}],"replies":[{"embeddable":true,"href":"https:\/\/ppgcc.ifce.edu.br\/index.php?rest_route=%2Fwp%2Fv2%2Fcomments&post=1219"}],"version-history":[{"count":2,"href":"https:\/\/ppgcc.ifce.edu.br\/index.php?rest_route=\/wp\/v2\/pages\/1219\/revisions"}],"predecessor-version":[{"id":1627,"href":"https:\/\/ppgcc.ifce.edu.br\/index.php?rest_route=\/wp\/v2\/pages\/1219\/revisions\/1627"}],"up":[{"embeddable":true,"href":"https:\/\/ppgcc.ifce.edu.br\/index.php?rest_route=\/wp\/v2\/pages\/550"}],"wp:attachment":[{"href":"https:\/\/ppgcc.ifce.edu.br\/index.php?rest_route=%2Fwp%2Fv2%2Fmedia&parent=1219"}],"curies":[{"name":"wp","href":"https:\/\/api.w.org\/{rel}","templated":true}]}}