{"id":12,"date":"2014-05-22T18:47:28","date_gmt":"2014-05-22T18:47:28","guid":{"rendered":"http:\/\/ppgcc.ifce.edu.br\/?page_id=12"},"modified":"2025-03-25T23:32:28","modified_gmt":"2025-03-26T02:32:28","slug":"estrutura-curricular","status":"publish","type":"page","link":"https:\/\/ppgcc.ifce.edu.br\/?page_id=12","title":{"rendered":"Estrutura curricular"},"content":{"rendered":"<h1><span style=\"font-weight: bold;\">\u00c1rea de Concentra\u00e7\u00e3o: <\/span>Sistemas de Computa\u00e7\u00e3o<\/h1>\n<p><span style=\"font-weight: bold;\">Carga Hor\u00e1ria: <\/span>60 (4 cr\u00e9ditos)<\/p>\n<p>Total de cr\u00e9ditos a cumprir em disciplinas: 24 (360 horas), incluindo a disciplina obrigat\u00f3ria.<\/p>\n<p>\u00a0<\/p>\n<p>Matriz 2022 v.2.1 (atualizada em 2024) (cod. 18762): <a href=\"http:\/\/ppgcc.ifce.edu.br\/wp-content\/uploads\/2025\/03\/Ementas_PPGCC_2024-v2.1.pdf\">Ementas PPGCC_2024<\/a><\/p>\n<p>Matriz 2022 (cod. 18762): <a href=\"http:\/\/ppgcc.ifce.edu.br\/wp-content\/uploads\/2022\/02\/Ementas_PPGCC_2022.pdf\">Ementas_PPGCC_2022<\/a><\/p>\n<p>Matriz 2014 (cod. 5939): <a href=\"http:\/\/ppgcc.ifce.edu.br\/wp-content\/uploads\/2022\/01\/EmentasPPGCC_2014_2.pdf\">Ementas PPGCC_2014<\/a><\/p>\n\n\n<p><\/p>\n\n\n\n<p><\/p>\n","protected":false},"excerpt":{"rendered":"<p>\u00c1rea de Concentra\u00e7\u00e3o: Sistemas de Computa\u00e7\u00e3o Carga Hor\u00e1ria: 60 (4 cr\u00e9ditos) Total de cr\u00e9ditos a cumprir em disciplinas: 24 (360 horas), incluindo a disciplina obrigat\u00f3ria. \u00a0 Matriz 2022 v.2.1 (atualizada em 2024) (cod. 18762): Ementas PPGCC_2024 Matriz 2022 (cod. 18762): Ementas_PPGCC_2022 Matriz 2014 (cod. 5939): Ementas PPGCC_2014<\/p>\n","protected":false},"author":1,"featured_media":0,"parent":0,"menu_order":0,"comment_status":"open","ping_status":"open","template":"","meta":{"footnotes":""},"class_list":["post-12","page","type-page","status-publish","hentry"],"_links":{"self":[{"href":"https:\/\/ppgcc.ifce.edu.br\/index.php?rest_route=\/wp\/v2\/pages\/12","targetHints":{"allow":["GET"]}}],"collection":[{"href":"https:\/\/ppgcc.ifce.edu.br\/index.php?rest_route=\/wp\/v2\/pages"}],"about":[{"href":"https:\/\/ppgcc.ifce.edu.br\/index.php?rest_route=\/wp\/v2\/types\/page"}],"author":[{"embeddable":true,"href":"https:\/\/ppgcc.ifce.edu.br\/index.php?rest_route=\/wp\/v2\/users\/1"}],"replies":[{"embeddable":true,"href":"https:\/\/ppgcc.ifce.edu.br\/index.php?rest_route=%2Fwp%2Fv2%2Fcomments&post=12"}],"version-history":[{"count":16,"href":"https:\/\/ppgcc.ifce.edu.br\/index.php?rest_route=\/wp\/v2\/pages\/12\/revisions"}],"predecessor-version":[{"id":18936,"href":"https:\/\/ppgcc.ifce.edu.br\/index.php?rest_route=\/wp\/v2\/pages\/12\/revisions\/18936"}],"wp:attachment":[{"href":"https:\/\/ppgcc.ifce.edu.br\/index.php?rest_route=%2Fwp%2Fv2%2Fmedia&parent=12"}],"curies":[{"name":"wp","href":"https:\/\/api.w.org\/{rel}","templated":true}]}}