{"id":10040,"date":"2018-03-03T21:16:40","date_gmt":"2018-03-04T00:16:40","guid":{"rendered":"http:\/\/ppgcc.ifce.edu.br\/?page_id=10040"},"modified":"2022-02-23T09:01:46","modified_gmt":"2022-02-23T12:01:46","slug":"solicitacao-de-e-mail-institucional","status":"publish","type":"page","link":"https:\/\/ppgcc.ifce.edu.br\/?page_id=10040","title":{"rendered":"E-mail institucional"},"content":{"rendered":"<p>No preenchimento da solicita\u00e7\u00e3o, o email que ir\u00e1 cadastrar receber\u00e1 o login e senha para entrada no email do PPGCC. Portanto,&nbsp;indique emails alternativos como hotmail, gmail, yahoo, pois estes n\u00e3o apresentaram problemas at\u00e9 o presente momento.<\/p>\n<p>O email do PPGCC (*@ppgcc.ifce.edu.br) est\u00e1 vinculado ao IFCE, mas possui seu acesso pelo gmail, precisando apenas que indique os dados de acesso que ir\u00e1 receber ap\u00f3s o cadastro. Os dados que ir\u00e1 submeter abaixo ser\u00e3o utilizados no ato do cadastro, ent\u00e3o fique atento a erros ortogr\u00e1ficos.<\/p>\n<blockquote><p>Leia&nbsp;<a href=\"http:\/\/ppgcc.ifce.edu.br\/?page_id=697\">aqui<\/a>&nbsp;as instru\u00e7\u00f5es para o <strong>novo<\/strong> procedimento de solicita\u00e7\u00f5es do PPGCC.<\/p><\/blockquote>\n\n","protected":false},"excerpt":{"rendered":"<p>No preenchimento da solicita\u00e7\u00e3o, o email que ir\u00e1 cadastrar receber\u00e1 o login e senha para entrada no email do PPGCC. Portanto,&nbsp;indique emails alternativos como hotmail, gmail, yahoo, pois estes n\u00e3o apresentaram problemas at\u00e9 o presente momento. O email do PPGCC (*@ppgcc.ifce.edu.br) est\u00e1 vinculado ao IFCE, mas possui seu acesso pelo gmail, precisando apenas que indique [&hellip;]<\/p>\n","protected":false},"author":13,"featured_media":0,"parent":697,"menu_order":0,"comment_status":"closed","ping_status":"closed","template":"","meta":{"footnotes":""},"class_list":["post-10040","page","type-page","status-publish","hentry"],"_links":{"self":[{"href":"https:\/\/ppgcc.ifce.edu.br\/index.php?rest_route=\/wp\/v2\/pages\/10040","targetHints":{"allow":["GET"]}}],"collection":[{"href":"https:\/\/ppgcc.ifce.edu.br\/index.php?rest_route=\/wp\/v2\/pages"}],"about":[{"href":"https:\/\/ppgcc.ifce.edu.br\/index.php?rest_route=\/wp\/v2\/types\/page"}],"author":[{"embeddable":true,"href":"https:\/\/ppgcc.ifce.edu.br\/index.php?rest_route=\/wp\/v2\/users\/13"}],"replies":[{"embeddable":true,"href":"https:\/\/ppgcc.ifce.edu.br\/index.php?rest_route=%2Fwp%2Fv2%2Fcomments&post=10040"}],"version-history":[{"count":5,"href":"https:\/\/ppgcc.ifce.edu.br\/index.php?rest_route=\/wp\/v2\/pages\/10040\/revisions"}],"predecessor-version":[{"id":17305,"href":"https:\/\/ppgcc.ifce.edu.br\/index.php?rest_route=\/wp\/v2\/pages\/10040\/revisions\/17305"}],"up":[{"embeddable":true,"href":"https:\/\/ppgcc.ifce.edu.br\/index.php?rest_route=\/wp\/v2\/pages\/697"}],"wp:attachment":[{"href":"https:\/\/ppgcc.ifce.edu.br\/index.php?rest_route=%2Fwp%2Fv2%2Fmedia&parent=10040"}],"curies":[{"name":"wp","href":"https:\/\/api.w.org\/{rel}","templated":true}]}}