{"id":10,"date":"2014-05-22T18:47:16","date_gmt":"2014-05-22T18:47:16","guid":{"rendered":"http:\/\/ppgcc.ifce.edu.br\/?page_id=10"},"modified":"2025-11-07T16:42:13","modified_gmt":"2025-11-07T19:42:13","slug":"corpo-docente","status":"publish","type":"page","link":"https:\/\/ppgcc.ifce.edu.br\/?page_id=10","title":{"rendered":"Corpo Docente"},"content":{"rendered":"<p><strong>Membros Permanentes &#8211; Conselho de P\u00f3s-Gradua\u00e7\u00e3o<\/strong><\/p>\n<ol>\n<li>Ajalmar Rego da Rocha Neto (IA) <a href=\"http:\/\/lattes.cnpq.br\/4524723055652545\"><img loading=\"lazy\" decoding=\"async\" class=\"alignnone wp-image-58\" src=\"http:\/\/ppgcc.ifce.edu.br\/wp-content\/uploads\/2014\/05\/Icon_lattes.jpg\" alt=\"Icon_lattes\" width=\"15\" height=\"18\" \/><\/a>\u00a0<strong><a href=\"https:\/\/orcid.org\/0000-0002-4512-5531\" data-wplink-url-error=\"true\"><img loading=\"lazy\" decoding=\"async\" class=\"alignnone wp-image-17026\" src=\"http:\/\/ppgcc.ifce.edu.br\/wp-content\/uploads\/2022\/01\/orcid-og-image-e1643295381278-150x150.png\" alt=\"\" width=\"20\" height=\"20\" \/><\/a>\u00a0<\/strong>ajalmar@ifce.edu.br<\/li>\n<li>Amauri Holanda de Souza J\u00fanior (IA) <a href=\"http:\/\/lattes.cnpq.br\/2629504708221802\"><img loading=\"lazy\" decoding=\"async\" class=\"alignnone wp-image-58\" src=\"http:\/\/ppgcc.ifce.edu.br\/wp-content\/uploads\/2014\/05\/Icon_lattes.jpg\" alt=\"Icon_lattes\" width=\"15\" height=\"18\" \/><\/a><strong> <a href=\"https:\/\/orcid.org\/0000-0002-2912-0781\" data-wplink-url-error=\"true\"><img loading=\"lazy\" decoding=\"async\" class=\"alignnone wp-image-17026\" src=\"http:\/\/ppgcc.ifce.edu.br\/wp-content\/uploads\/2022\/01\/orcid-og-image-e1643295381278-150x150.png\" alt=\"\" width=\"20\" height=\"20\" \/><\/a><\/strong> amauriholanda@ifce.edu.br \u00a0 \u00a0[Comiss.P\u00f3s. suplente]<\/li>\n<li>Antonio Mauro Barbosa de Oliveira (CA) <a href=\"http:\/\/lattes.cnpq.br\/1357467185030086\"><img loading=\"lazy\" decoding=\"async\" class=\"alignnone wp-image-58\" src=\"http:\/\/ppgcc.ifce.edu.br\/wp-content\/uploads\/2014\/05\/Icon_lattes.jpg\" alt=\"Icon_lattes\" width=\"15\" height=\"18\" \/><\/a> <strong><a href=\"https:\/\/orcid.org\/0000-0002-7898-9440\" data-wplink-url-error=\"true\"><img loading=\"lazy\" decoding=\"async\" class=\"alignnone wp-image-17026\" src=\"http:\/\/ppgcc.ifce.edu.br\/wp-content\/uploads\/2022\/01\/orcid-og-image-e1643295381278-150x150.png\" alt=\"\" width=\"20\" height=\"20\" \/><\/a>\u00a0<\/strong>mauro@ifce.edu.br \u00a0 \u00a0[Comiss.P\u00f3s. Titular]<\/li>\n<li>Antonio Wendell de O Rodrigues (RCSD) <a href=\"http:\/\/lattes.cnpq.br\/5147756865751360\"><img loading=\"lazy\" decoding=\"async\" class=\"alignnone wp-image-58\" src=\"http:\/\/ppgcc.ifce.edu.br\/wp-content\/uploads\/2014\/05\/Icon_lattes.jpg\" alt=\"Icon_lattes\" width=\"15\" height=\"18\" \/><\/a> <strong><a href=\"https:\/\/orcid.org\/0000-0001-6140-3610\" data-wplink-url-error=\"true\"><img loading=\"lazy\" decoding=\"async\" class=\"alignnone wp-image-17026\" src=\"http:\/\/ppgcc.ifce.edu.br\/wp-content\/uploads\/2022\/01\/orcid-og-image-e1643295381278-150x150.png\" alt=\"\" width=\"20\" height=\"20\" \/><\/a> \u00a0<\/strong> (RCSD)wendell@ifce.edu.br [Comiss.P\u00f3s. suplente]<\/li>\n<li>Carina Teixeira de Oliveira (RCSD)\u00a0<a href=\"http:\/\/lattes.cnpq.br\/2893590409825756\"><img loading=\"lazy\" decoding=\"async\" class=\"alignnone wp-image-58\" src=\"http:\/\/ppgcc.ifce.edu.br\/wp-content\/uploads\/2014\/05\/Icon_lattes.jpg\" alt=\"Icon_lattes\" width=\"15\" height=\"18\" \/><\/a> <strong><a href=\"https:\/\/orcid.org\/0000-0003-2820-9431\" data-wplink-url-error=\"true\"><img loading=\"lazy\" decoding=\"async\" class=\"alignnone wp-image-17026\" src=\"http:\/\/ppgcc.ifce.edu.br\/wp-content\/uploads\/2022\/01\/orcid-og-image-e1643295381278-150x150.png\" alt=\"\" width=\"20\" height=\"20\" \/><\/a> \u00a0<\/strong>carina.oliveira@ifce.edu.br<\/li>\n<li>Carlos Maur\u00edcio Jaborandy de M Dourado J\u00fanior (IA) <a href=\"http:\/\/lattes.cnpq.br\/7559969132845272\"><img loading=\"lazy\" decoding=\"async\" class=\"alignnone wp-image-58\" src=\"http:\/\/ppgcc.ifce.edu.br\/wp-content\/uploads\/2014\/05\/Icon_lattes.jpg\" alt=\"Icon_lattes\" width=\"15\" height=\"18\" \/><\/a> <strong><a href=\"https:\/\/orcid.org\/0000-0002-5137-1018\" data-wplink-url-error=\"true\"><img loading=\"lazy\" decoding=\"async\" class=\"alignnone wp-image-17026\" src=\"http:\/\/ppgcc.ifce.edu.br\/wp-content\/uploads\/2022\/01\/orcid-og-image-e1643295381278-150x150.png\" alt=\"\" width=\"20\" height=\"20\" \/><\/a>\u00a0<\/strong>mauriciodourado@ifce.edu.br<\/li>\n<li>Cidcley Teixeira de Souza (RCSD)\u00a0<a href=\"http:\/\/lattes.cnpq.br\/8431323844701530\"><img loading=\"lazy\" decoding=\"async\" class=\"alignnone wp-image-58\" src=\"http:\/\/ppgcc.ifce.edu.br\/wp-content\/uploads\/2014\/05\/Icon_lattes.jpg\" alt=\"Icon_lattes\" width=\"15\" height=\"18\" \/><\/a> <strong><a href=\"https:\/\/orcid.org\/0000-0001-8517-1519\" data-wplink-url-error=\"true\"><img loading=\"lazy\" decoding=\"async\" class=\"alignnone wp-image-17026\" src=\"http:\/\/ppgcc.ifce.edu.br\/wp-content\/uploads\/2022\/01\/orcid-og-image-e1643295381278-150x150.png\" alt=\"\" width=\"20\" height=\"20\" \/><\/a>\u00a0<\/strong>cidcley@ifce.edu.br<\/li>\n<li>Claudio Marques de S\u00e1 Medeiros (IA) <a href=\"http:\/\/lattes.cnpq.br\/6151383171162544\"><img loading=\"lazy\" decoding=\"async\" class=\"alignnone wp-image-58\" src=\"http:\/\/ppgcc.ifce.edu.br\/wp-content\/uploads\/2014\/05\/Icon_lattes.jpg\" alt=\"Icon_lattes\" width=\"15\" height=\"18\" \/><\/a> <strong><a href=\"https:\/\/orcid.org\/0000-0002-1663-8151\" data-wplink-url-error=\"true\"><img loading=\"lazy\" decoding=\"async\" class=\"alignnone wp-image-17026\" src=\"http:\/\/ppgcc.ifce.edu.br\/wp-content\/uploads\/2022\/01\/orcid-og-image-e1643295381278-150x150.png\" alt=\"\" width=\"20\" height=\"20\" \/><\/a>\u00a0<\/strong>claudiosa@ifce.edu.br<\/li>\n<li>Corneli Gomes Furtado J\u00fanior (RCSD) <a href=\"http:\/\/buscatextual.cnpq.br\/buscatextual\/visualizacv.do?id=K4779447J6\"><img loading=\"lazy\" decoding=\"async\" class=\"alignnone wp-image-58\" src=\"http:\/\/ppgcc.ifce.edu.br\/wp-content\/uploads\/2014\/05\/Icon_lattes.jpg\" alt=\"Icon_lattes\" width=\"15\" height=\"18\" \/><\/a> <strong><a href=\"https:\/\/orcid.org\/0000-0001-7055-7486\" data-wplink-url-error=\"true\"><img loading=\"lazy\" decoding=\"async\" class=\"alignnone wp-image-17026\" src=\"http:\/\/ppgcc.ifce.edu.br\/wp-content\/uploads\/2022\/01\/orcid-og-image-e1643295381278-150x150.png\" alt=\"\" width=\"20\" height=\"20\" \/><\/a>\u00a0<\/strong>cjunior@ifce.edu.br<\/li>\n<li>Elias Teodoro da Silva Junior (IA, PDI) <a href=\"http:\/\/lattes.cnpq.br\/9405844293925084\"><img loading=\"lazy\" decoding=\"async\" class=\"alignnone wp-image-58\" src=\"http:\/\/ppgcc.ifce.edu.br\/wp-content\/uploads\/2014\/05\/Icon_lattes.jpg\" alt=\"Icon_lattes\" width=\"15\" height=\"18\" \/><\/a> <strong><a href=\"https:\/\/orcid.org\/0000-0001-6695-9685\" data-wplink-url-error=\"true\"><img loading=\"lazy\" decoding=\"async\" class=\"alignnone wp-image-17026\" src=\"http:\/\/ppgcc.ifce.edu.br\/wp-content\/uploads\/2022\/01\/orcid-og-image-e1643295381278-150x150.png\" alt=\"\" width=\"20\" height=\"20\" \/><\/a> <\/strong>elias@ifce.edu.br \u00a0 \u00a0[Coord.]<\/li>\n<li>Francisco Nivando Bezerra (PDI) <a href=\"http:\/\/lattes.cnpq.br\/6633009717485302\"><img loading=\"lazy\" decoding=\"async\" class=\"alignnone wp-image-58\" src=\"http:\/\/ppgcc.ifce.edu.br\/wp-content\/uploads\/2014\/05\/Icon_lattes.jpg\" alt=\"Icon_lattes\" width=\"15\" height=\"18\" \/><\/a> <strong><a href=\"https:\/\/orcid.org\/0000-0002-8515-4038\" data-wplink-url-error=\"true\"><img loading=\"lazy\" decoding=\"async\" class=\"alignnone wp-image-17026\" src=\"http:\/\/ppgcc.ifce.edu.br\/wp-content\/uploads\/2022\/01\/orcid-og-image-e1643295381278-150x150.png\" alt=\"\" width=\"20\" height=\"20\" \/><\/a> <\/strong>nivando@ifce.edu.br<\/li>\n<li>Geraldo Luis Bezerra Ramalho (IA, PDI) <a href=\"http:\/\/lattes.cnpq.br\/2616818240703655\"><img loading=\"lazy\" decoding=\"async\" class=\"alignnone wp-image-58\" src=\"http:\/\/ppgcc.ifce.edu.br\/wp-content\/uploads\/2014\/05\/Icon_lattes.jpg\" alt=\"Icon_lattes\" width=\"15\" height=\"18\" \/><\/a> <strong><a href=\"https:\/\/orcid.org\/ 0000-0003-1872-3250\" data-wplink-url-error=\"true\"><img loading=\"lazy\" decoding=\"async\" class=\"alignnone wp-image-17026\" src=\"http:\/\/ppgcc.ifce.edu.br\/wp-content\/uploads\/2022\/01\/orcid-og-image-e1643295381278-150x150.png\" alt=\"\" width=\"20\" height=\"20\" \/><\/a><\/strong>\u00a0gramalho@ifce.edu.br<\/li>\n<li>Jos\u00e9 Daniel de Alencar Santos (IA) <a href=\"http:\/\/lattes.cnpq.br\/1123307163858590\"><img loading=\"lazy\" decoding=\"async\" class=\"alignnone wp-image-58\" src=\"http:\/\/ppgcc.ifce.edu.br\/wp-content\/uploads\/2014\/05\/Icon_lattes.jpg\" alt=\"Icon_lattes\" width=\"15\" height=\"18\" \/><\/a> <strong><a href=\"https:\/\/orcid.org\/0000-0002-0649-8044\" data-wplink-url-error=\"true\"><img loading=\"lazy\" decoding=\"async\" class=\"alignnone wp-image-17026\" src=\"http:\/\/ppgcc.ifce.edu.br\/wp-content\/uploads\/2022\/01\/orcid-og-image-e1643295381278-150x150.png\" alt=\"\" width=\"20\" height=\"20\" \/><\/a>\u00a0<\/strong>jdaniel@ifce.edu.br<\/li>\n<li>Ot\u00e1vio Alc\u00e2ntara de Lima J\u00fanior (RCSD)\u00a0 <a href=\"http:\/\/buscatextual.cnpq.br\/buscatextual\/visualizacv.do?id=K4779247D6\"><img loading=\"lazy\" decoding=\"async\" class=\"alignnone wp-image-58\" src=\"http:\/\/ppgcc.ifce.edu.br\/wp-content\/uploads\/2014\/05\/Icon_lattes.jpg\" alt=\"Icon_lattes\" width=\"15\" height=\"18\" \/><\/a> <strong><a href=\"https:\/\/orcid.org\/0000-0003-3466-3702\" data-wplink-url-error=\"true\"><img loading=\"lazy\" decoding=\"async\" class=\"alignnone wp-image-17026\" src=\"http:\/\/ppgcc.ifce.edu.br\/wp-content\/uploads\/2022\/01\/orcid-og-image-e1643295381278-150x150.png\" alt=\"\" width=\"20\" height=\"20\" \/><\/a>\u00a0<\/strong>otavio@ifce.edu.br<\/li>\n<li>Pedro Pedrosa Rebou\u00e7as Filho (IA, PDI) <a href=\"http:\/\/lattes.cnpq.br\/4347965302097614\"><img loading=\"lazy\" decoding=\"async\" class=\"alignnone wp-image-58\" src=\"http:\/\/ppgcc.ifce.edu.br\/wp-content\/uploads\/2014\/05\/Icon_lattes.jpg\" alt=\"Icon_lattes\" width=\"15\" height=\"18\" \/><\/a> <strong><a href=\"https:\/\/orcid.org\/0000-0002-1878-5489\" data-wplink-url-error=\"true\"><img loading=\"lazy\" decoding=\"async\" class=\"alignnone wp-image-17026\" src=\"http:\/\/ppgcc.ifce.edu.br\/wp-content\/uploads\/2022\/01\/orcid-og-image-e1643295381278-150x150.png\" alt=\"\" width=\"20\" height=\"20\" \/><\/a>\u00a0<\/strong>pedrosarf@ifce.edu.br<\/li>\n<li>Reinaldo Bezerra Braga (RCSD) <a href=\"http:\/\/lattes.cnpq.br\/6508590684390942\"><img loading=\"lazy\" decoding=\"async\" class=\"alignnone wp-image-58\" src=\"http:\/\/ppgcc.ifce.edu.br\/wp-content\/uploads\/2014\/05\/Icon_lattes.jpg\" alt=\"Icon_lattes\" width=\"15\" height=\"18\" \/><\/a> <strong><a href=\"https:\/\/orcid.org\/0000-0003-4942-1239\" data-wplink-url-error=\"true\"><img loading=\"lazy\" decoding=\"async\" class=\"alignnone wp-image-17026\" src=\"http:\/\/ppgcc.ifce.edu.br\/wp-content\/uploads\/2022\/01\/orcid-og-image-e1643295381278-150x150.png\" alt=\"\" width=\"20\" height=\"20\" \/><\/a> <\/strong>reinaldo.braga@ifce.edu.br \u00a0 \u00a0[Comiss.P\u00f3s. Titular]<\/li>\n<li>Saulo Anderson Freitas de Oliveira (IA) <a href=\"http:\/\/lattes.cnpq.br\/9883694006602467\"><img loading=\"lazy\" decoding=\"async\" class=\"alignnone wp-image-58\" src=\"http:\/\/ppgcc.ifce.edu.br\/wp-content\/uploads\/2014\/05\/Icon_lattes.jpg\" alt=\"Icon_lattes\" width=\"15\" height=\"18\" \/><\/a> <strong><a href=\"https:\/\/orcid.org\/0000-0001-6362-6113\" data-wplink-url-error=\"true\"><img loading=\"lazy\" decoding=\"async\" class=\"alignnone wp-image-17026\" src=\"http:\/\/ppgcc.ifce.edu.br\/wp-content\/uploads\/2022\/01\/orcid-og-image-e1643295381278-150x150.png\" alt=\"\" width=\"20\" height=\"20\" \/><\/a>\u00a0<\/strong>saulo.oliveira@ifce.edu.br \u00a0 \u00a0[Vice-coord.]<\/li>\n<li>Thiago Alves Rocha (IA) <a href=\"http:\/\/lattes.cnpq.br\/8341198587637358\"><img loading=\"lazy\" decoding=\"async\" class=\"alignnone wp-image-58\" src=\"http:\/\/ppgcc.ifce.edu.br\/wp-content\/uploads\/2014\/05\/Icon_lattes.jpg\" alt=\"Icon_lattes\" width=\"15\" height=\"18\" \/><\/a> <strong><a href=\"https:\/\/orcid.org\/0000-0001-7037-9683\" data-wplink-url-error=\"true\"><img loading=\"lazy\" decoding=\"async\" class=\"alignnone wp-image-17026\" src=\"http:\/\/ppgcc.ifce.edu.br\/wp-content\/uploads\/2022\/01\/orcid-og-image-e1643295381278-150x150.png\" alt=\"\" width=\"20\" height=\"20\" \/><\/a>\u00a0<\/strong>thiago.alves@ifce.edu.br<\/li>\n<\/ol>\n<p><strong>Membros Colaboradores<\/strong><\/p>\n<ol>\n<li>Antonio Rafael Braga\/UFC (RCSD) <a href=\"http:\/\/lattes.cnpq.br\/8619368183343184\"><img loading=\"lazy\" decoding=\"async\" class=\"alignnone wp-image-58\" src=\"http:\/\/ppgcc.ifce.edu.br\/wp-content\/uploads\/2014\/05\/Icon_lattes.jpg\" alt=\"Icon_lattes\" width=\"15\" height=\"18\" \/><\/a> <strong><a href=\"https:\/\/orcid.org\/0000-0001-9105-9056\" data-wplink-url-error=\"true\"><img loading=\"lazy\" decoding=\"async\" class=\"alignnone wp-image-17026\" src=\"http:\/\/ppgcc.ifce.edu.br\/wp-content\/uploads\/2022\/01\/orcid-og-image-e1643295381278-150x150.png\" alt=\"\" width=\"20\" height=\"20\" \/><\/a> <\/strong>rafaelbraga@ufc.br\u00a0<\/li>\n<li>Roger Moura Sarmento (IA) <a href=\"https:\/\/lattes.cnpq.br\/4112303270543638\"><img loading=\"lazy\" decoding=\"async\" class=\"alignnone wp-image-58\" src=\"http:\/\/ppgcc.ifce.edu.br\/wp-content\/uploads\/2014\/05\/Icon_lattes.jpg\" alt=\"Icon_lattes\" width=\"15\" height=\"18\" \/><\/a> <strong><a href=\"https:\/\/orcid.org\/0000-0002-7557-2818\" data-wplink-url-error=\"true\"><img loading=\"lazy\" decoding=\"async\" class=\"alignnone wp-image-17026\" src=\"http:\/\/ppgcc.ifce.edu.br\/wp-content\/uploads\/2022\/01\/orcid-og-image-e1643295381278-150x150.png\" alt=\"\" width=\"20\" height=\"20\" \/><\/a><\/strong> rogerms@ifce.edu.br\u00a0<\/li>\n<\/ol>\n<p><strong>Coordenador:<\/strong> Elias Teodoro da Silva Junior <strong>(coord@ppgcc.ifce.edu.br)<\/strong><\/p>\n<p><strong>Vice-coordenador:<\/strong> Saulo Anderson Freitas de Oliveira<\/p>\n\n\n<p style=\"font-size:10px\"><\/p>\n","protected":false},"excerpt":{"rendered":"<p>Membros Permanentes &#8211; Conselho de P\u00f3s-Gradua\u00e7\u00e3o Ajalmar Rego da Rocha Neto (IA) \u00a0\u00a0ajalmar@ifce.edu.br Amauri Holanda de Souza J\u00fanior (IA) amauriholanda@ifce.edu.br \u00a0 \u00a0[Comiss.P\u00f3s. suplente] Antonio Mauro Barbosa de Oliveira (CA) \u00a0mauro@ifce.edu.br \u00a0 \u00a0[Comiss.P\u00f3s. Titular] Antonio Wendell de O Rodrigues (RCSD) \u00a0 (RCSD)wendell@ifce.edu.br [Comiss.P\u00f3s. suplente] Carina Teixeira de Oliveira (RCSD)\u00a0 \u00a0carina.oliveira@ifce.edu.br Carlos Maur\u00edcio Jaborandy de M Dourado [&hellip;]<\/p>\n","protected":false},"author":1,"featured_media":0,"parent":0,"menu_order":0,"comment_status":"open","ping_status":"open","template":"","meta":{"footnotes":""},"class_list":["post-10","page","type-page","status-publish","hentry"],"_links":{"self":[{"href":"https:\/\/ppgcc.ifce.edu.br\/index.php?rest_route=\/wp\/v2\/pages\/10","targetHints":{"allow":["GET"]}}],"collection":[{"href":"https:\/\/ppgcc.ifce.edu.br\/index.php?rest_route=\/wp\/v2\/pages"}],"about":[{"href":"https:\/\/ppgcc.ifce.edu.br\/index.php?rest_route=\/wp\/v2\/types\/page"}],"author":[{"embeddable":true,"href":"https:\/\/ppgcc.ifce.edu.br\/index.php?rest_route=\/wp\/v2\/users\/1"}],"replies":[{"embeddable":true,"href":"https:\/\/ppgcc.ifce.edu.br\/index.php?rest_route=%2Fwp%2Fv2%2Fcomments&post=10"}],"version-history":[{"count":102,"href":"https:\/\/ppgcc.ifce.edu.br\/index.php?rest_route=\/wp\/v2\/pages\/10\/revisions"}],"predecessor-version":[{"id":19008,"href":"https:\/\/ppgcc.ifce.edu.br\/index.php?rest_route=\/wp\/v2\/pages\/10\/revisions\/19008"}],"wp:attachment":[{"href":"https:\/\/ppgcc.ifce.edu.br\/index.php?rest_route=%2Fwp%2Fv2%2Fmedia&parent=10"}],"curies":[{"name":"wp","href":"https:\/\/api.w.org\/{rel}","templated":true}]}}